{"id":2065,"date":"2020-08-05T11:51:32","date_gmt":"2020-08-05T09:51:32","guid":{"rendered":"http:\/\/nmc.sk\/?page_id=2065"},"modified":"2021-09-27T23:52:20","modified_gmt":"2021-09-27T21:52:20","slug":"petr-havelka","status":"publish","type":"page","link":"https:\/\/nmc.sk\/en\/petr-havelka\/","title":{"rendered":"Petr Havelka"},"content":{"rendered":"<div class=\"wpb-content-wrapper\"><p>[vc_row full_width=&#8221;stretch_row&#8221; remove_padding=&#8221;no-padding-vc-row&#8221; bg_type=&#8221;grad&#8221; bg_grad=&#8221;background: -webkit-gradient(linear, left top, left bottom, color-stop(12%, #E6CA4F), color-stop(45%, #E6CA4F), color-stop(57%, #D79F28), color-stop(100%, #E6CA4F));background: -moz-linear-gradient(top,#E6CA4F 12%,#E6CA4F 45%,#D79F28 57%,#E6CA4F 100%);background: -webkit-linear-gradient(top,#E6CA4F 12%,#E6CA4F 45%,#D79F28 57%,#E6CA4F 100%);background: -o-linear-gradient(top,#E6CA4F 12%,#E6CA4F 45%,#D79F28 57%,#E6CA4F 100%);background: -ms-linear-gradient(top,#E6CA4F 12%,#E6CA4F 45%,#D79F28 57%,#E6CA4F 100%);background: linear-gradient(top,#E6CA4F 12%,#E6CA4F 45%,#D79F28 57%,#E6CA4F 100%);&#8221;][vc_column]<div class=\"ult-content-box-container \" >\t\t<div class=\"ult-content-box\" style=\"box-shadow: px px px px none;-webkit-transition: all 700ms ease;-moz-transition: all 700ms ease;-ms-transition: all 700ms ease;-o-transition: all 700ms ease;transition: all 700ms ease;\"  data-hover_box_shadow=\"none\"    >[vc_row_inner content_placement=&#8221;middle&#8221;][vc_column_inner width=&#8221;1\/4&#8243;][vc_single_image image=&#8221;2066&#8243; img_size=&#8221;full&#8221; alignment=&#8221;center&#8221; style=&#8221;vc_box_border_circle_2&#8243; border_color=&#8221;white&#8221; css_animation=&#8221;right-to-left&#8221; css=&#8221;.vc_custom_1596620987025{padding-top: 150px !important;}&#8221;][vc_empty_space height=&#8221;200&#8243;][\/vc_column_inner][vc_column_inner width=&#8221;3\/4&#8243; css=&#8221;.vc_custom_1596614331624{padding-left: 50px !important;}&#8221;][vc_empty_space height=&#8221;10&#8243;][vc_custom_heading text=&#8221;11th INTERNATIONAL EXPERTS&#8217; CONFERENCE&#8221; font_container=&#8221;tag:h3|font_size:20|text_align:left|color:%230a0a0a|line_height:1&#8243; google_fonts=&#8221;font_family:Open%20Sans%3A300%2C300italic%2Cregular%2Citalic%2C600%2C600italic%2C700%2C700italic%2C800%2C800italic&#8221;][vc_custom_heading text=&#8221;ENVIROMANAGEMENT 2021&#8243; font_container=&#8221;tag:h3|font_size:32|text_align:left|color:%23ad643a|line_height:1&#8243; google_fonts=&#8221;font_family:Open%20Sans%3A300%2C300italic%2Cregular%2Citalic%2C600%2C600italic%2C700%2C700italic%2C800%2C800italic&#8221; css_animation=&#8221;none&#8221;][vc_empty_space height=&#8221;10&#8243;][vc_custom_heading text=&#8221;WASTE INFRASTRUCTURE&#8221; font_container=&#8221;tag:h3|font_size:32|text_align:left|line_height:1&#8243; google_fonts=&#8221;font_family:Open%20Sans%3A300%2C300italic%2Cregular%2Citalic%2C600%2C600italic%2C700%2C700italic%2C800%2C800italic&#8221;][vc_empty_space height=&#8221;12&#8243;][vc_custom_heading text=&#8221;OCTOBER 4 &#8211; 5, 2021<br \/>\nHOTEL PATRIA****, \u0160TRBSK\u00c9 PLESO, HIGH TATRAS, SLOVAKIA&#8221; font_container=&#8221;tag:h4|font_size:17|text_align:left|color:%23000000|line_height:1.5&#8243; google_fonts=&#8221;font_family:Open%20Sans%3A300%2C300italic%2Cregular%2Citalic%2C600%2C600italic%2C700%2C700italic%2C800%2C800italic&#8221;][vc_empty_space height=&#8221;80&#8243;][\/vc_column_inner][\/vc_row_inner]\t\t<\/div><\/div>[\/vc_column][\/vc_row][vc_row full_width=&#8221;stretch_row&#8221; equal_height=&#8221;yes&#8221; content_placement=&#8221;top&#8221; color_style=&#8221;light&#8221; remove_padding=&#8221;no-padding-vc-row&#8221; bg_type=&#8221;bg_color&#8221; css=&#8221;.vc_custom_1596614996720{padding-top: 50px !important;padding-bottom: 50px !important;}&#8221; bg_color_value=&#8221;#91643e&#8221;][vc_column]<div class=\"ult-content-box-container \" >\t\t<div class=\"ult-content-box\" style=\"box-shadow: px px px px none;-webkit-transition: all 700ms ease;-moz-transition: all 700ms ease;-ms-transition: all 700ms ease;-o-transition: all 700ms ease;transition: all 700ms ease;\"  data-hover_box_shadow=\"none\"    >[vc_row_inner equal_height=&#8221;yes&#8221; content_placement=&#8221;middle&#8221;][vc_column_inner width=&#8221;1\/4&#8243; css=&#8221;.vc_custom_1596615129512{border-bottom-width: 1px !important;background-color: #664425 !important;border-bottom-color: #ffffff !important;border-bottom-style: dotted !important;border-radius: 1px !important;}&#8221;][vc_column_text]<strong>Lecturer<\/strong>[\/vc_column_text][\/vc_column_inner][vc_column_inner width=&#8221;3\/4&#8243; css=&#8221;.vc_custom_1596615104945{border-bottom-width: 1px !important;border-left-width: 1px !important;border-left-color: #ffffff !important;border-left-style: dotted !important;border-bottom-color: #ffffff !important;border-bottom-style: dotted !important;}&#8221;][vc_column_text]<strong>Ing. Petr Havelka<\/strong><\/p>\n<p>Executive Director<br \/>\n\u010cAOH \u2013 The Czech Waste Management Association<\/p>\n<p>Prague<br \/>\nCzech Republic<\/p>\n<p><a href=\"http:\/\/www.caoh.cz\/english.html\"><img loading=\"lazy\" decoding=\"async\" class=\"alignnone size-full wp-image-1601\" src=\"http:\/\/nmc.sk\/wp-content\/uploads\/2018\/04\/CAOH_white.png\" alt=\"\" width=\"200\" height=\"120\" \/><\/a>[\/vc_column_text][\/vc_column_inner][\/vc_row_inner][vc_row_inner equal_height=&#8221;yes&#8221;][vc_column_inner width=&#8221;1\/4&#8243; css=&#8221;.vc_custom_1596615159231{border-bottom-width: 1px !important;background-color: #664425 !important;border-bottom-color: #ffffff !important;border-bottom-style: dotted !important;border-radius: 1px !important;}&#8221;][vc_column_text]<strong>Presentation<\/strong>[\/vc_column_text][\/vc_column_inner][vc_column_inner width=&#8221;3\/4&#8243; css=&#8221;.vc_custom_1596615178119{border-bottom-width: 1px !important;border-left-width: 1px !important;border-left-color: #ffffff !important;border-left-style: dotted !important;border-bottom-color: #ffffff !important;border-bottom-style: dotted !important;border-radius: 1px !important;}&#8221;][vc_column_text]<span style=\"text-decoration: underline;\"><strong>Volume of waste produced in Czech Republic and capacities needed to fulfill EU goals.<\/strong><\/span><\/p>\n<p><em>Mno\u017estv\u00ed produkovan\u00fdch odpad\u016f v \u010cR a pot\u0159ebn\u00e9 kapacity ke spln\u011bn\u00ed c\u00edl\u016f EU.<\/em>[\/vc_column_text][\/vc_column_inner][\/vc_row_inner][vc_row_inner equal_height=&#8221;yes&#8221;][vc_column_inner width=&#8221;1\/4&#8243; css=&#8221;.vc_custom_1596615159231{border-bottom-width: 1px !important;background-color: #664425 !important;border-bottom-color: #ffffff !important;border-bottom-style: dotted !important;border-radius: 1px !important;}&#8221;][vc_column_text]<strong>Key Words<\/strong>[\/vc_column_text][\/vc_column_inner][vc_column_inner width=&#8221;3\/4&#8243; css=&#8221;.vc_custom_1596615178119{border-bottom-width: 1px !important;border-left-width: 1px !important;border-left-color: #ffffff !important;border-left-style: dotted !important;border-bottom-color: #ffffff !important;border-bottom-style: dotted !important;border-radius: 1px !important;}&#8221;][\/vc_column_inner][\/vc_row_inner][vc_row_inner equal_height=&#8221;yes&#8221;][vc_column_inner width=&#8221;1\/4&#8243; css=&#8221;.vc_custom_1596615159231{border-bottom-width: 1px !important;background-color: #664425 !important;border-bottom-color: #ffffff !important;border-bottom-style: dotted !important;border-radius: 1px !important;}&#8221;][vc_column_text]<strong>Annotation<\/strong>[\/vc_column_text][\/vc_column_inner][vc_column_inner width=&#8221;3\/4&#8243; css=&#8221;.vc_custom_1596615178119{border-bottom-width: 1px !important;border-left-width: 1px !important;border-left-color: #ffffff !important;border-left-style: dotted !important;border-bottom-color: #ffffff !important;border-bottom-style: dotted !important;border-radius: 1px !important;}&#8221;][vc_column_text]New European Directives are approved and in force since two years ago. It is obvious that waste will by gradually transferred from managed landfills to other types of facilities. EU has given a clear priority to separation and recycling. Given goal are binding for all member states. Czech Republic for example has some 14 years to move each year more than 1,43 million tons (comparing to current volume) of municipal waste to final recycling. Is the new legislation stimulating new investments in separation and recycling? What is the actual waste production? What investments are in preparation? What are the trends towards possible fulfilling of the binding goals? These topics will be treated in this year\u2019s presentation of Peter Havelka from Czech Association of Waste Management.[\/vc_column_text][\/vc_column_inner][\/vc_row_inner][vc_row_inner equal_height=&#8221;yes&#8221; disable_element=&#8221;yes&#8221;][vc_column_inner width=&#8221;1\/4&#8243; css=&#8221;.vc_custom_1596615159231{border-bottom-width: 1px !important;background-color: #664425 !important;border-bottom-color: #ffffff !important;border-bottom-style: dotted !important;border-radius: 1px !important;}&#8221;][vc_column_text]<strong>Lecturer\u2019s Profile<\/strong>[\/vc_column_text][\/vc_column_inner][vc_column_inner width=&#8221;3\/4&#8243; css=&#8221;.vc_custom_1596615178119{border-bottom-width: 1px !important;border-left-width: 1px !important;border-left-color: #ffffff !important;border-left-style: dotted !important;border-bottom-color: #ffffff !important;border-bottom-style: dotted !important;border-radius: 1px !important;}&#8221;][\/vc_column_inner][\/vc_row_inner][vc_row_inner equal_height=&#8221;yes&#8221; disable_element=&#8221;yes&#8221;][vc_column_inner width=&#8221;1\/4&#8243; css=&#8221;.vc_custom_1596615159231{border-bottom-width: 1px !important;background-color: #664425 !important;border-bottom-color: #ffffff !important;border-bottom-style: dotted !important;border-radius: 1px !important;}&#8221;][vc_column_text]<strong>Organization\u2019s Profile<\/strong>[\/vc_column_text][\/vc_column_inner][vc_column_inner width=&#8221;3\/4&#8243; css=&#8221;.vc_custom_1596615178119{border-bottom-width: 1px !important;border-left-width: 1px !important;border-left-color: #ffffff !important;border-left-style: dotted !important;border-bottom-color: #ffffff !important;border-bottom-style: dotted !important;border-radius: 1px !important;}&#8221;][\/vc_column_inner][\/vc_row_inner][vc_row_inner equal_height=&#8221;yes&#8221; disable_element=&#8221;yes&#8221;][vc_column_inner width=&#8221;1\/4&#8243; css=&#8221;.vc_custom_1596615159231{border-bottom-width: 1px !important;background-color: #664425 !important;border-bottom-color: #ffffff !important;border-bottom-style: dotted !important;border-radius: 1px !important;}&#8221;][vc_column_text]<strong>K\u013e\u00fa\u010dov\u00e9 slov\u00e1<\/strong>[\/vc_column_text][\/vc_column_inner][vc_column_inner width=&#8221;3\/4&#8243; css=&#8221;.vc_custom_1596615178119{border-bottom-width: 1px !important;border-left-width: 1px !important;border-left-color: #ffffff !important;border-left-style: dotted !important;border-bottom-color: #ffffff !important;border-bottom-style: dotted !important;border-radius: 1px !important;}&#8221;][\/vc_column_inner][\/vc_row_inner][vc_row_inner equal_height=&#8221;yes&#8221;][vc_column_inner width=&#8221;1\/4&#8243; css=&#8221;.vc_custom_1596615159231{border-bottom-width: 1px !important;background-color: #664425 !important;border-bottom-color: #ffffff !important;border-bottom-style: dotted !important;border-radius: 1px !important;}&#8221;][vc_column_text]<strong>Anot\u00e1cia<\/strong>[\/vc_column_text][\/vc_column_inner][vc_column_inner width=&#8221;3\/4&#8243; css=&#8221;.vc_custom_1596615178119{border-bottom-width: 1px !important;border-left-width: 1px !important;border-left-color: #ffffff !important;border-left-style: dotted !important;border-bottom-color: #ffffff !important;border-bottom-style: dotted !important;border-radius: 1px !important;}&#8221;][vc_column_text]Nov\u00e9 evropsk\u00e9 sm\u011brnice jsou ji\u017e dva roky schv\u00e1len\u00e9 a platn\u00e9. Je z\u0159ejm\u00e9, \u017ee odpady se budou postupn\u011b p\u0159esouvat z \u0159\u00edzen\u00fdch skl\u00e1dek do jin\u00fdch typ\u016f za\u0159\u00edzen\u00ed. Jasnou prioritu dala EU t\u0159\u00edd\u011bn\u00ed a recyklaci. Stanoven\u00e9 c\u00edle jsou z\u00e1vazn\u00e9 pro v\u0161echny st\u00e1ty. Nap\u0159\u00edklad \u010cesk\u00e1 republika m\u00e1 cca za 14 let p\u0159esouvat do fin\u00e1ln\u00ed recyklace ka\u017edoro\u010dn\u011b o v\u00edce ne\u017e 1,43 milion\u016f tun komun\u00e1ln\u00edch odpad\u016f v\u00edce ne\u017e nyn\u00ed. Stimuluje nov\u011b p\u0159ipraven\u00e1 legislativa k investic\u00edm do t\u0159\u00edd\u011bn\u00ed a recyklace? Jak\u00e1 je vlastn\u011b produkce odpad\u016f? Jak\u00e9 investice se p\u0159ipravuj\u00ed? Jak\u00e9 jsou trendy ve vztahu k mo\u017en\u00e9mu spln\u011bn\u00ed z\u00e1vazn\u00fdch c\u00edl\u016f? T\u011bmto t\u00e9mat\u016fm se bude v\u011bnovat leto\u0161n\u00ed prezentace Petra Havelky z \u010cesk\u00e9 asociace odpadov\u00e9ho hospod\u00e1\u0159stv\u00ed.[\/vc_column_text][\/vc_column_inner][\/vc_row_inner][vc_row_inner equal_height=&#8221;yes&#8221;][vc_column_inner width=&#8221;1\/4&#8243; css=&#8221;.vc_custom_1596615159231{border-bottom-width: 1px !important;background-color: #664425 !important;border-bottom-color: #ffffff !important;border-bottom-style: dotted !important;border-radius: 1px !important;}&#8221;][vc_column_text]<strong>Profil predn\u00e1\u0161aj\u00faceho<\/strong>[\/vc_column_text][\/vc_column_inner][vc_column_inner width=&#8221;3\/4&#8243; css=&#8221;.vc_custom_1596615178119{border-bottom-width: 1px !important;border-left-width: 1px !important;border-left-color: #ffffff !important;border-left-style: dotted !important;border-bottom-color: #ffffff !important;border-bottom-style: dotted !important;border-radius: 1px !important;}&#8221;][vc_column_text]Ing. Petr Havelka se narodil v\u00a0Olomouci v\u00a0roce 1980. Vystudoval obor Odpady a jejich vyu\u017eit\u00ed na \u010cZU v\u00a0Praze, d\u00e1le studoval na Univerzit\u011b Vitus Bering v\u00a0D\u00e1nsku. P\u0159i a po \u0161kole se kr\u00e1tce v\u011bnoval PR managementu v\u00a0renomovan\u00e9 reklamn\u00ed agentu\u0159e. N\u00e1sledn\u011b nastoupil na cestu odborn\u00e9 praxe v\u00a0oboru odpadov\u00e9ho hospod\u00e1\u0159stv\u00ed, a to na pozici inspektora na \u010cesk\u00e9 inspekci \u017eivotn\u00edho prost\u0159ed\u00ed (\u010cI\u017dP) na oblast\u00edm inspektor\u00e1tu v\u00a0Praze. Po dvou letech p\u0159e\u0161el na \u0159editelstv\u00ed \u010cI\u017dP, kde vykon\u00e1val funkci \u0159editele odboru odpadov\u00e9ho hospod\u00e1\u0159stv\u00ed a po-t\u00e9 i n\u00e1m\u011bstka \u00fast\u0159edn\u00edho \u0159editele \u010cI\u017dP. V\u00a0t\u011bchto pozic\u00edch \u0159\u00eddil a definoval kontroln\u00ed \u010dinnost na \u00faseku odpadov\u00e9ho hospod\u00e1\u0159stv\u00ed v\u00a0cel\u00e9 \u010cR. Je \u010dast\u00fdm autorem \u010dl\u00e1nk\u016f v\u00a0odborn\u00e9m tisku, je \u010dlenem Rady pro odpadov\u00e9 hospod\u00e1\u0159stv\u00ed \u010cR, byl \u010dlenem Rozkladov\u00e9 komise ministra \u017dP, \u00dast\u0159edn\u00ed n\u00e1kazov\u00e9 komise \u010cR a dal\u0161\u00edch odborn\u00fdch org\u00e1n\u016f. Na \u010cI\u017dP p\u016fsobil celkem 8 let, 6 let v\u00a0\u0159\u00edd\u00edc\u00edch pozic\u00edch. N\u00e1sledn\u011b se v\u00a0roce 2012 na z\u00e1klad\u011b v\u00fdb\u011brov\u00e9ho \u0159\u00edzen\u00ed stal v\u00fdkonn\u00fdm \u0159editelem \u010cesk\u00e9 asociace odpadov\u00e9ho hospod\u00e1\u0159stv\u00ed, kde p\u016fsob\u00ed do sou\u010dasn\u00e9 doby.[\/vc_column_text][\/vc_column_inner][\/vc_row_inner][vc_row_inner equal_height=&#8221;yes&#8221;][vc_column_inner width=&#8221;1\/4&#8243; css=&#8221;.vc_custom_1596615542490{background-color: #664425 !important;border-radius: 1px !important;}&#8221;][vc_column_text]<strong>Profil organiz\u00e1cie<\/strong>[\/vc_column_text][\/vc_column_inner][vc_column_inner width=&#8221;3\/4&#8243; css=&#8221;.vc_custom_1596615533000{border-left-width: 1px !important;border-left-color: #ffffff !important;border-left-style: dotted !important;border-radius: 1px !important;}&#8221;][vc_column_text]\u010cesk\u00e1 asociace odpadov\u00e9ho hospod\u00e1\u0159stv\u00ed (\u010cAOH) je nejv\u011bt\u0161\u00ed oborovou asociac\u00ed, kter\u00e1 sdru\u017euje mno\u017estv\u00ed podnikatelsk\u00fdch subjekt\u016f, v oblastech vyu\u017e\u00edv\u00e1n\u00ed, odstra\u0148ov\u00e1n\u00ed, svozu, sb\u011bru a recyklace odpad\u016f. \u010clenov\u00e9 \u010cAOH zaji\u0161\u0165uj\u00ed cca 65 % trhu slu\u017eeb odpadov\u00e9ho hospod\u00e1\u0159stv\u00ed v\u00a0\u010cR. Mezi c\u00edle \u010cAOH pat\u0159\u00ed ochrana voln\u00e9ho tr\u017en\u00edho prost\u0159ed\u00ed, nastaven\u00ed odpadov\u00e9ho hospod\u00e1\u0159stv\u00ed efektivn\u00ed zp\u016fsobem tak, aby \u010cR plnila c\u00edle evropsk\u00e9 odpadov\u00e9 politiky a aby p\u0159itom ekonomick\u00e9 dopady na p\u016fvodce odpad\u016f a odpadov\u00fd sektor byly na akceptovateln\u00e9 a co nejni\u017e\u0161\u00ed \u00farovni. \u010cAOH souhlas\u00ed s\u00a0postupn\u00fdm omezov\u00e1n\u00edm skl\u00e1dkov\u00e1n\u00ed dle legislativy EU a s\u00a0pot\u0159ebou pln\u011bn\u00ed evropsk\u00fdch recykla\u010dn\u00edch c\u00edl\u016f, kter\u00e9 sama \u010cAOH dlouhodob\u011b aktivn\u011b prosazuje. Aktu\u00e1ln\u011b je \u010cAOH oborov\u00fdm svazem sdru\u017euj\u00edc\u00edm nejv\u011bt\u0161\u00ed kapacitu recykla\u010dn\u00edch technologi\u00ed v\u00a0\u010cR.[\/vc_column_text][\/vc_column_inner][\/vc_row_inner]\t\t<\/div><\/div>[\/vc_column][\/vc_row]<\/p>\n<\/div>","protected":false},"excerpt":{"rendered":"<p>[vc_row full_width=&#8221;stretch_row&#8221; remove_padding=&#8221;no-padding-vc-row&#8221; bg_type=&#8221;grad&#8221; bg_grad=&#8221;background: -webkit-gradient(linear, left top, left bottom, color-stop(12%, #E6CA4F), color-stop(45%, #E6CA4F), color-stop(57%, #D79F28), color-stop(100%, #E6CA4F));background: -moz-linear-gradient(top,#E6CA4F 12%,#E6CA4F 45%,#D79F28 57%,#E6CA4F 100%);background: -webkit-linear-gradient(top,#E6CA4F 12%,#E6CA4F 45%,#D79F28 57%,#E6CA4F 100%);background: -o-linear-gradient(top,#E6CA4F 12%,#E6CA4F 45%,#D79F28 57%,#E6CA4F 100%);background: -ms-linear-gradient(top,#E6CA4F 12%,#E6CA4F 45%,#D79F28 57%,#E6CA4F 100%);background: linear-gradient(top,#E6CA4F 12%,#E6CA4F&#8230;<\/p>\n","protected":false},"author":2,"featured_media":0,"parent":0,"menu_order":0,"comment_status":"closed","ping_status":"closed","template":"","meta":{"footnotes":""},"class_list":["post-2065","page","type-page","status-publish","hentry"],"yoast_head":"<!-- This site is optimized with the Yoast SEO plugin v27.4 - https:\/\/yoast.com\/product\/yoast-seo-wordpress\/ -->\n<title>Petr Havelka - NMC<\/title>\n<meta name=\"robots\" content=\"index, follow, max-snippet:-1, max-image-preview:large, max-video-preview:-1\" \/>\n<link rel=\"canonical\" href=\"https:\/\/nmc.sk\/en\/petr-havelka\/\" \/>\n<meta property=\"og:locale\" content=\"en_US\" \/>\n<meta property=\"og:type\" content=\"article\" \/>\n<meta property=\"og:title\" content=\"Petr Havelka - NMC\" \/>\n<meta property=\"og:description\" content=\"[vc_row full_width=&#8221;stretch_row&#8221; remove_padding=&#8221;no-padding-vc-row&#8221; bg_type=&#8221;grad&#8221; bg_grad=&#8221;background: -webkit-gradient(linear, left top, left bottom, color-stop(12%, #E6CA4F), color-stop(45%, #E6CA4F), color-stop(57%, #D79F28), color-stop(100%, #E6CA4F));background: -moz-linear-gradient(top,#E6CA4F 12%,#E6CA4F 45%,#D79F28 57%,#E6CA4F 100%);background: -webkit-linear-gradient(top,#E6CA4F 12%,#E6CA4F 45%,#D79F28 57%,#E6CA4F 100%);background: -o-linear-gradient(top,#E6CA4F 12%,#E6CA4F 45%,#D79F28 57%,#E6CA4F 100%);background: -ms-linear-gradient(top,#E6CA4F 12%,#E6CA4F 45%,#D79F28 57%,#E6CA4F 100%);background: linear-gradient(top,#E6CA4F 12%,#E6CA4F...\" \/>\n<meta property=\"og:url\" content=\"https:\/\/nmc.sk\/en\/petr-havelka\/\" \/>\n<meta property=\"og:site_name\" content=\"NMC\" \/>\n<meta property=\"article:modified_time\" content=\"2021-09-27T21:52:20+00:00\" \/>\n<meta property=\"og:image\" content=\"https:\/\/nmc.sk\/wp-content\/uploads\/2018\/04\/CAOH_white.png\" \/>\n\t<meta property=\"og:image:width\" content=\"200\" \/>\n\t<meta property=\"og:image:height\" content=\"120\" \/>\n\t<meta property=\"og:image:type\" content=\"image\/png\" \/>\n<meta name=\"twitter:card\" content=\"summary_large_image\" \/>\n<meta name=\"twitter:label1\" content=\"Est. reading time\" \/>\n\t<meta name=\"twitter:data1\" content=\"9 minutes\" \/>\n<script type=\"application\/ld+json\" class=\"yoast-schema-graph\">{\"@context\":\"https:\\\/\\\/schema.org\",\"@graph\":[{\"@type\":\"WebPage\",\"@id\":\"https:\\\/\\\/nmc.sk\\\/en\\\/petr-havelka\\\/\",\"url\":\"https:\\\/\\\/nmc.sk\\\/en\\\/petr-havelka\\\/\",\"name\":\"Petr Havelka - NMC\",\"isPartOf\":{\"@id\":\"https:\\\/\\\/nmc.sk\\\/en\\\/#website\"},\"primaryImageOfPage\":{\"@id\":\"https:\\\/\\\/nmc.sk\\\/en\\\/petr-havelka\\\/#primaryimage\"},\"image\":{\"@id\":\"https:\\\/\\\/nmc.sk\\\/en\\\/petr-havelka\\\/#primaryimage\"},\"thumbnailUrl\":\"http:\\\/\\\/nmc.sk\\\/wp-content\\\/uploads\\\/2018\\\/04\\\/CAOH_white.png\",\"datePublished\":\"2020-08-05T09:51:32+00:00\",\"dateModified\":\"2021-09-27T21:52:20+00:00\",\"breadcrumb\":{\"@id\":\"https:\\\/\\\/nmc.sk\\\/en\\\/petr-havelka\\\/#breadcrumb\"},\"inLanguage\":\"en-US\",\"potentialAction\":[{\"@type\":\"ReadAction\",\"target\":[\"https:\\\/\\\/nmc.sk\\\/en\\\/petr-havelka\\\/\"]}]},{\"@type\":\"ImageObject\",\"inLanguage\":\"en-US\",\"@id\":\"https:\\\/\\\/nmc.sk\\\/en\\\/petr-havelka\\\/#primaryimage\",\"url\":\"http:\\\/\\\/nmc.sk\\\/wp-content\\\/uploads\\\/2018\\\/04\\\/CAOH_white.png\",\"contentUrl\":\"http:\\\/\\\/nmc.sk\\\/wp-content\\\/uploads\\\/2018\\\/04\\\/CAOH_white.png\"},{\"@type\":\"BreadcrumbList\",\"@id\":\"https:\\\/\\\/nmc.sk\\\/en\\\/petr-havelka\\\/#breadcrumb\",\"itemListElement\":[{\"@type\":\"ListItem\",\"position\":1,\"name\":\"Home\",\"item\":\"https:\\\/\\\/nmc.sk\\\/en\\\/\"},{\"@type\":\"ListItem\",\"position\":2,\"name\":\"Petr Havelka\"}]},{\"@type\":\"WebSite\",\"@id\":\"https:\\\/\\\/nmc.sk\\\/en\\\/#website\",\"url\":\"https:\\\/\\\/nmc.sk\\\/en\\\/\",\"name\":\"NMC\",\"description\":\"\",\"publisher\":{\"@id\":\"https:\\\/\\\/nmc.sk\\\/en\\\/#organization\"},\"potentialAction\":[{\"@type\":\"SearchAction\",\"target\":{\"@type\":\"EntryPoint\",\"urlTemplate\":\"https:\\\/\\\/nmc.sk\\\/en\\\/?s={search_term_string}\"},\"query-input\":{\"@type\":\"PropertyValueSpecification\",\"valueRequired\":true,\"valueName\":\"search_term_string\"}}],\"inLanguage\":\"en-US\"},{\"@type\":\"Organization\",\"@id\":\"https:\\\/\\\/nmc.sk\\\/en\\\/#organization\",\"name\":\"NMC\",\"url\":\"https:\\\/\\\/nmc.sk\\\/en\\\/\",\"logo\":{\"@type\":\"ImageObject\",\"inLanguage\":\"en-US\",\"@id\":\"https:\\\/\\\/nmc.sk\\\/en\\\/#\\\/schema\\\/logo\\\/image\\\/\",\"url\":\"\",\"contentUrl\":\"\",\"caption\":\"NMC\"},\"image\":{\"@id\":\"https:\\\/\\\/nmc.sk\\\/en\\\/#\\\/schema\\\/logo\\\/image\\\/\"}}]}<\/script>\n<!-- \/ Yoast SEO plugin. -->","yoast_head_json":{"title":"Petr Havelka - NMC","robots":{"index":"index","follow":"follow","max-snippet":"max-snippet:-1","max-image-preview":"max-image-preview:large","max-video-preview":"max-video-preview:-1"},"canonical":"https:\/\/nmc.sk\/en\/petr-havelka\/","og_locale":"en_US","og_type":"article","og_title":"Petr Havelka - NMC","og_description":"[vc_row full_width=&#8221;stretch_row&#8221; remove_padding=&#8221;no-padding-vc-row&#8221; bg_type=&#8221;grad&#8221; bg_grad=&#8221;background: -webkit-gradient(linear, left top, left bottom, color-stop(12%, #E6CA4F), color-stop(45%, #E6CA4F), color-stop(57%, #D79F28), color-stop(100%, #E6CA4F));background: -moz-linear-gradient(top,#E6CA4F 12%,#E6CA4F 45%,#D79F28 57%,#E6CA4F 100%);background: -webkit-linear-gradient(top,#E6CA4F 12%,#E6CA4F 45%,#D79F28 57%,#E6CA4F 100%);background: -o-linear-gradient(top,#E6CA4F 12%,#E6CA4F 45%,#D79F28 57%,#E6CA4F 100%);background: -ms-linear-gradient(top,#E6CA4F 12%,#E6CA4F 45%,#D79F28 57%,#E6CA4F 100%);background: linear-gradient(top,#E6CA4F 12%,#E6CA4F...","og_url":"https:\/\/nmc.sk\/en\/petr-havelka\/","og_site_name":"NMC","article_modified_time":"2021-09-27T21:52:20+00:00","og_image":[{"width":200,"height":120,"url":"https:\/\/nmc.sk\/wp-content\/uploads\/2018\/04\/CAOH_white.png","type":"image\/png"}],"twitter_card":"summary_large_image","twitter_misc":{"Est. reading time":"9 minutes"},"schema":{"@context":"https:\/\/schema.org","@graph":[{"@type":"WebPage","@id":"https:\/\/nmc.sk\/en\/petr-havelka\/","url":"https:\/\/nmc.sk\/en\/petr-havelka\/","name":"Petr Havelka - NMC","isPartOf":{"@id":"https:\/\/nmc.sk\/en\/#website"},"primaryImageOfPage":{"@id":"https:\/\/nmc.sk\/en\/petr-havelka\/#primaryimage"},"image":{"@id":"https:\/\/nmc.sk\/en\/petr-havelka\/#primaryimage"},"thumbnailUrl":"http:\/\/nmc.sk\/wp-content\/uploads\/2018\/04\/CAOH_white.png","datePublished":"2020-08-05T09:51:32+00:00","dateModified":"2021-09-27T21:52:20+00:00","breadcrumb":{"@id":"https:\/\/nmc.sk\/en\/petr-havelka\/#breadcrumb"},"inLanguage":"en-US","potentialAction":[{"@type":"ReadAction","target":["https:\/\/nmc.sk\/en\/petr-havelka\/"]}]},{"@type":"ImageObject","inLanguage":"en-US","@id":"https:\/\/nmc.sk\/en\/petr-havelka\/#primaryimage","url":"http:\/\/nmc.sk\/wp-content\/uploads\/2018\/04\/CAOH_white.png","contentUrl":"http:\/\/nmc.sk\/wp-content\/uploads\/2018\/04\/CAOH_white.png"},{"@type":"BreadcrumbList","@id":"https:\/\/nmc.sk\/en\/petr-havelka\/#breadcrumb","itemListElement":[{"@type":"ListItem","position":1,"name":"Home","item":"https:\/\/nmc.sk\/en\/"},{"@type":"ListItem","position":2,"name":"Petr Havelka"}]},{"@type":"WebSite","@id":"https:\/\/nmc.sk\/en\/#website","url":"https:\/\/nmc.sk\/en\/","name":"NMC","description":"","publisher":{"@id":"https:\/\/nmc.sk\/en\/#organization"},"potentialAction":[{"@type":"SearchAction","target":{"@type":"EntryPoint","urlTemplate":"https:\/\/nmc.sk\/en\/?s={search_term_string}"},"query-input":{"@type":"PropertyValueSpecification","valueRequired":true,"valueName":"search_term_string"}}],"inLanguage":"en-US"},{"@type":"Organization","@id":"https:\/\/nmc.sk\/en\/#organization","name":"NMC","url":"https:\/\/nmc.sk\/en\/","logo":{"@type":"ImageObject","inLanguage":"en-US","@id":"https:\/\/nmc.sk\/en\/#\/schema\/logo\/image\/","url":"","contentUrl":"","caption":"NMC"},"image":{"@id":"https:\/\/nmc.sk\/en\/#\/schema\/logo\/image\/"}}]}},"_links":{"self":[{"href":"https:\/\/nmc.sk\/en\/wp-json\/wp\/v2\/pages\/2065","targetHints":{"allow":["GET"]}}],"collection":[{"href":"https:\/\/nmc.sk\/en\/wp-json\/wp\/v2\/pages"}],"about":[{"href":"https:\/\/nmc.sk\/en\/wp-json\/wp\/v2\/types\/page"}],"author":[{"embeddable":true,"href":"https:\/\/nmc.sk\/en\/wp-json\/wp\/v2\/users\/2"}],"replies":[{"embeddable":true,"href":"https:\/\/nmc.sk\/en\/wp-json\/wp\/v2\/comments?post=2065"}],"version-history":[{"count":6,"href":"https:\/\/nmc.sk\/en\/wp-json\/wp\/v2\/pages\/2065\/revisions"}],"predecessor-version":[{"id":2934,"href":"https:\/\/nmc.sk\/en\/wp-json\/wp\/v2\/pages\/2065\/revisions\/2934"}],"wp:attachment":[{"href":"https:\/\/nmc.sk\/en\/wp-json\/wp\/v2\/media?parent=2065"}],"curies":[{"name":"wp","href":"https:\/\/api.w.org\/{rel}","templated":true}]}}