{"id":2070,"date":"2020-08-05T12:08:09","date_gmt":"2020-08-05T10:08:09","guid":{"rendered":"http:\/\/nmc.sk\/?page_id=2070"},"modified":"2021-09-27T23:48:58","modified_gmt":"2021-09-27T21:48:58","slug":"peter-hoffmeyer","status":"publish","type":"page","link":"https:\/\/nmc.sk\/en\/peter-hoffmeyer\/","title":{"rendered":"Peter Hoffmeyer"},"content":{"rendered":"<div class=\"wpb-content-wrapper\"><p>[vc_row full_width=&#8221;stretch_row&#8221; remove_padding=&#8221;no-padding-vc-row&#8221; bg_type=&#8221;grad&#8221; bg_grad=&#8221;background: -webkit-gradient(linear, left top, left bottom, color-stop(12%, #E6CA4F), color-stop(45%, #E6CA4F), color-stop(57%, #D79F28), color-stop(100%, #E6CA4F));background: -moz-linear-gradient(top,#E6CA4F 12%,#E6CA4F 45%,#D79F28 57%,#E6CA4F 100%);background: -webkit-linear-gradient(top,#E6CA4F 12%,#E6CA4F 45%,#D79F28 57%,#E6CA4F 100%);background: -o-linear-gradient(top,#E6CA4F 12%,#E6CA4F 45%,#D79F28 57%,#E6CA4F 100%);background: -ms-linear-gradient(top,#E6CA4F 12%,#E6CA4F 45%,#D79F28 57%,#E6CA4F 100%);background: linear-gradient(top,#E6CA4F 12%,#E6CA4F 45%,#D79F28 57%,#E6CA4F 100%);&#8221;][vc_column]<div class=\"ult-content-box-container \" >\t\t<div class=\"ult-content-box\" style=\"box-shadow: px px px px none;-webkit-transition: all 700ms ease;-moz-transition: all 700ms ease;-ms-transition: all 700ms ease;-o-transition: all 700ms ease;transition: all 700ms ease;\"  data-hover_box_shadow=\"none\"    >[vc_row_inner content_placement=&#8221;middle&#8221;][vc_column_inner width=&#8221;1\/4&#8243;][vc_single_image image=&#8221;2071&#8243; img_size=&#8221;full&#8221; alignment=&#8221;center&#8221; style=&#8221;vc_box_border_circle_2&#8243; border_color=&#8221;white&#8221; css_animation=&#8221;right-to-left&#8221; css=&#8221;.vc_custom_1596621979092{padding-top: 150px !important;}&#8221;][vc_empty_space height=&#8221;200&#8243;][\/vc_column_inner][vc_column_inner width=&#8221;3\/4&#8243; css=&#8221;.vc_custom_1596614331624{padding-left: 50px !important;}&#8221;][vc_empty_space height=&#8221;10&#8243;][vc_custom_heading text=&#8221;11th INTERNATIONAL EXPERTS&#8217; CONFERENCE&#8221; font_container=&#8221;tag:h3|font_size:20|text_align:left|color:%230a0a0a|line_height:1&#8243; google_fonts=&#8221;font_family:Open%20Sans%3A300%2C300italic%2Cregular%2Citalic%2C600%2C600italic%2C700%2C700italic%2C800%2C800italic&#8221;][vc_custom_heading text=&#8221;ENVIROMANAGEMENT 2021&#8243; font_container=&#8221;tag:h3|font_size:32|text_align:left|color:%23ad643a|line_height:1&#8243; google_fonts=&#8221;font_family:Open%20Sans%3A300%2C300italic%2Cregular%2Citalic%2C600%2C600italic%2C700%2C700italic%2C800%2C800italic&#8221; css_animation=&#8221;none&#8221;][vc_empty_space height=&#8221;10&#8243;][vc_custom_heading text=&#8221;WASTE INFRASTRUCTURE&#8221; font_container=&#8221;tag:h3|font_size:32|text_align:left|line_height:1&#8243; google_fonts=&#8221;font_family:Open%20Sans%3A300%2C300italic%2Cregular%2Citalic%2C600%2C600italic%2C700%2C700italic%2C800%2C800italic&#8221;][vc_empty_space height=&#8221;12&#8243;][vc_custom_heading text=&#8221;OCTOBER 4 &#8211; 5, 2021<br \/>\nHOTEL PATRIA****, \u0160TRBSK\u00c9 PLESO, HIGH TATRAS, SLOVAKIA&#8221; font_container=&#8221;tag:h4|font_size:17|text_align:left|color:%23000000|line_height:1.5&#8243; google_fonts=&#8221;font_family:Open%20Sans%3A300%2C300italic%2Cregular%2Citalic%2C600%2C600italic%2C700%2C700italic%2C800%2C800italic&#8221;][vc_empty_space height=&#8221;80&#8243;][\/vc_column_inner][\/vc_row_inner]\t\t<\/div><\/div>[\/vc_column][\/vc_row][vc_row full_width=&#8221;stretch_row&#8221; equal_height=&#8221;yes&#8221; content_placement=&#8221;top&#8221; color_style=&#8221;light&#8221; remove_padding=&#8221;no-padding-vc-row&#8221; bg_type=&#8221;bg_color&#8221; css=&#8221;.vc_custom_1596614996720{padding-top: 50px !important;padding-bottom: 50px !important;}&#8221; bg_color_value=&#8221;#91643e&#8221;][vc_column]<div class=\"ult-content-box-container \" >\t\t<div class=\"ult-content-box\" style=\"box-shadow: px px px px none;-webkit-transition: all 700ms ease;-moz-transition: all 700ms ease;-ms-transition: all 700ms ease;-o-transition: all 700ms ease;transition: all 700ms ease;\"  data-hover_box_shadow=\"none\"    >[vc_row_inner equal_height=&#8221;yes&#8221; content_placement=&#8221;middle&#8221;][vc_column_inner width=&#8221;1\/4&#8243; css=&#8221;.vc_custom_1596615129512{border-bottom-width: 1px !important;background-color: #664425 !important;border-bottom-color: #ffffff !important;border-bottom-style: dotted !important;border-radius: 1px !important;}&#8221;][vc_column_text]<strong>Lecturer<\/strong>[\/vc_column_text][\/vc_column_inner][vc_column_inner width=&#8221;3\/4&#8243; css=&#8221;.vc_custom_1596615104945{border-bottom-width: 1px !important;border-left-width: 1px !important;border-left-color: #ffffff !important;border-left-style: dotted !important;border-bottom-color: #ffffff !important;border-bottom-style: dotted !important;}&#8221;][vc_column_text]<strong>Dipl.-Ing. Peter Hoffmeyer<\/strong><\/p>\n<p>CEO<br \/>\nNehlsen AG<\/p>\n<p>Bremen<br \/>\nGermany[\/vc_column_text][\/vc_column_inner][\/vc_row_inner][vc_row_inner equal_height=&#8221;yes&#8221;][vc_column_inner width=&#8221;1\/4&#8243; css=&#8221;.vc_custom_1596615159231{border-bottom-width: 1px !important;background-color: #664425 !important;border-bottom-color: #ffffff !important;border-bottom-style: dotted !important;border-radius: 1px !important;}&#8221;][vc_column_text]<strong>Presentation<\/strong>[\/vc_column_text][\/vc_column_inner][vc_column_inner width=&#8221;3\/4&#8243; css=&#8221;.vc_custom_1596615178119{border-bottom-width: 1px !important;border-left-width: 1px !important;border-left-color: #ffffff !important;border-left-style: dotted !important;border-bottom-color: #ffffff !important;border-bottom-style: dotted !important;border-radius: 1px !important;}&#8221;][vc_column_text]<span style=\"text-decoration: underline;\"><strong>Less waste, Less landfill, More Recycling.<\/strong><\/span><\/p>\n<p><em>Menej odpadu, menej skl\u00e1dok, viac recykl\u00e1cie.<\/em>[\/vc_column_text][\/vc_column_inner][\/vc_row_inner][vc_row_inner equal_height=&#8221;yes&#8221;][vc_column_inner width=&#8221;1\/4&#8243; css=&#8221;.vc_custom_1596615159231{border-bottom-width: 1px !important;background-color: #664425 !important;border-bottom-color: #ffffff !important;border-bottom-style: dotted !important;border-radius: 1px !important;}&#8221;][vc_column_text]<strong>Key Words<\/strong>[\/vc_column_text][\/vc_column_inner][vc_column_inner width=&#8221;3\/4&#8243; css=&#8221;.vc_custom_1596615178119{border-bottom-width: 1px !important;border-left-width: 1px !important;border-left-color: #ffffff !important;border-left-style: dotted !important;border-bottom-color: #ffffff !important;border-bottom-style: dotted !important;border-radius: 1px !important;}&#8221;][vc_column_text]Separate waste collection, substitution of raw materials, green deal, circular economy, establishment of payable systems, PPPs, interaction &amp; connection[\/vc_column_text][\/vc_column_inner][\/vc_row_inner][vc_row_inner equal_height=&#8221;yes&#8221;][vc_column_inner width=&#8221;1\/4&#8243; css=&#8221;.vc_custom_1596615159231{border-bottom-width: 1px !important;background-color: #664425 !important;border-bottom-color: #ffffff !important;border-bottom-style: dotted !important;border-radius: 1px !important;}&#8221;][vc_column_text]<strong>Annotation<\/strong>[\/vc_column_text][\/vc_column_inner][vc_column_inner width=&#8221;3\/4&#8243; css=&#8221;.vc_custom_1596615178119{border-bottom-width: 1px !important;border-left-width: 1px !important;border-left-color: #ffffff !important;border-left-style: dotted !important;border-bottom-color: #ffffff !important;border-bottom-style: dotted !important;border-radius: 1px !important;}&#8221;][vc_column_text]<strong>Less waste, Less landfill, More recycling<\/strong><strong>\u00a0<\/strong><\/p>\n<p>Increasing population growth means an increasement of waste amount and automatically an increasement of the whole carbon oxygen consumption, worldwide.<\/p>\n<p>In order to keep the air clean and to protect world\u2019s resources, innovative and effective solutions for waste prevention and waste management are necessary. Nehlsen set its vision along the solution of these problems.<\/p>\n<p>The key to take responsibility for one\u2019s own consumption is to become aware of its impacts and to be ready to change. With powerful PPPs between, on the one hand proved concept-providers and on the other hand willing people to make a change, the necessary steps can be taken to go into a green future.<\/p>\n<p>&nbsp;<\/p>\n<p><strong>How to achieve this aim?<\/strong><\/p>\n<ul>\n<li>Separate collection<\/li>\n<li>Tailor-made concepts for communities and commercial &amp; industrial sector<\/li>\n<\/ul>\n<p><strong>Targets:<\/strong><\/p>\n<ul>\n<li>Substitution of raw materials by recycling \/ Green deal<\/li>\n<li>Positive impacts by circular economy due to recycling<\/li>\n<\/ul>\n<p><strong>Establishment \/ Implementation:<\/strong><\/p>\n<ul>\n<li>How to establish payable, new systems \u2013 step by step<\/li>\n<li>PPP \u2013 one successful model: bundling of several quantities<\/li>\n<li>How to connect\/interact? Local recycling streams to regional + international markets<\/li>\n<\/ul>\n<p>[\/vc_column_text][\/vc_column_inner][\/vc_row_inner][vc_row_inner equal_height=&#8221;yes&#8221;][vc_column_inner width=&#8221;1\/4&#8243; css=&#8221;.vc_custom_1596615159231{border-bottom-width: 1px !important;background-color: #664425 !important;border-bottom-color: #ffffff !important;border-bottom-style: dotted !important;border-radius: 1px !important;}&#8221;][vc_column_text]<strong>Lecturer\u2019s Profile<\/strong>[\/vc_column_text][\/vc_column_inner][vc_column_inner width=&#8221;3\/4&#8243; css=&#8221;.vc_custom_1596615178119{border-bottom-width: 1px !important;border-left-width: 1px !important;border-left-color: #ffffff !important;border-left-style: dotted !important;border-bottom-color: #ffffff !important;border-bottom-style: dotted !important;border-radius: 1px !important;}&#8221;][vc_column_text]<strong>Date &amp; Place of birth: <\/strong>13.03.1959 in Bremen<strong><br \/>\n<\/strong><strong>Family: <\/strong>Married, 5 children<strong><br \/>\n<\/strong><strong>Education: <\/strong>Graduated engineer environmental technology, University Berlin<\/p>\n<p><strong>Current position:\u00a0 <\/strong>Chairman of the supervisory boards of Nehlsen AG and elko AG<\/p>\n<p><strong>\u00a0<\/strong><strong>Vita:<\/strong><\/p>\n<p><strong>1988-1990<\/strong> Managing Director of city cleaning of Luanda, P.R. Angola<br \/>\n<strong>Since 1991<\/strong> Managing Director of sister companies in East Germany<br \/>\n<strong>1995-2001<\/strong> Managing Partner of Holding Nehlsen GmbH &amp; Co. KG<\/p>\n<p><strong>Since 2001<\/strong> Chairman of Nehlsen AG<\/p>\n<p><strong>2004-2008<\/strong> President of the Federal Association of German Waste Management Industry (BDE)<br \/>\n<strong>2004-2008<\/strong> Vice President of European Waste Management association (FEAD)<br \/>\n<strong>2006-2009<\/strong> Presidium Member of BDI (German Industrial Association)<br \/>\n<strong>Since 2010<\/strong> Member of the plenum of the German Chamber of Commerce and Industry<br \/>\n<strong>Since 2012<\/strong> President of the 7th governmental commission of Lower Saxony<br \/>\n<strong>Since 2013<\/strong> Honourable senator of the University of Bremen<br \/>\n<strong>Since 2015<\/strong> chairman of the supervisory board elko AG, Bremen[\/vc_column_text][\/vc_column_inner][\/vc_row_inner][vc_row_inner equal_height=&#8221;yes&#8221;][vc_column_inner width=&#8221;1\/4&#8243; css=&#8221;.vc_custom_1596615159231{border-bottom-width: 1px !important;background-color: #664425 !important;border-bottom-color: #ffffff !important;border-bottom-style: dotted !important;border-radius: 1px !important;}&#8221;][vc_column_text]<strong>Organization\u2019s Profile<\/strong>[\/vc_column_text][\/vc_column_inner][vc_column_inner width=&#8221;3\/4&#8243; css=&#8221;.vc_custom_1596615178119{border-bottom-width: 1px !important;border-left-width: 1px !important;border-left-color: #ffffff !important;border-left-style: dotted !important;border-bottom-color: #ffffff !important;border-bottom-style: dotted !important;border-radius: 1px !important;}&#8221;][vc_column_text]Nehlsen is a future-oriented company with the core business areas of recycling, waste management and cleaning. Since its foundation in 1923 until today, we have always successfully faced new challenges. Since environmental and climate issues are particularly close to our hearts, we and our approximately 2,500 employees at over 60 national and international locations work daily to provide innovative and resource-saving services. We offer tailor-made, efficient and inexpensive waste management solutions for every type of waste and have been able to establish ourselves as one of the largest waste management companies in Germany over the years. Due to our innovative plants, we are able to obtain new secondary raw materials from more and more waste, which are made available to industry for various purposes. On these pages you can read more about Nehlsen, about the company&#8217;s almost 100-year history and about our company philosophy.<\/p>\n<p>Since the foundation of the company by Karl Nehlsen the company has been family owned.[\/vc_column_text][\/vc_column_inner][\/vc_row_inner][vc_row_inner equal_height=&#8221;yes&#8221; disable_element=&#8221;yes&#8221;][vc_column_inner width=&#8221;1\/4&#8243; css=&#8221;.vc_custom_1596615159231{border-bottom-width: 1px !important;background-color: #664425 !important;border-bottom-color: #ffffff !important;border-bottom-style: dotted !important;border-radius: 1px !important;}&#8221;][vc_column_text]<strong>K\u013e\u00fa\u010dov\u00e9 slov\u00e1<\/strong>[\/vc_column_text][\/vc_column_inner][vc_column_inner width=&#8221;3\/4&#8243; css=&#8221;.vc_custom_1596615178119{border-bottom-width: 1px !important;border-left-width: 1px !important;border-left-color: #ffffff !important;border-left-style: dotted !important;border-bottom-color: #ffffff !important;border-bottom-style: dotted !important;border-radius: 1px !important;}&#8221;][\/vc_column_inner][\/vc_row_inner][vc_row_inner equal_height=&#8221;yes&#8221; disable_element=&#8221;yes&#8221;][vc_column_inner width=&#8221;1\/4&#8243; css=&#8221;.vc_custom_1596615159231{border-bottom-width: 1px !important;background-color: #664425 !important;border-bottom-color: #ffffff !important;border-bottom-style: dotted !important;border-radius: 1px !important;}&#8221;][vc_column_text]<strong>Anot\u00e1cia<\/strong>[\/vc_column_text][\/vc_column_inner][vc_column_inner width=&#8221;3\/4&#8243; css=&#8221;.vc_custom_1596615178119{border-bottom-width: 1px !important;border-left-width: 1px !important;border-left-color: #ffffff !important;border-left-style: dotted !important;border-bottom-color: #ffffff !important;border-bottom-style: dotted !important;border-radius: 1px !important;}&#8221;][\/vc_column_inner][\/vc_row_inner][vc_row_inner equal_height=&#8221;yes&#8221; disable_element=&#8221;yes&#8221;][vc_column_inner width=&#8221;1\/4&#8243; css=&#8221;.vc_custom_1596615159231{border-bottom-width: 1px !important;background-color: #664425 !important;border-bottom-color: #ffffff !important;border-bottom-style: dotted !important;border-radius: 1px !important;}&#8221;][vc_column_text]<strong>Profil predn\u00e1\u0161aj\u00faceho<\/strong>[\/vc_column_text][\/vc_column_inner][vc_column_inner width=&#8221;3\/4&#8243; css=&#8221;.vc_custom_1596615178119{border-bottom-width: 1px !important;border-left-width: 1px !important;border-left-color: #ffffff !important;border-left-style: dotted !important;border-bottom-color: #ffffff !important;border-bottom-style: dotted !important;border-radius: 1px !important;}&#8221;][\/vc_column_inner][\/vc_row_inner][vc_row_inner equal_height=&#8221;yes&#8221; disable_element=&#8221;yes&#8221;][vc_column_inner width=&#8221;1\/4&#8243; css=&#8221;.vc_custom_1596615542490{background-color: #664425 !important;border-radius: 1px !important;}&#8221;][vc_column_text]<strong>Profil organiz\u00e1cie<\/strong>[\/vc_column_text][\/vc_column_inner][vc_column_inner width=&#8221;3\/4&#8243; css=&#8221;.vc_custom_1596615533000{border-left-width: 1px !important;border-left-color: #ffffff !important;border-left-style: dotted !important;border-radius: 1px !important;}&#8221;][\/vc_column_inner][\/vc_row_inner]\t\t<\/div><\/div>[\/vc_column][\/vc_row]<\/p>\n<\/div>","protected":false},"excerpt":{"rendered":"<p>[vc_row full_width=&#8221;stretch_row&#8221; remove_padding=&#8221;no-padding-vc-row&#8221; bg_type=&#8221;grad&#8221; bg_grad=&#8221;background: -webkit-gradient(linear, left top, left bottom, color-stop(12%, #E6CA4F), color-stop(45%, #E6CA4F), color-stop(57%, #D79F28), color-stop(100%, #E6CA4F));background: -moz-linear-gradient(top,#E6CA4F 12%,#E6CA4F 45%,#D79F28 57%,#E6CA4F 100%);background: -webkit-linear-gradient(top,#E6CA4F 12%,#E6CA4F 45%,#D79F28 57%,#E6CA4F 100%);background: -o-linear-gradient(top,#E6CA4F 12%,#E6CA4F 45%,#D79F28 57%,#E6CA4F 100%);background: -ms-linear-gradient(top,#E6CA4F 12%,#E6CA4F 45%,#D79F28 57%,#E6CA4F 100%);background: linear-gradient(top,#E6CA4F 12%,#E6CA4F&#8230;<\/p>\n","protected":false},"author":2,"featured_media":0,"parent":0,"menu_order":0,"comment_status":"closed","ping_status":"closed","template":"","meta":{"footnotes":""},"class_list":["post-2070","page","type-page","status-publish","hentry"],"yoast_head":"<!-- This site is optimized with the Yoast SEO plugin v27.4 - https:\/\/yoast.com\/product\/yoast-seo-wordpress\/ -->\n<title>Peter Hoffmeyer - NMC<\/title>\n<meta name=\"robots\" content=\"index, follow, max-snippet:-1, max-image-preview:large, max-video-preview:-1\" \/>\n<link rel=\"canonical\" href=\"https:\/\/nmc.sk\/en\/peter-hoffmeyer\/\" \/>\n<meta property=\"og:locale\" content=\"en_US\" \/>\n<meta property=\"og:type\" content=\"article\" \/>\n<meta property=\"og:title\" content=\"Peter Hoffmeyer - NMC\" \/>\n<meta property=\"og:description\" content=\"[vc_row full_width=&#8221;stretch_row&#8221; remove_padding=&#8221;no-padding-vc-row&#8221; bg_type=&#8221;grad&#8221; bg_grad=&#8221;background: -webkit-gradient(linear, left top, left bottom, color-stop(12%, #E6CA4F), color-stop(45%, #E6CA4F), color-stop(57%, #D79F28), color-stop(100%, #E6CA4F));background: -moz-linear-gradient(top,#E6CA4F 12%,#E6CA4F 45%,#D79F28 57%,#E6CA4F 100%);background: -webkit-linear-gradient(top,#E6CA4F 12%,#E6CA4F 45%,#D79F28 57%,#E6CA4F 100%);background: -o-linear-gradient(top,#E6CA4F 12%,#E6CA4F 45%,#D79F28 57%,#E6CA4F 100%);background: -ms-linear-gradient(top,#E6CA4F 12%,#E6CA4F 45%,#D79F28 57%,#E6CA4F 100%);background: linear-gradient(top,#E6CA4F 12%,#E6CA4F...\" \/>\n<meta property=\"og:url\" content=\"https:\/\/nmc.sk\/en\/peter-hoffmeyer\/\" \/>\n<meta property=\"og:site_name\" content=\"NMC\" \/>\n<meta property=\"article:modified_time\" content=\"2021-09-27T21:48:58+00:00\" \/>\n<meta name=\"twitter:card\" content=\"summary_large_image\" \/>\n<meta name=\"twitter:label1\" content=\"Est. reading time\" \/>\n\t<meta name=\"twitter:data1\" content=\"9 minutes\" \/>\n<script type=\"application\/ld+json\" class=\"yoast-schema-graph\">{\"@context\":\"https:\\\/\\\/schema.org\",\"@graph\":[{\"@type\":\"WebPage\",\"@id\":\"https:\\\/\\\/nmc.sk\\\/en\\\/peter-hoffmeyer\\\/\",\"url\":\"https:\\\/\\\/nmc.sk\\\/en\\\/peter-hoffmeyer\\\/\",\"name\":\"Peter Hoffmeyer - NMC\",\"isPartOf\":{\"@id\":\"https:\\\/\\\/nmc.sk\\\/en\\\/#website\"},\"datePublished\":\"2020-08-05T10:08:09+00:00\",\"dateModified\":\"2021-09-27T21:48:58+00:00\",\"breadcrumb\":{\"@id\":\"https:\\\/\\\/nmc.sk\\\/en\\\/peter-hoffmeyer\\\/#breadcrumb\"},\"inLanguage\":\"en-US\",\"potentialAction\":[{\"@type\":\"ReadAction\",\"target\":[\"https:\\\/\\\/nmc.sk\\\/en\\\/peter-hoffmeyer\\\/\"]}]},{\"@type\":\"BreadcrumbList\",\"@id\":\"https:\\\/\\\/nmc.sk\\\/en\\\/peter-hoffmeyer\\\/#breadcrumb\",\"itemListElement\":[{\"@type\":\"ListItem\",\"position\":1,\"name\":\"Home\",\"item\":\"https:\\\/\\\/nmc.sk\\\/en\\\/\"},{\"@type\":\"ListItem\",\"position\":2,\"name\":\"Peter Hoffmeyer\"}]},{\"@type\":\"WebSite\",\"@id\":\"https:\\\/\\\/nmc.sk\\\/en\\\/#website\",\"url\":\"https:\\\/\\\/nmc.sk\\\/en\\\/\",\"name\":\"NMC\",\"description\":\"\",\"publisher\":{\"@id\":\"https:\\\/\\\/nmc.sk\\\/en\\\/#organization\"},\"potentialAction\":[{\"@type\":\"SearchAction\",\"target\":{\"@type\":\"EntryPoint\",\"urlTemplate\":\"https:\\\/\\\/nmc.sk\\\/en\\\/?s={search_term_string}\"},\"query-input\":{\"@type\":\"PropertyValueSpecification\",\"valueRequired\":true,\"valueName\":\"search_term_string\"}}],\"inLanguage\":\"en-US\"},{\"@type\":\"Organization\",\"@id\":\"https:\\\/\\\/nmc.sk\\\/en\\\/#organization\",\"name\":\"NMC\",\"url\":\"https:\\\/\\\/nmc.sk\\\/en\\\/\",\"logo\":{\"@type\":\"ImageObject\",\"inLanguage\":\"en-US\",\"@id\":\"https:\\\/\\\/nmc.sk\\\/en\\\/#\\\/schema\\\/logo\\\/image\\\/\",\"url\":\"\",\"contentUrl\":\"\",\"caption\":\"NMC\"},\"image\":{\"@id\":\"https:\\\/\\\/nmc.sk\\\/en\\\/#\\\/schema\\\/logo\\\/image\\\/\"}}]}<\/script>\n<!-- \/ Yoast SEO plugin. -->","yoast_head_json":{"title":"Peter Hoffmeyer - NMC","robots":{"index":"index","follow":"follow","max-snippet":"max-snippet:-1","max-image-preview":"max-image-preview:large","max-video-preview":"max-video-preview:-1"},"canonical":"https:\/\/nmc.sk\/en\/peter-hoffmeyer\/","og_locale":"en_US","og_type":"article","og_title":"Peter Hoffmeyer - NMC","og_description":"[vc_row full_width=&#8221;stretch_row&#8221; remove_padding=&#8221;no-padding-vc-row&#8221; bg_type=&#8221;grad&#8221; bg_grad=&#8221;background: -webkit-gradient(linear, left top, left bottom, color-stop(12%, #E6CA4F), color-stop(45%, #E6CA4F), color-stop(57%, #D79F28), color-stop(100%, #E6CA4F));background: -moz-linear-gradient(top,#E6CA4F 12%,#E6CA4F 45%,#D79F28 57%,#E6CA4F 100%);background: -webkit-linear-gradient(top,#E6CA4F 12%,#E6CA4F 45%,#D79F28 57%,#E6CA4F 100%);background: -o-linear-gradient(top,#E6CA4F 12%,#E6CA4F 45%,#D79F28 57%,#E6CA4F 100%);background: -ms-linear-gradient(top,#E6CA4F 12%,#E6CA4F 45%,#D79F28 57%,#E6CA4F 100%);background: linear-gradient(top,#E6CA4F 12%,#E6CA4F...","og_url":"https:\/\/nmc.sk\/en\/peter-hoffmeyer\/","og_site_name":"NMC","article_modified_time":"2021-09-27T21:48:58+00:00","twitter_card":"summary_large_image","twitter_misc":{"Est. reading time":"9 minutes"},"schema":{"@context":"https:\/\/schema.org","@graph":[{"@type":"WebPage","@id":"https:\/\/nmc.sk\/en\/peter-hoffmeyer\/","url":"https:\/\/nmc.sk\/en\/peter-hoffmeyer\/","name":"Peter Hoffmeyer - NMC","isPartOf":{"@id":"https:\/\/nmc.sk\/en\/#website"},"datePublished":"2020-08-05T10:08:09+00:00","dateModified":"2021-09-27T21:48:58+00:00","breadcrumb":{"@id":"https:\/\/nmc.sk\/en\/peter-hoffmeyer\/#breadcrumb"},"inLanguage":"en-US","potentialAction":[{"@type":"ReadAction","target":["https:\/\/nmc.sk\/en\/peter-hoffmeyer\/"]}]},{"@type":"BreadcrumbList","@id":"https:\/\/nmc.sk\/en\/peter-hoffmeyer\/#breadcrumb","itemListElement":[{"@type":"ListItem","position":1,"name":"Home","item":"https:\/\/nmc.sk\/en\/"},{"@type":"ListItem","position":2,"name":"Peter Hoffmeyer"}]},{"@type":"WebSite","@id":"https:\/\/nmc.sk\/en\/#website","url":"https:\/\/nmc.sk\/en\/","name":"NMC","description":"","publisher":{"@id":"https:\/\/nmc.sk\/en\/#organization"},"potentialAction":[{"@type":"SearchAction","target":{"@type":"EntryPoint","urlTemplate":"https:\/\/nmc.sk\/en\/?s={search_term_string}"},"query-input":{"@type":"PropertyValueSpecification","valueRequired":true,"valueName":"search_term_string"}}],"inLanguage":"en-US"},{"@type":"Organization","@id":"https:\/\/nmc.sk\/en\/#organization","name":"NMC","url":"https:\/\/nmc.sk\/en\/","logo":{"@type":"ImageObject","inLanguage":"en-US","@id":"https:\/\/nmc.sk\/en\/#\/schema\/logo\/image\/","url":"","contentUrl":"","caption":"NMC"},"image":{"@id":"https:\/\/nmc.sk\/en\/#\/schema\/logo\/image\/"}}]}},"_links":{"self":[{"href":"https:\/\/nmc.sk\/en\/wp-json\/wp\/v2\/pages\/2070","targetHints":{"allow":["GET"]}}],"collection":[{"href":"https:\/\/nmc.sk\/en\/wp-json\/wp\/v2\/pages"}],"about":[{"href":"https:\/\/nmc.sk\/en\/wp-json\/wp\/v2\/types\/page"}],"author":[{"embeddable":true,"href":"https:\/\/nmc.sk\/en\/wp-json\/wp\/v2\/users\/2"}],"replies":[{"embeddable":true,"href":"https:\/\/nmc.sk\/en\/wp-json\/wp\/v2\/comments?post=2070"}],"version-history":[{"count":5,"href":"https:\/\/nmc.sk\/en\/wp-json\/wp\/v2\/pages\/2070\/revisions"}],"predecessor-version":[{"id":2932,"href":"https:\/\/nmc.sk\/en\/wp-json\/wp\/v2\/pages\/2070\/revisions\/2932"}],"wp:attachment":[{"href":"https:\/\/nmc.sk\/en\/wp-json\/wp\/v2\/media?parent=2070"}],"curies":[{"name":"wp","href":"https:\/\/api.w.org\/{rel}","templated":true}]}}