{"id":2074,"date":"2020-08-05T12:13:55","date_gmt":"2020-08-05T10:13:55","guid":{"rendered":"http:\/\/nmc.sk\/?page_id=2074"},"modified":"2021-08-28T15:48:37","modified_gmt":"2021-08-28T13:48:37","slug":"roman-hubalek","status":"publish","type":"page","link":"https:\/\/nmc.sk\/en\/roman-hubalek\/","title":{"rendered":"Roman Hub\u00e1lek"},"content":{"rendered":"<div class=\"wpb-content-wrapper\"><p>[vc_row full_width=&#8221;stretch_row&#8221; remove_padding=&#8221;no-padding-vc-row&#8221; bg_type=&#8221;grad&#8221; bg_grad=&#8221;background: -webkit-gradient(linear, left top, left bottom, color-stop(12%, #E6CA4F), color-stop(45%, #E6CA4F), color-stop(57%, #D79F28), color-stop(100%, #E6CA4F));background: -moz-linear-gradient(top,#E6CA4F 12%,#E6CA4F 45%,#D79F28 57%,#E6CA4F 100%);background: -webkit-linear-gradient(top,#E6CA4F 12%,#E6CA4F 45%,#D79F28 57%,#E6CA4F 100%);background: -o-linear-gradient(top,#E6CA4F 12%,#E6CA4F 45%,#D79F28 57%,#E6CA4F 100%);background: -ms-linear-gradient(top,#E6CA4F 12%,#E6CA4F 45%,#D79F28 57%,#E6CA4F 100%);background: linear-gradient(top,#E6CA4F 12%,#E6CA4F 45%,#D79F28 57%,#E6CA4F 100%);&#8221;][vc_column]<div class=\"ult-content-box-container \" >\t\t<div class=\"ult-content-box\" style=\"box-shadow: px px px px none;-webkit-transition: all 700ms ease;-moz-transition: all 700ms ease;-ms-transition: all 700ms ease;-o-transition: all 700ms ease;transition: all 700ms ease;\"  data-hover_box_shadow=\"none\"    >[vc_row_inner content_placement=&#8221;middle&#8221;][vc_column_inner width=&#8221;1\/4&#8243;][vc_single_image image=&#8221;2075&#8243; img_size=&#8221;full&#8221; alignment=&#8221;center&#8221; style=&#8221;vc_box_border_circle_2&#8243; border_color=&#8221;white&#8221; css_animation=&#8221;right-to-left&#8221; css=&#8221;.vc_custom_1596622241119{padding-top: 150px !important;}&#8221;][vc_empty_space height=&#8221;200&#8243;][\/vc_column_inner][vc_column_inner width=&#8221;3\/4&#8243; css=&#8221;.vc_custom_1596614331624{padding-left: 50px !important;}&#8221;][vc_empty_space height=&#8221;10&#8243;][vc_custom_heading text=&#8221;11th INTERNATIONAL EXPERTS&#8217; CONFERENCE&#8221; font_container=&#8221;tag:h3|font_size:20|text_align:left|color:%230a0a0a|line_height:1&#8243; google_fonts=&#8221;font_family:Open%20Sans%3A300%2C300italic%2Cregular%2Citalic%2C600%2C600italic%2C700%2C700italic%2C800%2C800italic&#8221;][vc_custom_heading text=&#8221;ENVIROMANAGEMENT 2021&#8243; font_container=&#8221;tag:h3|font_size:32|text_align:left|color:%23ad643a|line_height:1&#8243; google_fonts=&#8221;font_family:Open%20Sans%3A300%2C300italic%2Cregular%2Citalic%2C600%2C600italic%2C700%2C700italic%2C800%2C800italic&#8221; css_animation=&#8221;none&#8221;][vc_empty_space height=&#8221;10&#8243;][vc_custom_heading text=&#8221;WASTE INFRASTRUCTURE&#8221; font_container=&#8221;tag:h3|font_size:32|text_align:left|line_height:1&#8243; google_fonts=&#8221;font_family:Open%20Sans%3A300%2C300italic%2Cregular%2Citalic%2C600%2C600italic%2C700%2C700italic%2C800%2C800italic&#8221;][vc_empty_space height=&#8221;12&#8243;][vc_custom_heading text=&#8221;OCTOBER 4 &#8211; 5, 2021<br \/>\nHOTEL PATRIA****, \u0160TRBSK\u00c9 PLESO, HIGH TATRAS, SLOVAKIA&#8221; font_container=&#8221;tag:h4|font_size:17|text_align:left|color:%23000000|line_height:1.5&#8243; google_fonts=&#8221;font_family:Open%20Sans%3A300%2C300italic%2Cregular%2Citalic%2C600%2C600italic%2C700%2C700italic%2C800%2C800italic&#8221;][vc_empty_space height=&#8221;80&#8243;][\/vc_column_inner][\/vc_row_inner]\t\t<\/div><\/div>[\/vc_column][\/vc_row][vc_row full_width=&#8221;stretch_row&#8221; equal_height=&#8221;yes&#8221; content_placement=&#8221;top&#8221; color_style=&#8221;light&#8221; remove_padding=&#8221;no-padding-vc-row&#8221; bg_type=&#8221;bg_color&#8221; css=&#8221;.vc_custom_1596614996720{padding-top: 50px !important;padding-bottom: 50px !important;}&#8221; bg_color_value=&#8221;#91643e&#8221;][vc_column]<div class=\"ult-content-box-container \" >\t\t<div class=\"ult-content-box\" style=\"box-shadow: px px px px none;-webkit-transition: all 700ms ease;-moz-transition: all 700ms ease;-ms-transition: all 700ms ease;-o-transition: all 700ms ease;transition: all 700ms ease;\"  data-hover_box_shadow=\"none\"    >[vc_row_inner equal_height=&#8221;yes&#8221; content_placement=&#8221;middle&#8221;][vc_column_inner width=&#8221;1\/4&#8243; css=&#8221;.vc_custom_1596615129512{border-bottom-width: 1px !important;background-color: #664425 !important;border-bottom-color: #ffffff !important;border-bottom-style: dotted !important;border-radius: 1px !important;}&#8221;][vc_column_text]<strong>Lecturer<\/strong>[\/vc_column_text][\/vc_column_inner][vc_column_inner width=&#8221;3\/4&#8243; css=&#8221;.vc_custom_1596615104945{border-bottom-width: 1px !important;border-left-width: 1px !important;border-left-color: #ffffff !important;border-left-style: dotted !important;border-bottom-color: #ffffff !important;border-bottom-style: dotted !important;}&#8221;][vc_column_text]<strong>Roman Hub\u00e1lek<\/strong><\/p>\n<p>Area Sales Manager Czech republic and Slovakia<br \/>\nTOMRA Sorting s.r.o.<\/p>\n<p>Senec<br \/>\nSlovakia<\/p>\n<p><a href=\"https:\/\/www.tomra.com\/en\/sorting\/recycling\" target=\"_blank\" rel=\"noopener\"><img loading=\"lazy\" decoding=\"async\" class=\"alignnone size-full wp-image-2716\" src=\"https:\/\/nmc.sk\/wp-content\/uploads\/2021\/08\/tomra-logo-220.png\" alt=\"\" width=\"210\" height=\"44\" \/><\/a>[\/vc_column_text][\/vc_column_inner][\/vc_row_inner][vc_row_inner equal_height=&#8221;yes&#8221;][vc_column_inner width=&#8221;1\/4&#8243; css=&#8221;.vc_custom_1596615159231{border-bottom-width: 1px !important;background-color: #664425 !important;border-bottom-color: #ffffff !important;border-bottom-style: dotted !important;border-radius: 1px !important;}&#8221;][vc_column_text]<strong>Presentation<\/strong>[\/vc_column_text][\/vc_column_inner][vc_column_inner width=&#8221;3\/4&#8243; css=&#8221;.vc_custom_1596615178119{border-bottom-width: 1px !important;border-left-width: 1px !important;border-left-color: #ffffff !important;border-left-style: dotted !important;border-bottom-color: #ffffff !important;border-bottom-style: dotted !important;border-radius: 1px !important;}&#8221;][vc_column_text]Presentation TOMRA Sorting in Czech Republic and Slovakia. (PR presentation)<\/p>\n<p>Spolo\u010dnos\u0165 TOMRA Sorting v \u010ceskej republike a na Slovensku.<\/p>\n<p>[\/vc_column_text][\/vc_column_inner][\/vc_row_inner][vc_row_inner equal_height=&#8221;yes&#8221;][vc_column_inner width=&#8221;1\/4&#8243; css=&#8221;.vc_custom_1596615159231{border-bottom-width: 1px !important;background-color: #664425 !important;border-bottom-color: #ffffff !important;border-bottom-style: dotted !important;border-radius: 1px !important;}&#8221;][vc_column_text]<strong>Key Words<\/strong>[\/vc_column_text][\/vc_column_inner][vc_column_inner width=&#8221;3\/4&#8243; css=&#8221;.vc_custom_1596615178119{border-bottom-width: 1px !important;border-left-width: 1px !important;border-left-color: #ffffff !important;border-left-style: dotted !important;border-bottom-color: #ffffff !important;border-bottom-style: dotted !important;border-radius: 1px !important;}&#8221;][vc_column_text]TOMRA Sorting, Recycling, optical sorting[\/vc_column_text][\/vc_column_inner][\/vc_row_inner][vc_row_inner equal_height=&#8221;yes&#8221;][vc_column_inner width=&#8221;1\/4&#8243; css=&#8221;.vc_custom_1596615159231{border-bottom-width: 1px !important;background-color: #664425 !important;border-bottom-color: #ffffff !important;border-bottom-style: dotted !important;border-radius: 1px !important;}&#8221;][vc_column_text]<strong>Annotation<\/strong>[\/vc_column_text][\/vc_column_inner][vc_column_inner width=&#8221;3\/4&#8243; css=&#8221;.vc_custom_1596615178119{border-bottom-width: 1px !important;border-left-width: 1px !important;border-left-color: #ffffff !important;border-left-style: dotted !important;border-bottom-color: #ffffff !important;border-bottom-style: dotted !important;border-radius: 1px !important;}&#8221;][vc_column_text]Tomra Sorting is the leading company in advanced sensor-assisted sorting machines.<\/p>\n<p>Tomra Sorting is providing solution for wide range of segments in region of Central Europe (metal and electronic scrap recycling, plastic recycling, wood and paper sorting, RDF production, MSW recycling, \u2026 ).<\/p>\n<p>Tomra Sorting production portfolio is proposing brand machines: Autosort, Innosort, Finder, Combisense, X-Tract.<\/p>\n<p>New generation of brand Autosort has been introduced to the market in June 2020.<\/p>\n<p>Modern production facility TOMRA Sorting s.r.o. is located in Senec. Plant is one of the largest production facilities of TOMRA Group worldwide.[\/vc_column_text][\/vc_column_inner][\/vc_row_inner][vc_row_inner equal_height=&#8221;yes&#8221;][vc_column_inner width=&#8221;1\/4&#8243; css=&#8221;.vc_custom_1596615159231{border-bottom-width: 1px !important;background-color: #664425 !important;border-bottom-color: #ffffff !important;border-bottom-style: dotted !important;border-radius: 1px !important;}&#8221;][vc_column_text]<strong>Lecturer\u2019s Profile<\/strong>[\/vc_column_text][\/vc_column_inner][vc_column_inner width=&#8221;3\/4&#8243; css=&#8221;.vc_custom_1596615178119{border-bottom-width: 1px !important;border-left-width: 1px !important;border-left-color: #ffffff !important;border-left-style: dotted !important;border-bottom-color: #ffffff !important;border-bottom-style: dotted !important;border-radius: 1px !important;}&#8221;][vc_column_text]Roman Hub\u00e1lek &#8211; TOMRA Sorting s.r.o., Area Sales Manager Czech Republic and Slovakia.<br \/>\nHe has been professionally involved in the environmental management for over 16 years. For last 5 years he was responsible for developing activity in recycling industry. Since 2020 he has been managing TOMRA Sorting sales activity in the Czech Republic and Slovakia.[\/vc_column_text][\/vc_column_inner][\/vc_row_inner][vc_row_inner equal_height=&#8221;yes&#8221;][vc_column_inner width=&#8221;1\/4&#8243; css=&#8221;.vc_custom_1596615159231{border-bottom-width: 1px !important;background-color: #664425 !important;border-bottom-color: #ffffff !important;border-bottom-style: dotted !important;border-radius: 1px !important;}&#8221;][vc_column_text]<strong>Organization\u2019s Profile<\/strong>[\/vc_column_text][\/vc_column_inner][vc_column_inner width=&#8221;3\/4&#8243; css=&#8221;.vc_custom_1596615178119{border-bottom-width: 1px !important;border-left-width: 1px !important;border-left-color: #ffffff !important;border-left-style: dotted !important;border-bottom-color: #ffffff !important;border-bottom-style: dotted !important;border-radius: 1px !important;}&#8221;][vc_column_text]TOMRA Sorting designs, manufactures and supplies advanced sensor-assisted sorting technologies for the waste treatment and recycling industry, remaining a leader on the global and Polish market. In Poland, the Czech Republic, Slovakia, Lithuania, Latvia and Estonia, more than 100 treatment and recycling plants have been already using TOMRA Sorting technologies.[\/vc_column_text][\/vc_column_inner][\/vc_row_inner][vc_row_inner equal_height=&#8221;yes&#8221;][vc_column_inner width=&#8221;1\/4&#8243; css=&#8221;.vc_custom_1596615159231{border-bottom-width: 1px !important;background-color: #664425 !important;border-bottom-color: #ffffff !important;border-bottom-style: dotted !important;border-radius: 1px !important;}&#8221;][vc_column_text]<strong>K\u013e\u00fa\u010dov\u00e9 slov\u00e1<\/strong>[\/vc_column_text][\/vc_column_inner][vc_column_inner width=&#8221;3\/4&#8243; css=&#8221;.vc_custom_1596615178119{border-bottom-width: 1px !important;border-left-width: 1px !important;border-left-color: #ffffff !important;border-left-style: dotted !important;border-bottom-color: #ffffff !important;border-bottom-style: dotted !important;border-radius: 1px !important;}&#8221;][\/vc_column_inner][\/vc_row_inner][vc_row_inner equal_height=&#8221;yes&#8221;][vc_column_inner width=&#8221;1\/4&#8243; css=&#8221;.vc_custom_1596615159231{border-bottom-width: 1px !important;background-color: #664425 !important;border-bottom-color: #ffffff !important;border-bottom-style: dotted !important;border-radius: 1px !important;}&#8221;][vc_column_text]<strong>Anot\u00e1cia<\/strong>[\/vc_column_text][\/vc_column_inner][vc_column_inner width=&#8221;3\/4&#8243; css=&#8221;.vc_custom_1596615178119{border-bottom-width: 1px !important;border-left-width: 1px !important;border-left-color: #ffffff !important;border-left-style: dotted !important;border-bottom-color: #ffffff !important;border-bottom-style: dotted !important;border-radius: 1px !important;}&#8221;][\/vc_column_inner][\/vc_row_inner][vc_row_inner equal_height=&#8221;yes&#8221;][vc_column_inner width=&#8221;1\/4&#8243; css=&#8221;.vc_custom_1596615159231{border-bottom-width: 1px !important;background-color: #664425 !important;border-bottom-color: #ffffff !important;border-bottom-style: dotted !important;border-radius: 1px !important;}&#8221;][vc_column_text]<strong>Profil predn\u00e1\u0161aj\u00faceho<\/strong>[\/vc_column_text][\/vc_column_inner][vc_column_inner width=&#8221;3\/4&#8243; css=&#8221;.vc_custom_1596615178119{border-bottom-width: 1px !important;border-left-width: 1px !important;border-left-color: #ffffff !important;border-left-style: dotted !important;border-bottom-color: #ffffff !important;border-bottom-style: dotted !important;border-radius: 1px !important;}&#8221;][\/vc_column_inner][\/vc_row_inner][vc_row_inner equal_height=&#8221;yes&#8221;][vc_column_inner width=&#8221;1\/4&#8243; css=&#8221;.vc_custom_1596615542490{background-color: #664425 !important;border-radius: 1px !important;}&#8221;][vc_column_text]<strong>Profil organiz\u00e1cie<\/strong>[\/vc_column_text][\/vc_column_inner][vc_column_inner width=&#8221;3\/4&#8243; css=&#8221;.vc_custom_1596615533000{border-left-width: 1px !important;border-left-color: #ffffff !important;border-left-style: dotted !important;border-radius: 1px !important;}&#8221;][\/vc_column_inner][\/vc_row_inner]\t\t<\/div><\/div>[\/vc_column][\/vc_row]<\/p>\n<\/div>","protected":false},"excerpt":{"rendered":"<p>[vc_row full_width=&#8221;stretch_row&#8221; remove_padding=&#8221;no-padding-vc-row&#8221; bg_type=&#8221;grad&#8221; bg_grad=&#8221;background: -webkit-gradient(linear, left top, left bottom, color-stop(12%, #E6CA4F), color-stop(45%, #E6CA4F), color-stop(57%, #D79F28), color-stop(100%, #E6CA4F));background: -moz-linear-gradient(top,#E6CA4F 12%,#E6CA4F 45%,#D79F28 57%,#E6CA4F 100%);background: -webkit-linear-gradient(top,#E6CA4F 12%,#E6CA4F 45%,#D79F28 57%,#E6CA4F 100%);background: -o-linear-gradient(top,#E6CA4F 12%,#E6CA4F 45%,#D79F28 57%,#E6CA4F 100%);background: -ms-linear-gradient(top,#E6CA4F 12%,#E6CA4F 45%,#D79F28 57%,#E6CA4F 100%);background: linear-gradient(top,#E6CA4F 12%,#E6CA4F&#8230;<\/p>\n","protected":false},"author":2,"featured_media":0,"parent":0,"menu_order":0,"comment_status":"closed","ping_status":"closed","template":"","meta":{"footnotes":""},"class_list":["post-2074","page","type-page","status-publish","hentry"],"yoast_head":"<!-- This site is optimized with the Yoast SEO plugin v27.4 - https:\/\/yoast.com\/product\/yoast-seo-wordpress\/ -->\n<title>Roman Hub\u00e1lek - NMC<\/title>\n<meta name=\"robots\" content=\"index, follow, max-snippet:-1, max-image-preview:large, max-video-preview:-1\" \/>\n<link rel=\"canonical\" href=\"https:\/\/nmc.sk\/en\/roman-hubalek\/\" \/>\n<meta property=\"og:locale\" content=\"en_US\" \/>\n<meta property=\"og:type\" content=\"article\" \/>\n<meta property=\"og:title\" content=\"Roman Hub\u00e1lek - NMC\" \/>\n<meta property=\"og:description\" content=\"[vc_row full_width=&#8221;stretch_row&#8221; remove_padding=&#8221;no-padding-vc-row&#8221; bg_type=&#8221;grad&#8221; bg_grad=&#8221;background: -webkit-gradient(linear, left top, left bottom, color-stop(12%, #E6CA4F), color-stop(45%, #E6CA4F), color-stop(57%, #D79F28), color-stop(100%, #E6CA4F));background: -moz-linear-gradient(top,#E6CA4F 12%,#E6CA4F 45%,#D79F28 57%,#E6CA4F 100%);background: -webkit-linear-gradient(top,#E6CA4F 12%,#E6CA4F 45%,#D79F28 57%,#E6CA4F 100%);background: -o-linear-gradient(top,#E6CA4F 12%,#E6CA4F 45%,#D79F28 57%,#E6CA4F 100%);background: -ms-linear-gradient(top,#E6CA4F 12%,#E6CA4F 45%,#D79F28 57%,#E6CA4F 100%);background: linear-gradient(top,#E6CA4F 12%,#E6CA4F...\" \/>\n<meta property=\"og:url\" content=\"https:\/\/nmc.sk\/en\/roman-hubalek\/\" \/>\n<meta property=\"og:site_name\" content=\"NMC\" \/>\n<meta property=\"article:modified_time\" content=\"2021-08-28T13:48:37+00:00\" \/>\n<meta property=\"og:image\" content=\"https:\/\/nmc.sk\/wp-content\/uploads\/2021\/08\/tomra-logo-220.png\" \/>\n\t<meta property=\"og:image:width\" content=\"210\" \/>\n\t<meta property=\"og:image:height\" content=\"44\" \/>\n\t<meta property=\"og:image:type\" content=\"image\/png\" \/>\n<meta name=\"twitter:card\" content=\"summary_large_image\" \/>\n<meta name=\"twitter:label1\" content=\"Est. reading time\" \/>\n\t<meta name=\"twitter:data1\" content=\"7 minutes\" \/>\n<script type=\"application\/ld+json\" class=\"yoast-schema-graph\">{\"@context\":\"https:\\\/\\\/schema.org\",\"@graph\":[{\"@type\":\"WebPage\",\"@id\":\"https:\\\/\\\/nmc.sk\\\/en\\\/roman-hubalek\\\/\",\"url\":\"https:\\\/\\\/nmc.sk\\\/en\\\/roman-hubalek\\\/\",\"name\":\"Roman Hub\u00e1lek - NMC\",\"isPartOf\":{\"@id\":\"https:\\\/\\\/nmc.sk\\\/en\\\/#website\"},\"primaryImageOfPage\":{\"@id\":\"https:\\\/\\\/nmc.sk\\\/en\\\/roman-hubalek\\\/#primaryimage\"},\"image\":{\"@id\":\"https:\\\/\\\/nmc.sk\\\/en\\\/roman-hubalek\\\/#primaryimage\"},\"thumbnailUrl\":\"https:\\\/\\\/nmc.sk\\\/wp-content\\\/uploads\\\/2021\\\/08\\\/tomra-logo-220.png\",\"datePublished\":\"2020-08-05T10:13:55+00:00\",\"dateModified\":\"2021-08-28T13:48:37+00:00\",\"breadcrumb\":{\"@id\":\"https:\\\/\\\/nmc.sk\\\/en\\\/roman-hubalek\\\/#breadcrumb\"},\"inLanguage\":\"en-US\",\"potentialAction\":[{\"@type\":\"ReadAction\",\"target\":[\"https:\\\/\\\/nmc.sk\\\/en\\\/roman-hubalek\\\/\"]}]},{\"@type\":\"ImageObject\",\"inLanguage\":\"en-US\",\"@id\":\"https:\\\/\\\/nmc.sk\\\/en\\\/roman-hubalek\\\/#primaryimage\",\"url\":\"https:\\\/\\\/nmc.sk\\\/wp-content\\\/uploads\\\/2021\\\/08\\\/tomra-logo-220.png\",\"contentUrl\":\"https:\\\/\\\/nmc.sk\\\/wp-content\\\/uploads\\\/2021\\\/08\\\/tomra-logo-220.png\"},{\"@type\":\"BreadcrumbList\",\"@id\":\"https:\\\/\\\/nmc.sk\\\/en\\\/roman-hubalek\\\/#breadcrumb\",\"itemListElement\":[{\"@type\":\"ListItem\",\"position\":1,\"name\":\"Home\",\"item\":\"https:\\\/\\\/nmc.sk\\\/en\\\/\"},{\"@type\":\"ListItem\",\"position\":2,\"name\":\"Roman Hub\u00e1lek\"}]},{\"@type\":\"WebSite\",\"@id\":\"https:\\\/\\\/nmc.sk\\\/en\\\/#website\",\"url\":\"https:\\\/\\\/nmc.sk\\\/en\\\/\",\"name\":\"NMC\",\"description\":\"\",\"publisher\":{\"@id\":\"https:\\\/\\\/nmc.sk\\\/en\\\/#organization\"},\"potentialAction\":[{\"@type\":\"SearchAction\",\"target\":{\"@type\":\"EntryPoint\",\"urlTemplate\":\"https:\\\/\\\/nmc.sk\\\/en\\\/?s={search_term_string}\"},\"query-input\":{\"@type\":\"PropertyValueSpecification\",\"valueRequired\":true,\"valueName\":\"search_term_string\"}}],\"inLanguage\":\"en-US\"},{\"@type\":\"Organization\",\"@id\":\"https:\\\/\\\/nmc.sk\\\/en\\\/#organization\",\"name\":\"NMC\",\"url\":\"https:\\\/\\\/nmc.sk\\\/en\\\/\",\"logo\":{\"@type\":\"ImageObject\",\"inLanguage\":\"en-US\",\"@id\":\"https:\\\/\\\/nmc.sk\\\/en\\\/#\\\/schema\\\/logo\\\/image\\\/\",\"url\":\"\",\"contentUrl\":\"\",\"caption\":\"NMC\"},\"image\":{\"@id\":\"https:\\\/\\\/nmc.sk\\\/en\\\/#\\\/schema\\\/logo\\\/image\\\/\"}}]}<\/script>\n<!-- \/ Yoast SEO plugin. -->","yoast_head_json":{"title":"Roman Hub\u00e1lek - NMC","robots":{"index":"index","follow":"follow","max-snippet":"max-snippet:-1","max-image-preview":"max-image-preview:large","max-video-preview":"max-video-preview:-1"},"canonical":"https:\/\/nmc.sk\/en\/roman-hubalek\/","og_locale":"en_US","og_type":"article","og_title":"Roman Hub\u00e1lek - NMC","og_description":"[vc_row full_width=&#8221;stretch_row&#8221; remove_padding=&#8221;no-padding-vc-row&#8221; bg_type=&#8221;grad&#8221; bg_grad=&#8221;background: -webkit-gradient(linear, left top, left bottom, color-stop(12%, #E6CA4F), color-stop(45%, #E6CA4F), color-stop(57%, #D79F28), color-stop(100%, #E6CA4F));background: -moz-linear-gradient(top,#E6CA4F 12%,#E6CA4F 45%,#D79F28 57%,#E6CA4F 100%);background: -webkit-linear-gradient(top,#E6CA4F 12%,#E6CA4F 45%,#D79F28 57%,#E6CA4F 100%);background: -o-linear-gradient(top,#E6CA4F 12%,#E6CA4F 45%,#D79F28 57%,#E6CA4F 100%);background: -ms-linear-gradient(top,#E6CA4F 12%,#E6CA4F 45%,#D79F28 57%,#E6CA4F 100%);background: linear-gradient(top,#E6CA4F 12%,#E6CA4F...","og_url":"https:\/\/nmc.sk\/en\/roman-hubalek\/","og_site_name":"NMC","article_modified_time":"2021-08-28T13:48:37+00:00","og_image":[{"width":210,"height":44,"url":"https:\/\/nmc.sk\/wp-content\/uploads\/2021\/08\/tomra-logo-220.png","type":"image\/png"}],"twitter_card":"summary_large_image","twitter_misc":{"Est. reading time":"7 minutes"},"schema":{"@context":"https:\/\/schema.org","@graph":[{"@type":"WebPage","@id":"https:\/\/nmc.sk\/en\/roman-hubalek\/","url":"https:\/\/nmc.sk\/en\/roman-hubalek\/","name":"Roman Hub\u00e1lek - NMC","isPartOf":{"@id":"https:\/\/nmc.sk\/en\/#website"},"primaryImageOfPage":{"@id":"https:\/\/nmc.sk\/en\/roman-hubalek\/#primaryimage"},"image":{"@id":"https:\/\/nmc.sk\/en\/roman-hubalek\/#primaryimage"},"thumbnailUrl":"https:\/\/nmc.sk\/wp-content\/uploads\/2021\/08\/tomra-logo-220.png","datePublished":"2020-08-05T10:13:55+00:00","dateModified":"2021-08-28T13:48:37+00:00","breadcrumb":{"@id":"https:\/\/nmc.sk\/en\/roman-hubalek\/#breadcrumb"},"inLanguage":"en-US","potentialAction":[{"@type":"ReadAction","target":["https:\/\/nmc.sk\/en\/roman-hubalek\/"]}]},{"@type":"ImageObject","inLanguage":"en-US","@id":"https:\/\/nmc.sk\/en\/roman-hubalek\/#primaryimage","url":"https:\/\/nmc.sk\/wp-content\/uploads\/2021\/08\/tomra-logo-220.png","contentUrl":"https:\/\/nmc.sk\/wp-content\/uploads\/2021\/08\/tomra-logo-220.png"},{"@type":"BreadcrumbList","@id":"https:\/\/nmc.sk\/en\/roman-hubalek\/#breadcrumb","itemListElement":[{"@type":"ListItem","position":1,"name":"Home","item":"https:\/\/nmc.sk\/en\/"},{"@type":"ListItem","position":2,"name":"Roman Hub\u00e1lek"}]},{"@type":"WebSite","@id":"https:\/\/nmc.sk\/en\/#website","url":"https:\/\/nmc.sk\/en\/","name":"NMC","description":"","publisher":{"@id":"https:\/\/nmc.sk\/en\/#organization"},"potentialAction":[{"@type":"SearchAction","target":{"@type":"EntryPoint","urlTemplate":"https:\/\/nmc.sk\/en\/?s={search_term_string}"},"query-input":{"@type":"PropertyValueSpecification","valueRequired":true,"valueName":"search_term_string"}}],"inLanguage":"en-US"},{"@type":"Organization","@id":"https:\/\/nmc.sk\/en\/#organization","name":"NMC","url":"https:\/\/nmc.sk\/en\/","logo":{"@type":"ImageObject","inLanguage":"en-US","@id":"https:\/\/nmc.sk\/en\/#\/schema\/logo\/image\/","url":"","contentUrl":"","caption":"NMC"},"image":{"@id":"https:\/\/nmc.sk\/en\/#\/schema\/logo\/image\/"}}]}},"_links":{"self":[{"href":"https:\/\/nmc.sk\/en\/wp-json\/wp\/v2\/pages\/2074","targetHints":{"allow":["GET"]}}],"collection":[{"href":"https:\/\/nmc.sk\/en\/wp-json\/wp\/v2\/pages"}],"about":[{"href":"https:\/\/nmc.sk\/en\/wp-json\/wp\/v2\/types\/page"}],"author":[{"embeddable":true,"href":"https:\/\/nmc.sk\/en\/wp-json\/wp\/v2\/users\/2"}],"replies":[{"embeddable":true,"href":"https:\/\/nmc.sk\/en\/wp-json\/wp\/v2\/comments?post=2074"}],"version-history":[{"count":5,"href":"https:\/\/nmc.sk\/en\/wp-json\/wp\/v2\/pages\/2074\/revisions"}],"predecessor-version":[{"id":2755,"href":"https:\/\/nmc.sk\/en\/wp-json\/wp\/v2\/pages\/2074\/revisions\/2755"}],"wp:attachment":[{"href":"https:\/\/nmc.sk\/en\/wp-json\/wp\/v2\/media?parent=2074"}],"curies":[{"name":"wp","href":"https:\/\/api.w.org\/{rel}","templated":true}]}}