{"id":2090,"date":"2020-08-05T12:30:56","date_gmt":"2020-08-05T10:30:56","guid":{"rendered":"http:\/\/nmc.sk\/?page_id=2090"},"modified":"2021-06-20T18:34:29","modified_gmt":"2021-06-20T16:34:29","slug":"petr-marek","status":"publish","type":"page","link":"https:\/\/nmc.sk\/en\/petr-marek\/","title":{"rendered":"Petr Marek"},"content":{"rendered":"<div class=\"wpb-content-wrapper\"><p>[vc_row full_width=&#8221;stretch_row&#8221; remove_padding=&#8221;no-padding-vc-row&#8221; bg_type=&#8221;grad&#8221; bg_grad=&#8221;background: -webkit-gradient(linear, left top, left bottom, color-stop(12%, #E6CA4F), color-stop(45%, #E6CA4F), color-stop(57%, #D79F28), color-stop(100%, #E6CA4F));background: -moz-linear-gradient(top,#E6CA4F 12%,#E6CA4F 45%,#D79F28 57%,#E6CA4F 100%);background: -webkit-linear-gradient(top,#E6CA4F 12%,#E6CA4F 45%,#D79F28 57%,#E6CA4F 100%);background: -o-linear-gradient(top,#E6CA4F 12%,#E6CA4F 45%,#D79F28 57%,#E6CA4F 100%);background: -ms-linear-gradient(top,#E6CA4F 12%,#E6CA4F 45%,#D79F28 57%,#E6CA4F 100%);background: linear-gradient(top,#E6CA4F 12%,#E6CA4F 45%,#D79F28 57%,#E6CA4F 100%);&#8221;][vc_column]<div class=\"ult-content-box-container \" >\t\t<div class=\"ult-content-box\" style=\"box-shadow: px px px px none;-webkit-transition: all 700ms ease;-moz-transition: all 700ms ease;-ms-transition: all 700ms ease;-o-transition: all 700ms ease;transition: all 700ms ease;\"  data-hover_box_shadow=\"none\"    >[vc_row_inner content_placement=&#8221;middle&#8221;][vc_column_inner width=&#8221;1\/4&#8243;][vc_single_image image=&#8221;2020&#8243; img_size=&#8221;medium&#8221; alignment=&#8221;center&#8221; style=&#8221;vc_box_border_circle_2&#8243; border_color=&#8221;white&#8221; css_animation=&#8221;right-to-left&#8221; css=&#8221;.vc_custom_1596623421619{padding-top: 150px !important;}&#8221;][vc_empty_space height=&#8221;200&#8243;][\/vc_column_inner][vc_column_inner width=&#8221;3\/4&#8243; css=&#8221;.vc_custom_1596614331624{padding-left: 50px !important;}&#8221;][vc_empty_space height=&#8221;10&#8243;][vc_custom_heading text=&#8221;11th INTERNATIONAL EXPERTS&#8217; CONFERENCE&#8221; font_container=&#8221;tag:h3|font_size:20|text_align:left|color:%230a0a0a|line_height:1&#8243; google_fonts=&#8221;font_family:Open%20Sans%3A300%2C300italic%2Cregular%2Citalic%2C600%2C600italic%2C700%2C700italic%2C800%2C800italic&#8221;][vc_custom_heading text=&#8221;ENVIROMANAGEMENT 2021&#8243; font_container=&#8221;tag:h3|font_size:32|text_align:left|color:%23ad643a|line_height:1&#8243; google_fonts=&#8221;font_family:Open%20Sans%3A300%2C300italic%2Cregular%2Citalic%2C600%2C600italic%2C700%2C700italic%2C800%2C800italic&#8221; css_animation=&#8221;none&#8221;][vc_empty_space height=&#8221;10&#8243;][vc_custom_heading text=&#8221;WASTE INFRASTRUCTURE&#8221; font_container=&#8221;tag:h3|font_size:32|text_align:left|line_height:1&#8243; google_fonts=&#8221;font_family:Open%20Sans%3A300%2C300italic%2Cregular%2Citalic%2C600%2C600italic%2C700%2C700italic%2C800%2C800italic&#8221;][vc_empty_space height=&#8221;12&#8243;][vc_custom_heading text=&#8221;OCTOBER 4 &#8211; 5, 2021<br \/>\nHOTEL PATRIA****, \u0160TRBSK\u00c9 PLESO, HIGH TATRAS, SLOVAKIA&#8221; font_container=&#8221;tag:h4|font_size:17|text_align:left|color:%23000000|line_height:1.5&#8243; google_fonts=&#8221;font_family:Open%20Sans%3A300%2C300italic%2Cregular%2Citalic%2C600%2C600italic%2C700%2C700italic%2C800%2C800italic&#8221;][vc_empty_space height=&#8221;80&#8243;][\/vc_column_inner][\/vc_row_inner]\t\t<\/div><\/div>[\/vc_column][\/vc_row][vc_row full_width=&#8221;stretch_row&#8221; equal_height=&#8221;yes&#8221; content_placement=&#8221;top&#8221; color_style=&#8221;light&#8221; remove_padding=&#8221;no-padding-vc-row&#8221; bg_type=&#8221;bg_color&#8221; css=&#8221;.vc_custom_1596614996720{padding-top: 50px !important;padding-bottom: 50px !important;}&#8221; bg_color_value=&#8221;#91643e&#8221;][vc_column]<div class=\"ult-content-box-container \" >\t\t<div class=\"ult-content-box\" style=\"box-shadow: px px px px none;-webkit-transition: all 700ms ease;-moz-transition: all 700ms ease;-ms-transition: all 700ms ease;-o-transition: all 700ms ease;transition: all 700ms ease;\"  data-hover_box_shadow=\"none\"    >[vc_row_inner equal_height=&#8221;yes&#8221; content_placement=&#8221;middle&#8221;][vc_column_inner width=&#8221;1\/4&#8243; css=&#8221;.vc_custom_1596615129512{border-bottom-width: 1px !important;background-color: #664425 !important;border-bottom-color: #ffffff !important;border-bottom-style: dotted !important;border-radius: 1px !important;}&#8221;][vc_column_text]<strong>Lecturer<\/strong>[\/vc_column_text][\/vc_column_inner][vc_column_inner width=&#8221;3\/4&#8243; css=&#8221;.vc_custom_1596615104945{border-bottom-width: 1px !important;border-left-width: 1px !important;border-left-color: #ffffff !important;border-left-style: dotted !important;border-bottom-color: #ffffff !important;border-bottom-style: dotted !important;}&#8221;][vc_column_text]<strong>Petr Marek<\/strong><\/p>\n<p>Technical Director<br \/>\nMarius Pedersen a.s.<\/p>\n<p>Hradec Kr\u00e1lov\u00e9<br \/>\nCzech Republic[\/vc_column_text][\/vc_column_inner][\/vc_row_inner][vc_row_inner equal_height=&#8221;yes&#8221;][vc_column_inner width=&#8221;1\/4&#8243; css=&#8221;.vc_custom_1596615159231{border-bottom-width: 1px !important;background-color: #664425 !important;border-bottom-color: #ffffff !important;border-bottom-style: dotted !important;border-radius: 1px !important;}&#8221;][vc_column_text]<strong>Presentation<\/strong>[\/vc_column_text][\/vc_column_inner][vc_column_inner width=&#8221;3\/4&#8243; css=&#8221;.vc_custom_1596615178119{border-bottom-width: 1px !important;border-left-width: 1px !important;border-left-color: #ffffff !important;border-left-style: dotted !important;border-bottom-color: #ffffff !important;border-bottom-style: dotted !important;border-radius: 1px !important;}&#8221;][vc_column_text]Analysis and optimization of municipal solid waste collection and processing of its sorted component.<\/p>\n<p>Anal\u00fdza a optimaliz\u00e1cia zvozu tuh\u00e9ho komun\u00e1lneho odpadu a spracovania jeho vytriedenej zlo\u017eky.[\/vc_column_text][\/vc_column_inner][\/vc_row_inner][vc_row_inner equal_height=&#8221;yes&#8221;][vc_column_inner width=&#8221;1\/4&#8243; css=&#8221;.vc_custom_1596615159231{border-bottom-width: 1px !important;background-color: #664425 !important;border-bottom-color: #ffffff !important;border-bottom-style: dotted !important;border-radius: 1px !important;}&#8221;][vc_column_text]<strong>Key Words<\/strong>[\/vc_column_text][\/vc_column_inner][vc_column_inner width=&#8221;3\/4&#8243; css=&#8221;.vc_custom_1596615178119{border-bottom-width: 1px !important;border-left-width: 1px !important;border-left-color: #ffffff !important;border-left-style: dotted !important;border-bottom-color: #ffffff !important;border-bottom-style: dotted !important;border-radius: 1px !important;}&#8221;][\/vc_column_inner][\/vc_row_inner][vc_row_inner equal_height=&#8221;yes&#8221;][vc_column_inner width=&#8221;1\/4&#8243; css=&#8221;.vc_custom_1596615159231{border-bottom-width: 1px !important;background-color: #664425 !important;border-bottom-color: #ffffff !important;border-bottom-style: dotted !important;border-radius: 1px !important;}&#8221;][vc_column_text]<strong>Annotation<\/strong>[\/vc_column_text][\/vc_column_inner][vc_column_inner width=&#8221;3\/4&#8243; css=&#8221;.vc_custom_1596615178119{border-bottom-width: 1px !important;border-left-width: 1px !important;border-left-color: #ffffff !important;border-left-style: dotted !important;border-bottom-color: #ffffff !important;border-bottom-style: dotted !important;border-radius: 1px !important;}&#8221;][vc_column_text]he pilot project in Hradec Kr\u00e1lov\u00e9 was the analysis of municipal waste quality with subsequent introduction of collection optimization in selected city areas aiming at the frequency change of MSW collection to 2 times per month (from originally 4 times per month) with the support of extended system of waste separation (note: Results of the pilot project are subsequently introduced also in other places of Czech Republic, where our company is operating). This method is then elaborated also with technical\/economic analysis as to how the selected separated waste components can be processed.[\/vc_column_text][\/vc_column_inner][\/vc_row_inner][vc_row_inner equal_height=&#8221;yes&#8221;][vc_column_inner width=&#8221;1\/4&#8243; css=&#8221;.vc_custom_1596615159231{border-bottom-width: 1px !important;background-color: #664425 !important;border-bottom-color: #ffffff !important;border-bottom-style: dotted !important;border-radius: 1px !important;}&#8221;][vc_column_text]<strong>Lecturer\u2019s Profile<\/strong>[\/vc_column_text][\/vc_column_inner][vc_column_inner width=&#8221;3\/4&#8243; css=&#8221;.vc_custom_1596615178119{border-bottom-width: 1px !important;border-left-width: 1px !important;border-left-color: #ffffff !important;border-left-style: dotted !important;border-bottom-color: #ffffff !important;border-bottom-style: dotted !important;border-radius: 1px !important;}&#8221;][\/vc_column_inner][\/vc_row_inner][vc_row_inner equal_height=&#8221;yes&#8221;][vc_column_inner width=&#8221;1\/4&#8243; css=&#8221;.vc_custom_1596615159231{border-bottom-width: 1px !important;background-color: #664425 !important;border-bottom-color: #ffffff !important;border-bottom-style: dotted !important;border-radius: 1px !important;}&#8221;][vc_column_text]<strong>Organization\u2019s Profile<\/strong>[\/vc_column_text][\/vc_column_inner][vc_column_inner width=&#8221;3\/4&#8243; css=&#8221;.vc_custom_1596615178119{border-bottom-width: 1px !important;border-left-width: 1px !important;border-left-color: #ffffff !important;border-left-style: dotted !important;border-bottom-color: #ffffff !important;border-bottom-style: dotted !important;border-radius: 1px !important;}&#8221;][\/vc_column_inner][\/vc_row_inner][vc_row_inner equal_height=&#8221;yes&#8221;][vc_column_inner width=&#8221;1\/4&#8243; css=&#8221;.vc_custom_1596615159231{border-bottom-width: 1px !important;background-color: #664425 !important;border-bottom-color: #ffffff !important;border-bottom-style: dotted !important;border-radius: 1px !important;}&#8221;][vc_column_text]<strong>K\u013e\u00fa\u010dov\u00e9 slov\u00e1<\/strong>[\/vc_column_text][\/vc_column_inner][vc_column_inner width=&#8221;3\/4&#8243; css=&#8221;.vc_custom_1596615178119{border-bottom-width: 1px !important;border-left-width: 1px !important;border-left-color: #ffffff !important;border-left-style: dotted !important;border-bottom-color: #ffffff !important;border-bottom-style: dotted !important;border-radius: 1px !important;}&#8221;][\/vc_column_inner][\/vc_row_inner][vc_row_inner equal_height=&#8221;yes&#8221;][vc_column_inner width=&#8221;1\/4&#8243; css=&#8221;.vc_custom_1596615159231{border-bottom-width: 1px !important;background-color: #664425 !important;border-bottom-color: #ffffff !important;border-bottom-style: dotted !important;border-radius: 1px !important;}&#8221;][vc_column_text]<strong>Anot\u00e1cia<\/strong>[\/vc_column_text][\/vc_column_inner][vc_column_inner width=&#8221;3\/4&#8243; css=&#8221;.vc_custom_1596615178119{border-bottom-width: 1px !important;border-left-width: 1px !important;border-left-color: #ffffff !important;border-left-style: dotted !important;border-bottom-color: #ffffff !important;border-bottom-style: dotted !important;border-radius: 1px !important;}&#8221;][vc_column_text]Pilotn\u00edm projektem v Hradci Kr\u00e1lov\u00e9 byla anal\u00fdza kvality komun\u00e1ln\u00edho odpadu s n\u00e1sledn\u00fdm zaveden\u00edm ve vybran\u00fdch \u010d\u00e1stech m\u011bsta optimalizace svozu s c\u00edlem zm\u011bny \u010detnosti sb\u011bru TKO na 2x za m\u011bs\u00edc (p\u016fvodn\u011b 4x m\u011bs\u00ed\u010dn\u011b) s podporou roz\u0161\u00ed\u0159en\u00ed syst\u00e9mu t\u0159\u00edd\u011bn\u00ed odpadu (pouz. V\u00fdsledky pilotn\u00edho projektu se n\u00e1sledn\u011b zav\u00e1d\u00ed i na ostatn\u00ed m\u00edsta \u010cR, kde p\u016fsob\u00ed na\u0161e spole\u010dnost) . Tento zp\u016fsob je n\u00e1sledn\u011b rozpracov\u00e1n i o technickou \/ ekonomickou anal\u00fdzu, jak\u00fdm zp\u016fsobem je mo\u017en\u00e9 zpracovat vybran\u00e9 vyt\u0159\u00edd\u011bn\u00e9 slo\u017eky odpadu.[\/vc_column_text][\/vc_column_inner][\/vc_row_inner][vc_row_inner equal_height=&#8221;yes&#8221;][vc_column_inner width=&#8221;1\/4&#8243; css=&#8221;.vc_custom_1596615159231{border-bottom-width: 1px !important;background-color: #664425 !important;border-bottom-color: #ffffff !important;border-bottom-style: dotted !important;border-radius: 1px !important;}&#8221;][vc_column_text]<strong>Profil predn\u00e1\u0161aj\u00faceho<\/strong>[\/vc_column_text][\/vc_column_inner][vc_column_inner width=&#8221;3\/4&#8243; css=&#8221;.vc_custom_1596615178119{border-bottom-width: 1px !important;border-left-width: 1px !important;border-left-color: #ffffff !important;border-left-style: dotted !important;border-bottom-color: #ffffff !important;border-bottom-style: dotted !important;border-radius: 1px !important;}&#8221;][\/vc_column_inner][\/vc_row_inner][vc_row_inner equal_height=&#8221;yes&#8221;][vc_column_inner width=&#8221;1\/4&#8243; css=&#8221;.vc_custom_1596615542490{background-color: #664425 !important;border-radius: 1px !important;}&#8221;][vc_column_text]<strong>Profil organiz\u00e1cie<\/strong>[\/vc_column_text][\/vc_column_inner][vc_column_inner width=&#8221;3\/4&#8243; css=&#8221;.vc_custom_1596615533000{border-left-width: 1px !important;border-left-color: #ffffff !important;border-left-style: dotted !important;border-radius: 1px !important;}&#8221;][\/vc_column_inner][\/vc_row_inner]\t\t<\/div><\/div>[\/vc_column][\/vc_row]<\/p>\n<\/div>","protected":false},"excerpt":{"rendered":"<p>[vc_row full_width=&#8221;stretch_row&#8221; remove_padding=&#8221;no-padding-vc-row&#8221; bg_type=&#8221;grad&#8221; bg_grad=&#8221;background: -webkit-gradient(linear, left top, left bottom, color-stop(12%, #E6CA4F), color-stop(45%, #E6CA4F), color-stop(57%, #D79F28), color-stop(100%, #E6CA4F));background: -moz-linear-gradient(top,#E6CA4F 12%,#E6CA4F 45%,#D79F28 57%,#E6CA4F 100%);background: -webkit-linear-gradient(top,#E6CA4F 12%,#E6CA4F 45%,#D79F28 57%,#E6CA4F 100%);background: -o-linear-gradient(top,#E6CA4F 12%,#E6CA4F 45%,#D79F28 57%,#E6CA4F 100%);background: -ms-linear-gradient(top,#E6CA4F 12%,#E6CA4F 45%,#D79F28 57%,#E6CA4F 100%);background: linear-gradient(top,#E6CA4F 12%,#E6CA4F&#8230;<\/p>\n","protected":false},"author":2,"featured_media":0,"parent":0,"menu_order":0,"comment_status":"closed","ping_status":"closed","template":"","meta":{"footnotes":""},"class_list":["post-2090","page","type-page","status-publish","hentry"],"yoast_head":"<!-- This site is optimized with the Yoast SEO plugin v27.4 - https:\/\/yoast.com\/product\/yoast-seo-wordpress\/ -->\n<title>Petr Marek - NMC<\/title>\n<meta name=\"robots\" content=\"index, follow, max-snippet:-1, max-image-preview:large, max-video-preview:-1\" \/>\n<link rel=\"canonical\" href=\"https:\/\/nmc.sk\/en\/petr-marek\/\" \/>\n<meta property=\"og:locale\" content=\"en_US\" \/>\n<meta property=\"og:type\" content=\"article\" \/>\n<meta property=\"og:title\" content=\"Petr Marek - NMC\" \/>\n<meta property=\"og:description\" content=\"[vc_row full_width=&#8221;stretch_row&#8221; remove_padding=&#8221;no-padding-vc-row&#8221; bg_type=&#8221;grad&#8221; bg_grad=&#8221;background: -webkit-gradient(linear, left top, left bottom, color-stop(12%, #E6CA4F), color-stop(45%, #E6CA4F), color-stop(57%, #D79F28), color-stop(100%, #E6CA4F));background: -moz-linear-gradient(top,#E6CA4F 12%,#E6CA4F 45%,#D79F28 57%,#E6CA4F 100%);background: -webkit-linear-gradient(top,#E6CA4F 12%,#E6CA4F 45%,#D79F28 57%,#E6CA4F 100%);background: -o-linear-gradient(top,#E6CA4F 12%,#E6CA4F 45%,#D79F28 57%,#E6CA4F 100%);background: -ms-linear-gradient(top,#E6CA4F 12%,#E6CA4F 45%,#D79F28 57%,#E6CA4F 100%);background: linear-gradient(top,#E6CA4F 12%,#E6CA4F...\" \/>\n<meta property=\"og:url\" content=\"https:\/\/nmc.sk\/en\/petr-marek\/\" \/>\n<meta property=\"og:site_name\" content=\"NMC\" \/>\n<meta property=\"article:modified_time\" content=\"2021-06-20T16:34:29+00:00\" \/>\n<meta name=\"twitter:card\" content=\"summary_large_image\" \/>\n<meta name=\"twitter:label1\" content=\"Est. reading time\" \/>\n\t<meta name=\"twitter:data1\" content=\"7 minutes\" \/>\n<script type=\"application\/ld+json\" class=\"yoast-schema-graph\">{\"@context\":\"https:\\\/\\\/schema.org\",\"@graph\":[{\"@type\":\"WebPage\",\"@id\":\"https:\\\/\\\/nmc.sk\\\/en\\\/petr-marek\\\/\",\"url\":\"https:\\\/\\\/nmc.sk\\\/en\\\/petr-marek\\\/\",\"name\":\"Petr Marek - NMC\",\"isPartOf\":{\"@id\":\"https:\\\/\\\/nmc.sk\\\/en\\\/#website\"},\"datePublished\":\"2020-08-05T10:30:56+00:00\",\"dateModified\":\"2021-06-20T16:34:29+00:00\",\"breadcrumb\":{\"@id\":\"https:\\\/\\\/nmc.sk\\\/en\\\/petr-marek\\\/#breadcrumb\"},\"inLanguage\":\"en-US\",\"potentialAction\":[{\"@type\":\"ReadAction\",\"target\":[\"https:\\\/\\\/nmc.sk\\\/en\\\/petr-marek\\\/\"]}]},{\"@type\":\"BreadcrumbList\",\"@id\":\"https:\\\/\\\/nmc.sk\\\/en\\\/petr-marek\\\/#breadcrumb\",\"itemListElement\":[{\"@type\":\"ListItem\",\"position\":1,\"name\":\"Home\",\"item\":\"https:\\\/\\\/nmc.sk\\\/en\\\/\"},{\"@type\":\"ListItem\",\"position\":2,\"name\":\"Petr Marek\"}]},{\"@type\":\"WebSite\",\"@id\":\"https:\\\/\\\/nmc.sk\\\/en\\\/#website\",\"url\":\"https:\\\/\\\/nmc.sk\\\/en\\\/\",\"name\":\"NMC\",\"description\":\"\",\"publisher\":{\"@id\":\"https:\\\/\\\/nmc.sk\\\/en\\\/#organization\"},\"potentialAction\":[{\"@type\":\"SearchAction\",\"target\":{\"@type\":\"EntryPoint\",\"urlTemplate\":\"https:\\\/\\\/nmc.sk\\\/en\\\/?s={search_term_string}\"},\"query-input\":{\"@type\":\"PropertyValueSpecification\",\"valueRequired\":true,\"valueName\":\"search_term_string\"}}],\"inLanguage\":\"en-US\"},{\"@type\":\"Organization\",\"@id\":\"https:\\\/\\\/nmc.sk\\\/en\\\/#organization\",\"name\":\"NMC\",\"url\":\"https:\\\/\\\/nmc.sk\\\/en\\\/\",\"logo\":{\"@type\":\"ImageObject\",\"inLanguage\":\"en-US\",\"@id\":\"https:\\\/\\\/nmc.sk\\\/en\\\/#\\\/schema\\\/logo\\\/image\\\/\",\"url\":\"\",\"contentUrl\":\"\",\"caption\":\"NMC\"},\"image\":{\"@id\":\"https:\\\/\\\/nmc.sk\\\/en\\\/#\\\/schema\\\/logo\\\/image\\\/\"}}]}<\/script>\n<!-- \/ Yoast SEO plugin. -->","yoast_head_json":{"title":"Petr Marek - NMC","robots":{"index":"index","follow":"follow","max-snippet":"max-snippet:-1","max-image-preview":"max-image-preview:large","max-video-preview":"max-video-preview:-1"},"canonical":"https:\/\/nmc.sk\/en\/petr-marek\/","og_locale":"en_US","og_type":"article","og_title":"Petr Marek - NMC","og_description":"[vc_row full_width=&#8221;stretch_row&#8221; remove_padding=&#8221;no-padding-vc-row&#8221; bg_type=&#8221;grad&#8221; bg_grad=&#8221;background: -webkit-gradient(linear, left top, left bottom, color-stop(12%, #E6CA4F), color-stop(45%, #E6CA4F), color-stop(57%, #D79F28), color-stop(100%, #E6CA4F));background: -moz-linear-gradient(top,#E6CA4F 12%,#E6CA4F 45%,#D79F28 57%,#E6CA4F 100%);background: -webkit-linear-gradient(top,#E6CA4F 12%,#E6CA4F 45%,#D79F28 57%,#E6CA4F 100%);background: -o-linear-gradient(top,#E6CA4F 12%,#E6CA4F 45%,#D79F28 57%,#E6CA4F 100%);background: -ms-linear-gradient(top,#E6CA4F 12%,#E6CA4F 45%,#D79F28 57%,#E6CA4F 100%);background: linear-gradient(top,#E6CA4F 12%,#E6CA4F...","og_url":"https:\/\/nmc.sk\/en\/petr-marek\/","og_site_name":"NMC","article_modified_time":"2021-06-20T16:34:29+00:00","twitter_card":"summary_large_image","twitter_misc":{"Est. reading time":"7 minutes"},"schema":{"@context":"https:\/\/schema.org","@graph":[{"@type":"WebPage","@id":"https:\/\/nmc.sk\/en\/petr-marek\/","url":"https:\/\/nmc.sk\/en\/petr-marek\/","name":"Petr Marek - NMC","isPartOf":{"@id":"https:\/\/nmc.sk\/en\/#website"},"datePublished":"2020-08-05T10:30:56+00:00","dateModified":"2021-06-20T16:34:29+00:00","breadcrumb":{"@id":"https:\/\/nmc.sk\/en\/petr-marek\/#breadcrumb"},"inLanguage":"en-US","potentialAction":[{"@type":"ReadAction","target":["https:\/\/nmc.sk\/en\/petr-marek\/"]}]},{"@type":"BreadcrumbList","@id":"https:\/\/nmc.sk\/en\/petr-marek\/#breadcrumb","itemListElement":[{"@type":"ListItem","position":1,"name":"Home","item":"https:\/\/nmc.sk\/en\/"},{"@type":"ListItem","position":2,"name":"Petr Marek"}]},{"@type":"WebSite","@id":"https:\/\/nmc.sk\/en\/#website","url":"https:\/\/nmc.sk\/en\/","name":"NMC","description":"","publisher":{"@id":"https:\/\/nmc.sk\/en\/#organization"},"potentialAction":[{"@type":"SearchAction","target":{"@type":"EntryPoint","urlTemplate":"https:\/\/nmc.sk\/en\/?s={search_term_string}"},"query-input":{"@type":"PropertyValueSpecification","valueRequired":true,"valueName":"search_term_string"}}],"inLanguage":"en-US"},{"@type":"Organization","@id":"https:\/\/nmc.sk\/en\/#organization","name":"NMC","url":"https:\/\/nmc.sk\/en\/","logo":{"@type":"ImageObject","inLanguage":"en-US","@id":"https:\/\/nmc.sk\/en\/#\/schema\/logo\/image\/","url":"","contentUrl":"","caption":"NMC"},"image":{"@id":"https:\/\/nmc.sk\/en\/#\/schema\/logo\/image\/"}}]}},"_links":{"self":[{"href":"https:\/\/nmc.sk\/en\/wp-json\/wp\/v2\/pages\/2090","targetHints":{"allow":["GET"]}}],"collection":[{"href":"https:\/\/nmc.sk\/en\/wp-json\/wp\/v2\/pages"}],"about":[{"href":"https:\/\/nmc.sk\/en\/wp-json\/wp\/v2\/types\/page"}],"author":[{"embeddable":true,"href":"https:\/\/nmc.sk\/en\/wp-json\/wp\/v2\/users\/2"}],"replies":[{"embeddable":true,"href":"https:\/\/nmc.sk\/en\/wp-json\/wp\/v2\/comments?post=2090"}],"version-history":[{"count":3,"href":"https:\/\/nmc.sk\/en\/wp-json\/wp\/v2\/pages\/2090\/revisions"}],"predecessor-version":[{"id":2597,"href":"https:\/\/nmc.sk\/en\/wp-json\/wp\/v2\/pages\/2090\/revisions\/2597"}],"wp:attachment":[{"href":"https:\/\/nmc.sk\/en\/wp-json\/wp\/v2\/media?parent=2090"}],"curies":[{"name":"wp","href":"https:\/\/api.w.org\/{rel}","templated":true}]}}