{"id":3363,"date":"2022-05-31T09:54:34","date_gmt":"2022-05-31T07:54:34","guid":{"rendered":"https:\/\/nmc.sk\/?page_id=3363"},"modified":"2022-06-02T18:24:16","modified_gmt":"2022-06-02T16:24:16","slug":"em2022-rabina-daniel","status":"publish","type":"page","link":"https:\/\/nmc.sk\/en\/em2022-rabina-daniel\/","title":{"rendered":"EM2022-Rabina-Daniel"},"content":{"rendered":"<div class=\"wpb-content-wrapper\"><p>[vc_row full_width=&#8221;stretch_row&#8221; parallax=&#8221;content-moving&#8221; parallax_image=&#8221;2987&#8243; remove_padding=&#8221;no-padding-vc-row&#8221; bg_type=&#8221;image&#8221; parallax_style=&#8221;vcpb-hz-jquery&#8221; bg_image_new=&#8221;id^2987|url^https:\/\/nmc.sk\/wp-content\/uploads\/2022\/03\/header-bg2.jpg|caption^null|alt^null|title^header-bg2|description^null&#8221; bg_image_repeat=&#8221;no-repeat&#8221;][vc_column]<div class=\"ult-content-box-container \" >\t\t<div class=\"ult-content-box\" style=\"box-shadow: px px px px none;-webkit-transition: all 700ms ease;-moz-transition: all 700ms ease;-ms-transition: all 700ms ease;-o-transition: all 700ms ease;transition: all 700ms ease;\"  data-hover_box_shadow=\"none\"    >[vc_row_inner content_placement=&#8221;middle&#8221;][vc_column_inner width=&#8221;1\/4&#8243;][vc_single_image image=&#8221;3394&#8243; img_size=&#8221;full&#8221; alignment=&#8221;center&#8221; style=&#8221;vc_box_border_circle_2&#8243; border_color=&#8221;white&#8221; css_animation=&#8221;right-to-left&#8221; css=&#8221;.vc_custom_1654187050243{padding-top: 150px !important;}&#8221;][vc_empty_space height=&#8221;200&#8243;][\/vc_column_inner][vc_column_inner width=&#8221;3\/4&#8243; css=&#8221;.vc_custom_1596614331624{padding-left: 50px !important;}&#8221;][vc_empty_space height=&#8221;10&#8243;][vc_custom_heading text=&#8221;12th international experts\u2019 conference&#8221; font_container=&#8221;tag:h3|font_size:26|text_align:left|color:%230a0a0a|line_height:1&#8243; google_fonts=&#8221;font_family:Open%20Sans%3A300%2C300italic%2Cregular%2Citalic%2C600%2C600italic%2C700%2C700italic%2C800%2C800italic&#8221;][vc_custom_heading text=&#8221;ENVIROMANAGEMENT 2022&#8243; font_container=&#8221;tag:h2|font_size:40|text_align:left|color:%23007f2e|line_height:1&#8243; google_fonts=&#8221;font_family:Open%20Sans%3A300%2C300italic%2Cregular%2Citalic%2C600%2C600italic%2C700%2C700italic%2C800%2C800italic&#8221; css_animation=&#8221;none&#8221; css=&#8221;.vc_custom_1648558609132{padding-top: 20px !important;}&#8221;][vc_empty_space height=&#8221;20&#8243;][vc_custom_heading text=&#8221;CONTINUOUS IMPROVEMENT IN THE WASTE AND RECYCLING INDUSTRY&#8221; font_container=&#8221;tag:h3|font_size:38|text_align:left|line_height:1.1&#8243; google_fonts=&#8221;font_family:Open%20Sans%3A300%2C300italic%2Cregular%2Citalic%2C600%2C600italic%2C700%2C700italic%2C800%2C800italic&#8221;][vc_empty_space height=&#8221;10&#8243;][vc_custom_heading text=&#8221;GOALS, TARGETS, AND LIMITS&#8221; font_container=&#8221;tag:h3|font_size:28|text_align:left|color:%23007f2e|line_height:1.1&#8243; google_fonts=&#8221;font_family:Open%20Sans%3A300%2C300italic%2Cregular%2Citalic%2C600%2C600italic%2C700%2C700italic%2C800%2C800italic&#8221;][vc_empty_space height=&#8221;25&#8243;][vc_custom_heading text=&#8221;OCTOBER 3 \u2013 4, 2022<br \/>\nHOTEL PATRIA ****, \u0160TRBSK\u00c9 PLESO, HIGH TATRAS, SLOVAKIA&#8221; font_container=&#8221;tag:h4|font_size:20|text_align:left|color:%23000000|line_height:1.5&#8243; google_fonts=&#8221;font_family:Open%20Sans%3A300%2C300italic%2Cregular%2Citalic%2C600%2C600italic%2C700%2C700italic%2C800%2C800italic&#8221;][vc_empty_space height=&#8221;80&#8243;][\/vc_column_inner][\/vc_row_inner]\t\t<\/div><\/div>[\/vc_column][\/vc_row][vc_row full_width=&#8221;stretch_row&#8221; equal_height=&#8221;yes&#8221; content_placement=&#8221;top&#8221; remove_padding=&#8221;no-padding-vc-row&#8221; bg_type=&#8221;bg_color&#8221; css=&#8221;.vc_custom_1649600650914{padding-top: 50px !important;padding-bottom: 50px !important;}&#8221; bg_color_value=&#8221;#20525c&#8221;][vc_column]<div class=\"ult-content-box-container \" >\t\t<div class=\"ult-content-box\" style=\"box-shadow: px px px px none;-webkit-transition: all 700ms ease;-moz-transition: all 700ms ease;-ms-transition: all 700ms ease;-o-transition: all 700ms ease;transition: all 700ms ease;\"  data-hover_box_shadow=\"none\"    >[vc_row_inner equal_height=&#8221;yes&#8221; content_placement=&#8221;middle&#8221;][vc_column_inner width=&#8221;1\/4&#8243; css=&#8221;.vc_custom_1649600358124{border-bottom-width: 1px !important;background-color: #176770 !important;border-bottom-color: #ffffff !important;border-bottom-style: dotted !important;border-radius: 1px !important;}&#8221;][vc_column_text]<\/p>\n<p style=\"text-align: center;\"><span style=\"color: #dfe667;\"><strong>Lecturer<\/strong><\/span><\/p>\n<p>[\/vc_column_text][\/vc_column_inner][vc_column_inner width=&#8221;3\/4&#8243; css=&#8221;.vc_custom_1596615104945{border-bottom-width: 1px !important;border-left-width: 1px !important;border-left-color: #ffffff !important;border-left-style: dotted !important;border-bottom-color: #ffffff !important;border-bottom-style: dotted !important;}&#8221;][vc_column_text]<span style=\"color: #b6cbcf;\"><strong>Mgr. Daniel Rabina<\/strong><\/span><\/p>\n<p><span style=\"color: #b6cbcf;\">Founder<\/span><br \/>\n<span style=\"color: #b6cbcf;\">GreenTalk s.r.o.<\/span><\/p>\n<p><span style=\"color: #b6cbcf;\">Bratislava<br \/>\nSlovakia<\/span>[\/vc_column_text][\/vc_column_inner][\/vc_row_inner][vc_row_inner equal_height=&#8221;yes&#8221;][vc_column_inner width=&#8221;1\/4&#8243; css=&#8221;.vc_custom_1649600366573{border-bottom-width: 1px !important;background-color: #176770 !important;border-bottom-color: #ffffff !important;border-bottom-style: dotted !important;border-radius: 1px !important;}&#8221;][vc_column_text]<\/p>\n<p style=\"text-align: center;\"><span style=\"color: #dfe667;\"><strong>Presentation<\/strong><\/span><\/p>\n<p>[\/vc_column_text][\/vc_column_inner][vc_column_inner width=&#8221;3\/4&#8243; css=&#8221;.vc_custom_1596615178119{border-bottom-width: 1px !important;border-left-width: 1px !important;border-left-color: #ffffff !important;border-left-style: dotted !important;border-bottom-color: #ffffff !important;border-bottom-style: dotted !important;border-radius: 1px !important;}&#8221;][vc_column_text]<strong><span style=\"color: #b6cbcf;\">Setting of Waste to Energy Topic in the Public Opinion.<\/span><\/strong><\/p>\n<p><em><span style=\"color: #b6cbcf;\">Etablovanie t\u00e9my energetick\u00e9ho zhodnocovania odpadu vo verejnej mienke.<\/span><\/em>[\/vc_column_text][\/vc_column_inner][\/vc_row_inner][vc_row_inner equal_height=&#8221;yes&#8221;][vc_column_inner width=&#8221;1\/4&#8243; css=&#8221;.vc_custom_1649600374329{border-bottom-width: 1px !important;background-color: #176770 !important;border-bottom-color: #ffffff !important;border-bottom-style: dotted !important;border-radius: 1px !important;}&#8221;][vc_column_text]<\/p>\n<p style=\"text-align: center;\"><span style=\"color: #dfe667;\"><strong>Key Words<\/strong><\/span><\/p>\n<p>[\/vc_column_text][\/vc_column_inner][vc_column_inner width=&#8221;3\/4&#8243; css=&#8221;.vc_custom_1596615178119{border-bottom-width: 1px !important;border-left-width: 1px !important;border-left-color: #ffffff !important;border-left-style: dotted !important;border-bottom-color: #ffffff !important;border-bottom-style: dotted !important;border-radius: 1px !important;}&#8221;][vc_column_text]<span style=\"color: #b6cbcf;\">Waste to Energy, Waste to Energy Plant, agenda setting, public opinion.<\/span>[\/vc_column_text][\/vc_column_inner][\/vc_row_inner][vc_row_inner equal_height=&#8221;yes&#8221;][vc_column_inner width=&#8221;1\/4&#8243; css=&#8221;.vc_custom_1649600398022{border-bottom-width: 1px !important;background-color: #176770 !important;border-bottom-color: #ffffff !important;border-bottom-style: dotted !important;border-radius: 1px !important;}&#8221;][vc_column_text]<\/p>\n<p style=\"text-align: center;\"><span style=\"color: #dfe667;\"><strong>Annotation<\/strong><\/span><\/p>\n<p>[\/vc_column_text][\/vc_column_inner][vc_column_inner width=&#8221;3\/4&#8243; css=&#8221;.vc_custom_1596615178119{border-bottom-width: 1px !important;border-left-width: 1px !important;border-left-color: #ffffff !important;border-left-style: dotted !important;border-bottom-color: #ffffff !important;border-bottom-style: dotted !important;border-radius: 1px !important;}&#8221;][vc_column_text]<span style=\"color: #b6cbcf;\">Terms such as\u00a0\u201eenergetic evaluation of waste\u201c\u00a0or \u201eZEVO\u201c\u00a0hadn\u2019t been so frequently used in Slovakia in the previous years. <\/span><\/p>\n<p><span style=\"color: #b6cbcf;\">Instead, the society was confronted with the well known\u00a0\u201ewaste-\u00a0incineration\u201c\u00a0or\u00a0\u201eincinerator\u201c. Nowadays, after years of systematic communication and work-flow, our society is likely to recognize and define the process and the technology under the right terms. <\/span><\/p>\n<p><span style=\"color: #b6cbcf;\">The goal of the lecture is to present the communication sets and strategy, which the GreeTalk agency together with the clients KOSIT a.s. and ewia a.s. have proceeded with in order to address the issue, which is likely to be an example of agenda-setting theory.<\/span>[\/vc_column_text][\/vc_column_inner][\/vc_row_inner][vc_row_inner equal_height=&#8221;yes&#8221;][vc_column_inner width=&#8221;1\/4&#8243; css=&#8221;.vc_custom_1649600434283{border-bottom-width: 1px !important;background-color: #176770 !important;border-bottom-color: #ffffff !important;border-bottom-style: dotted !important;border-radius: 1px !important;}&#8221;][vc_column_text]<\/p>\n<p style=\"text-align: center;\"><span style=\"color: #dfe667;\"><strong>Lecturer\u2019s Profile<\/strong><\/span><\/p>\n<p>[\/vc_column_text][\/vc_column_inner][vc_column_inner width=&#8221;3\/4&#8243; css=&#8221;.vc_custom_1596615178119{border-bottom-width: 1px !important;border-left-width: 1px !important;border-left-color: #ffffff !important;border-left-style: dotted !important;border-bottom-color: #ffffff !important;border-bottom-style: dotted !important;border-radius: 1px !important;}&#8221;][vc_column_text]<span style=\"color: #b6cbcf;\">Daniel Rabina is the\u00a0founder of the GreenTalk &#8211; PR agency. He has been within the marketing industry for over 20 years. <\/span><\/p>\n<p><span style=\"color: #b6cbcf;\">He graduated with a\u00a0master of politology and film screenwriting. In his previous roles, he led the marketing team of the National Slovak Theatre and he was also a\u00a0screenwriter in TV Mark\u00edza. His main major is strategic communication. <\/span><\/p>\n<p><span style=\"color: #b6cbcf;\">Since 2017 he has been working with clients from waste-management industry, energetic industry, investing banking, commercial real estates, private equity and facility management. <\/span><\/p>\n<p><span style=\"color: #b6cbcf;\">Along his ongoing career, he has been enrolled in completing his PhD studies of politology at A.Dub\u010dek University in Tren\u010d\u00edn.\u00a0<\/span>[\/vc_column_text][\/vc_column_inner][\/vc_row_inner][vc_row_inner equal_height=&#8221;yes&#8221; disable_element=&#8221;yes&#8221;][vc_column_inner width=&#8221;1\/4&#8243; css=&#8221;.vc_custom_1649600441701{border-bottom-width: 1px !important;background-color: #176770 !important;border-bottom-color: #ffffff !important;border-bottom-style: dotted !important;border-radius: 1px !important;}&#8221;][vc_column_text]<\/p>\n<p style=\"text-align: center;\"><span style=\"color: #dfe667;\"><strong>Organization\u2019s Profile<\/strong><\/span><\/p>\n<p>[\/vc_column_text][\/vc_column_inner][vc_column_inner width=&#8221;3\/4&#8243; css=&#8221;.vc_custom_1596615178119{border-bottom-width: 1px !important;border-left-width: 1px !important;border-left-color: #ffffff !important;border-left-style: dotted !important;border-bottom-color: #ffffff !important;border-bottom-style: dotted !important;border-radius: 1px !important;}&#8221;][vc_column_text]<span style=\"color: #b6cbcf;\">text text text<\/span>[\/vc_column_text][\/vc_column_inner][\/vc_row_inner][vc_row_inner equal_height=&#8221;yes&#8221;][vc_column_inner width=&#8221;1\/4&#8243; css=&#8221;.vc_custom_1649600448842{border-bottom-width: 1px !important;background-color: #176770 !important;border-bottom-color: #ffffff !important;border-bottom-style: dotted !important;border-radius: 1px !important;}&#8221;][vc_column_text]<\/p>\n<p style=\"text-align: center;\"><span style=\"color: #dfe667;\"><strong>K\u013e\u00fa\u010dov\u00e9 slov\u00e1<\/strong><\/span><\/p>\n<p>[\/vc_column_text][\/vc_column_inner][vc_column_inner width=&#8221;3\/4&#8243; css=&#8221;.vc_custom_1596615178119{border-bottom-width: 1px !important;border-left-width: 1px !important;border-left-color: #ffffff !important;border-left-style: dotted !important;border-bottom-color: #ffffff !important;border-bottom-style: dotted !important;border-radius: 1px !important;}&#8221;][vc_column_text]<span style=\"color: #b6cbcf;\">Energetick\u00e9 zhodnocovanie odpadu, ZEVO, nasto\u013eovanie agendy, verejn\u00e1 mienka.<\/span>[\/vc_column_text][\/vc_column_inner][\/vc_row_inner][vc_row_inner equal_height=&#8221;yes&#8221;][vc_column_inner width=&#8221;1\/4&#8243; css=&#8221;.vc_custom_1649600456350{border-bottom-width: 1px !important;background-color: #176770 !important;border-bottom-color: #ffffff !important;border-bottom-style: dotted !important;border-radius: 1px !important;}&#8221;][vc_column_text]<\/p>\n<p style=\"text-align: center;\"><span style=\"color: #dfe667;\"><strong>Anot\u00e1cia<\/strong><\/span><\/p>\n<p>[\/vc_column_text][\/vc_column_inner][vc_column_inner width=&#8221;3\/4&#8243; css=&#8221;.vc_custom_1596615178119{border-bottom-width: 1px !important;border-left-width: 1px !important;border-left-color: #ffffff !important;border-left-style: dotted !important;border-bottom-color: #ffffff !important;border-bottom-style: dotted !important;border-radius: 1px !important;}&#8221;][vc_column_text]<span style=\"color: #b6cbcf;\">\u201eEnergetick\u00e9 zhodnocovanie odpadu\u201c alebo \u201eZEVO\u201c boli e\u0161te pred nieko\u013ek\u00fdmi rokmi na Slovensku malo frekventovan\u00fdmi pojmami. <\/span><\/p>\n<p><span style=\"color: #b6cbcf;\">Namiesto nich bola verejnos\u0165 konfrontovan\u00e1 s pojmami \u201espa\u013eovanie odpadu\u201c alebo \u201espa\u013eov\u0148a\u201c. <\/span><\/p>\n<p><span style=\"color: #b6cbcf;\">Dnes, po rokoch systematickej komunika\u010dnej pr\u00e1ce, mo\u017eno poveda\u0165, \u017ee vo verejnej mienke za\u010d\u00ednaj\u00fa rezonova\u0165 pojmy, ktor\u00e9 pomen\u00favaj\u00fa proces alebo technol\u00f3giu korektne. <\/span><\/p>\n<p><span style=\"color: #b6cbcf;\">Cie\u013eom predn\u00e1\u0161ky je informova\u0165 n\u00e1v\u0161tevn\u00edkov konferencie o komunika\u010dn\u00fdch technik\u00e1ch a strat\u00e9gii, ktor\u00fa agent\u00fara GreenTalk spolu s klientom KOSIT a.s. a ewia a.s. zvolili a pouk\u00e1za\u0165 na pr\u00edpad, ktor\u00fd je zauj\u00edmav\u00fd aj v kontexte zn\u00e1mej te\u00f3rie nasto\u013eovania agendy.<\/span>[\/vc_column_text][\/vc_column_inner][\/vc_row_inner][vc_row_inner equal_height=&#8221;yes&#8221;][vc_column_inner width=&#8221;1\/4&#8243; css=&#8221;.vc_custom_1649600463074{border-bottom-width: 1px !important;background-color: #176770 !important;border-bottom-color: #ffffff !important;border-bottom-style: dotted !important;border-radius: 1px !important;}&#8221;][vc_column_text]<\/p>\n<p style=\"text-align: center;\"><span style=\"color: #dfe667;\"><strong>Profil predn\u00e1\u0161aj\u00faceho<\/strong><\/span><\/p>\n<p>[\/vc_column_text][\/vc_column_inner][vc_column_inner width=&#8221;3\/4&#8243; css=&#8221;.vc_custom_1596615178119{border-bottom-width: 1px !important;border-left-width: 1px !important;border-left-color: #ffffff !important;border-left-style: dotted !important;border-bottom-color: #ffffff !important;border-bottom-style: dotted !important;border-radius: 1px !important;}&#8221;][vc_column_text]<span style=\"color: #b6cbcf;\">Daniel Rabina je zakladate\u013eom komunika\u010dnej a PR agent\u00fary GreenTalk. <\/span><\/p>\n<p><span style=\"color: #b6cbcf;\">V marketingu a m\u00e9di\u00e1ch p\u00f4sob\u00ed viac ako 20 rokov. Je absolventom politol\u00f3gie a filmovej scen\u00e1ristiky. Viedol marketing v SND, pracoval ako dramaturg v TV Mark\u00edza. <\/span><\/p>\n<p><span style=\"color: #b6cbcf;\">Jeho \u0161pecializ\u00e1ciou je strategick\u00e1 komunik\u00e1cia. Od roku 2017 spolupracuje s klientami z oblast\u00ed odpadov\u00e9ho hospod\u00e1rstva, energetiky, investi\u010dn\u00e9ho bankovn\u00edctva, komer\u010dn\u00fdch real\u00edt, private equity a facility managementu. <\/span><\/p>\n<p><span style=\"color: #b6cbcf;\">Popri p\u00f4soben\u00ed v komunika\u010dnom odvetv\u00ed sa venuje doktorandsk\u00e9mu \u0161t\u00fadiu politol\u00f3gie na Tren\u010dianskej univerzite A.Dub\u010deka v Tren\u010d\u00edne.<\/span>[\/vc_column_text][\/vc_column_inner][\/vc_row_inner][vc_row_inner equal_height=&#8221;yes&#8221; disable_element=&#8221;yes&#8221;][vc_column_inner width=&#8221;1\/4&#8243; css=&#8221;.vc_custom_1649600470028{background-color: #176770 !important;border-radius: 1px !important;}&#8221;][vc_column_text]<\/p>\n<p style=\"text-align: center;\"><span style=\"color: #dfe667;\"><strong>Profil organiz\u00e1cie<\/strong><\/span><\/p>\n<p>[\/vc_column_text][\/vc_column_inner][vc_column_inner width=&#8221;3\/4&#8243; css=&#8221;.vc_custom_1596615533000{border-left-width: 1px !important;border-left-color: #ffffff !important;border-left-style: dotted !important;border-radius: 1px !important;}&#8221;][\/vc_column_inner][\/vc_row_inner]\t\t<\/div><\/div>[\/vc_column][\/vc_row]<\/p>\n<\/div>","protected":false},"excerpt":{"rendered":"<p>[vc_row full_width=&#8221;stretch_row&#8221; parallax=&#8221;content-moving&#8221; parallax_image=&#8221;2987&#8243; remove_padding=&#8221;no-padding-vc-row&#8221; bg_type=&#8221;image&#8221; parallax_style=&#8221;vcpb-hz-jquery&#8221; bg_image_new=&#8221;id^2987|url^https:\/\/nmc.sk\/wp-content\/uploads\/2022\/03\/header-bg2.jpg|caption^null|alt^null|title^header-bg2|description^null&#8221; bg_image_repeat=&#8221;no-repeat&#8221;][vc_column][\/vc_column][\/vc_row][vc_row full_width=&#8221;stretch_row&#8221; equal_height=&#8221;yes&#8221; content_placement=&#8221;top&#8221; remove_padding=&#8221;no-padding-vc-row&#8221; bg_type=&#8221;bg_color&#8221; css=&#8221;.vc_custom_1649600650914{padding-top: 50px !important;padding-bottom: 50px !important;}&#8221; bg_color_value=&#8221;#20525c&#8221;][vc_column][\/vc_column][\/vc_row]<\/p>\n","protected":false},"author":3,"featured_media":0,"parent":0,"menu_order":0,"comment_status":"closed","ping_status":"closed","template":"","meta":{"footnotes":""},"class_list":["post-3363","page","type-page","status-publish","hentry"],"yoast_head":"<!-- This site is optimized with the Yoast SEO plugin v27.4 - https:\/\/yoast.com\/product\/yoast-seo-wordpress\/ -->\n<title>EM2022-Rabina-Daniel - NMC<\/title>\n<meta name=\"robots\" content=\"index, follow, max-snippet:-1, max-image-preview:large, max-video-preview:-1\" \/>\n<link rel=\"canonical\" href=\"https:\/\/nmc.sk\/en\/em2022-rabina-daniel\/\" \/>\n<meta property=\"og:locale\" content=\"en_US\" \/>\n<meta property=\"og:type\" content=\"article\" \/>\n<meta property=\"og:title\" content=\"EM2022-Rabina-Daniel - NMC\" \/>\n<meta property=\"og:description\" content=\"[vc_row full_width=&#8221;stretch_row&#8221; parallax=&#8221;content-moving&#8221; parallax_image=&#8221;2987&#8243; remove_padding=&#8221;no-padding-vc-row&#8221; bg_type=&#8221;image&#8221; parallax_style=&#8221;vcpb-hz-jquery&#8221; bg_image_new=&#8221;id^2987|url^https:\/\/nmc.sk\/wp-content\/uploads\/2022\/03\/header-bg2.jpg|caption^null|alt^null|title^header-bg2|description^null&#8221; bg_image_repeat=&#8221;no-repeat&#8221;][vc_column][\/vc_column][\/vc_row][vc_row full_width=&#8221;stretch_row&#8221; equal_height=&#8221;yes&#8221; content_placement=&#8221;top&#8221; remove_padding=&#8221;no-padding-vc-row&#8221; bg_type=&#8221;bg_color&#8221; css=&#8221;.vc_custom_1649600650914{padding-top: 50px !important;padding-bottom: 50px !important;}&#8221; bg_color_value=&#8221;#20525c&#8221;][vc_column][\/vc_column][\/vc_row]\" \/>\n<meta property=\"og:url\" content=\"https:\/\/nmc.sk\/en\/em2022-rabina-daniel\/\" \/>\n<meta property=\"og:site_name\" content=\"NMC\" \/>\n<meta property=\"article:modified_time\" content=\"2022-06-02T16:24:16+00:00\" \/>\n<meta name=\"twitter:card\" content=\"summary_large_image\" \/>\n<meta name=\"twitter:label1\" content=\"Est. reading time\" \/>\n\t<meta name=\"twitter:data1\" content=\"8 minutes\" \/>\n<script type=\"application\/ld+json\" class=\"yoast-schema-graph\">{\"@context\":\"https:\\\/\\\/schema.org\",\"@graph\":[{\"@type\":\"WebPage\",\"@id\":\"https:\\\/\\\/nmc.sk\\\/en\\\/em2022-rabina-daniel\\\/\",\"url\":\"https:\\\/\\\/nmc.sk\\\/en\\\/em2022-rabina-daniel\\\/\",\"name\":\"EM2022-Rabina-Daniel - NMC\",\"isPartOf\":{\"@id\":\"https:\\\/\\\/nmc.sk\\\/en\\\/#website\"},\"datePublished\":\"2022-05-31T07:54:34+00:00\",\"dateModified\":\"2022-06-02T16:24:16+00:00\",\"breadcrumb\":{\"@id\":\"https:\\\/\\\/nmc.sk\\\/en\\\/em2022-rabina-daniel\\\/#breadcrumb\"},\"inLanguage\":\"en-US\",\"potentialAction\":[{\"@type\":\"ReadAction\",\"target\":[\"https:\\\/\\\/nmc.sk\\\/en\\\/em2022-rabina-daniel\\\/\"]}]},{\"@type\":\"BreadcrumbList\",\"@id\":\"https:\\\/\\\/nmc.sk\\\/en\\\/em2022-rabina-daniel\\\/#breadcrumb\",\"itemListElement\":[{\"@type\":\"ListItem\",\"position\":1,\"name\":\"Home\",\"item\":\"https:\\\/\\\/nmc.sk\\\/en\\\/\"},{\"@type\":\"ListItem\",\"position\":2,\"name\":\"EM2022-Rabina-Daniel\"}]},{\"@type\":\"WebSite\",\"@id\":\"https:\\\/\\\/nmc.sk\\\/en\\\/#website\",\"url\":\"https:\\\/\\\/nmc.sk\\\/en\\\/\",\"name\":\"NMC\",\"description\":\"\",\"publisher\":{\"@id\":\"https:\\\/\\\/nmc.sk\\\/en\\\/#organization\"},\"potentialAction\":[{\"@type\":\"SearchAction\",\"target\":{\"@type\":\"EntryPoint\",\"urlTemplate\":\"https:\\\/\\\/nmc.sk\\\/en\\\/?s={search_term_string}\"},\"query-input\":{\"@type\":\"PropertyValueSpecification\",\"valueRequired\":true,\"valueName\":\"search_term_string\"}}],\"inLanguage\":\"en-US\"},{\"@type\":\"Organization\",\"@id\":\"https:\\\/\\\/nmc.sk\\\/en\\\/#organization\",\"name\":\"NMC\",\"url\":\"https:\\\/\\\/nmc.sk\\\/en\\\/\",\"logo\":{\"@type\":\"ImageObject\",\"inLanguage\":\"en-US\",\"@id\":\"https:\\\/\\\/nmc.sk\\\/en\\\/#\\\/schema\\\/logo\\\/image\\\/\",\"url\":\"\",\"contentUrl\":\"\",\"caption\":\"NMC\"},\"image\":{\"@id\":\"https:\\\/\\\/nmc.sk\\\/en\\\/#\\\/schema\\\/logo\\\/image\\\/\"}}]}<\/script>\n<!-- \/ Yoast SEO plugin. -->","yoast_head_json":{"title":"EM2022-Rabina-Daniel - NMC","robots":{"index":"index","follow":"follow","max-snippet":"max-snippet:-1","max-image-preview":"max-image-preview:large","max-video-preview":"max-video-preview:-1"},"canonical":"https:\/\/nmc.sk\/en\/em2022-rabina-daniel\/","og_locale":"en_US","og_type":"article","og_title":"EM2022-Rabina-Daniel - NMC","og_description":"[vc_row full_width=&#8221;stretch_row&#8221; parallax=&#8221;content-moving&#8221; parallax_image=&#8221;2987&#8243; remove_padding=&#8221;no-padding-vc-row&#8221; bg_type=&#8221;image&#8221; parallax_style=&#8221;vcpb-hz-jquery&#8221; bg_image_new=&#8221;id^2987|url^https:\/\/nmc.sk\/wp-content\/uploads\/2022\/03\/header-bg2.jpg|caption^null|alt^null|title^header-bg2|description^null&#8221; bg_image_repeat=&#8221;no-repeat&#8221;][vc_column][\/vc_column][\/vc_row][vc_row full_width=&#8221;stretch_row&#8221; equal_height=&#8221;yes&#8221; content_placement=&#8221;top&#8221; remove_padding=&#8221;no-padding-vc-row&#8221; bg_type=&#8221;bg_color&#8221; css=&#8221;.vc_custom_1649600650914{padding-top: 50px !important;padding-bottom: 50px !important;}&#8221; bg_color_value=&#8221;#20525c&#8221;][vc_column][\/vc_column][\/vc_row]","og_url":"https:\/\/nmc.sk\/en\/em2022-rabina-daniel\/","og_site_name":"NMC","article_modified_time":"2022-06-02T16:24:16+00:00","twitter_card":"summary_large_image","twitter_misc":{"Est. reading time":"8 minutes"},"schema":{"@context":"https:\/\/schema.org","@graph":[{"@type":"WebPage","@id":"https:\/\/nmc.sk\/en\/em2022-rabina-daniel\/","url":"https:\/\/nmc.sk\/en\/em2022-rabina-daniel\/","name":"EM2022-Rabina-Daniel - NMC","isPartOf":{"@id":"https:\/\/nmc.sk\/en\/#website"},"datePublished":"2022-05-31T07:54:34+00:00","dateModified":"2022-06-02T16:24:16+00:00","breadcrumb":{"@id":"https:\/\/nmc.sk\/en\/em2022-rabina-daniel\/#breadcrumb"},"inLanguage":"en-US","potentialAction":[{"@type":"ReadAction","target":["https:\/\/nmc.sk\/en\/em2022-rabina-daniel\/"]}]},{"@type":"BreadcrumbList","@id":"https:\/\/nmc.sk\/en\/em2022-rabina-daniel\/#breadcrumb","itemListElement":[{"@type":"ListItem","position":1,"name":"Home","item":"https:\/\/nmc.sk\/en\/"},{"@type":"ListItem","position":2,"name":"EM2022-Rabina-Daniel"}]},{"@type":"WebSite","@id":"https:\/\/nmc.sk\/en\/#website","url":"https:\/\/nmc.sk\/en\/","name":"NMC","description":"","publisher":{"@id":"https:\/\/nmc.sk\/en\/#organization"},"potentialAction":[{"@type":"SearchAction","target":{"@type":"EntryPoint","urlTemplate":"https:\/\/nmc.sk\/en\/?s={search_term_string}"},"query-input":{"@type":"PropertyValueSpecification","valueRequired":true,"valueName":"search_term_string"}}],"inLanguage":"en-US"},{"@type":"Organization","@id":"https:\/\/nmc.sk\/en\/#organization","name":"NMC","url":"https:\/\/nmc.sk\/en\/","logo":{"@type":"ImageObject","inLanguage":"en-US","@id":"https:\/\/nmc.sk\/en\/#\/schema\/logo\/image\/","url":"","contentUrl":"","caption":"NMC"},"image":{"@id":"https:\/\/nmc.sk\/en\/#\/schema\/logo\/image\/"}}]}},"_links":{"self":[{"href":"https:\/\/nmc.sk\/en\/wp-json\/wp\/v2\/pages\/3363","targetHints":{"allow":["GET"]}}],"collection":[{"href":"https:\/\/nmc.sk\/en\/wp-json\/wp\/v2\/pages"}],"about":[{"href":"https:\/\/nmc.sk\/en\/wp-json\/wp\/v2\/types\/page"}],"author":[{"embeddable":true,"href":"https:\/\/nmc.sk\/en\/wp-json\/wp\/v2\/users\/3"}],"replies":[{"embeddable":true,"href":"https:\/\/nmc.sk\/en\/wp-json\/wp\/v2\/comments?post=3363"}],"version-history":[{"count":3,"href":"https:\/\/nmc.sk\/en\/wp-json\/wp\/v2\/pages\/3363\/revisions"}],"predecessor-version":[{"id":3396,"href":"https:\/\/nmc.sk\/en\/wp-json\/wp\/v2\/pages\/3363\/revisions\/3396"}],"wp:attachment":[{"href":"https:\/\/nmc.sk\/en\/wp-json\/wp\/v2\/media?parent=3363"}],"curies":[{"name":"wp","href":"https:\/\/api.w.org\/{rel}","templated":true}]}}