{"id":4212,"date":"2023-04-17T16:39:48","date_gmt":"2023-04-17T14:39:48","guid":{"rendered":"https:\/\/nmc.sk\/?page_id=4212"},"modified":"2023-09-05T23:57:14","modified_gmt":"2023-09-05T21:57:14","slug":"em2023-steiner-martin","status":"publish","type":"page","link":"https:\/\/nmc.sk\/en\/em2023-steiner-martin\/","title":{"rendered":"EM2023-Steiner-Martin"},"content":{"rendered":"<div class=\"wpb-content-wrapper\"><p>[vc_row full_width=&#8221;stretch_row&#8221; content_placement=&#8221;bottom&#8221; parallax=&#8221;content-moving&#8221; remove_padding=&#8221;no-padding-vc-row&#8221; bg_type=&#8221;grad&#8221; bg_grad=&#8221;background: -webkit-gradient(linear, left top, left bottom, color-stop(0%, #08060B), color-stop(0%, #230C06), color-stop(21%, #230C06), color-stop(51%, #613012), color-stop(100%, #F39E30));background: -moz-linear-gradient(top,#08060B 0%,#230C06 0%,#230C06 21%,#613012 51%,#F39E30 100%);background: -webkit-linear-gradient(top,#08060B 0%,#230C06 0%,#230C06 21%,#613012 51%,#F39E30 100%);background: -o-linear-gradient(top,#08060B 0%,#230C06 0%,#230C06 21%,#613012 51%,#F39E30 100%);background: -ms-linear-gradient(top,#08060B 0%,#230C06 0%,#230C06 21%,#613012 51%,#F39E30 100%);background: linear-gradient(top,#08060B 0%,#230C06 0%,#230C06 21%,#613012 51%,#F39E30 100%);&#8221;][vc_column]<div class=\"ult-content-box-container \" >\t\t<div class=\"ult-content-box\" style=\"box-shadow: px px px px none;-webkit-transition: all 700ms ease;-moz-transition: all 700ms ease;-ms-transition: all 700ms ease;-o-transition: all 700ms ease;transition: all 700ms ease;\"  data-hover_box_shadow=\"none\"    >[vc_row_inner content_placement=&#8221;middle&#8221;][vc_column_inner width=&#8221;1\/4&#8243;][vc_single_image image=&#8221;1589&#8243; img_size=&#8221;full&#8221; alignment=&#8221;center&#8221; style=&#8221;vc_box_border_circle_2&#8243; border_color=&#8221;white&#8221; css_animation=&#8221;right-to-left&#8221; css=&#8221;.vc_custom_1681742512357{padding-top: 150px !important;}&#8221;][vc_empty_space height=&#8221;200&#8243;][\/vc_column_inner][vc_column_inner width=&#8221;3\/4&#8243; css=&#8221;.vc_custom_1596614331624{padding-left: 50px !important;}&#8221;][vc_empty_space height=&#8221;10&#8243;][vc_custom_heading text=&#8221;13TH INTERNATIONAL EXPERTS&#8217; CONFERENCE&#8221; font_container=&#8221;tag:h3|font_size:26|text_align:left|color:%23ffffff|line_height:1&#8243; google_fonts=&#8221;font_family:Open%20Sans%3A300%2C300italic%2Cregular%2Citalic%2C600%2C600italic%2C700%2C700italic%2C800%2C800italic&#8221;][vc_custom_heading text=&#8221;ENVIROMANAGEMENT 2023&#8243; font_container=&#8221;tag:h2|font_size:40|text_align:left|color:%23ed910b|line_height:1&#8243; google_fonts=&#8221;font_family:Open%20Sans%3A300%2C300italic%2Cregular%2Citalic%2C600%2C600italic%2C700%2C700italic%2C800%2C800italic&#8221; css_animation=&#8221;none&#8221; css=&#8221;.vc_custom_1680557503713{padding-top: 20px !important;}&#8221;][vc_empty_space height=&#8221;20&#8243;][vc_custom_heading text=&#8221;WASTE METRICS&#8221; font_container=&#8221;tag:h3|font_size:38|text_align:left|color:%23ffffff|line_height:1.1&#8243; google_fonts=&#8221;font_family:Open%20Sans%3A300%2C300italic%2Cregular%2Citalic%2C600%2C600italic%2C700%2C700italic%2C800%2C800italic&#8221;][vc_empty_space height=&#8221;10&#8243;][vc_custom_heading text=&#8221;YOU CAN&#8217;T MANAGE WHAT YOU DON&#8217;T MEASURE&#8221; font_container=&#8221;tag:h3|font_size:28|text_align:left|color:%23ed910b|line_height:1.1&#8243; google_fonts=&#8221;font_family:Open%20Sans%3A300%2C300italic%2Cregular%2Citalic%2C600%2C600italic%2C700%2C700italic%2C800%2C800italic&#8221;][vc_empty_space height=&#8221;25&#8243;][vc_custom_heading text=&#8221;OCTOBER 2 \u2013 3, 2023<br \/>\nHOTEL PATRIA ****, \u0160TRBSK\u00c9 PLESO, HIGH TATRAS, SLOVAKIA&#8221; font_container=&#8221;tag:h4|font_size:20|text_align:left|color:%23ffffff|line_height:1.5&#8243; google_fonts=&#8221;font_family:Open%20Sans%3A300%2C300italic%2Cregular%2Citalic%2C600%2C600italic%2C700%2C700italic%2C800%2C800italic&#8221;][vc_empty_space height=&#8221;80&#8243;][\/vc_column_inner][\/vc_row_inner]\t\t<\/div><\/div>[\/vc_column][\/vc_row][vc_row full_width=&#8221;stretch_row&#8221; equal_height=&#8221;yes&#8221; content_placement=&#8221;top&#8221; remove_padding=&#8221;no-padding-vc-row&#8221; bg_type=&#8221;bg_color&#8221; css=&#8221;.vc_custom_1680557645590{padding-top: 50px !important;padding-bottom: 50px !important;}&#8221; bg_color_value=&#8221;#f49e31&#8243;][vc_column]<div class=\"ult-content-box-container \" >\t\t<div class=\"ult-content-box\" style=\"box-shadow: px px px px none;-webkit-transition: all 700ms ease;-moz-transition: all 700ms ease;-ms-transition: all 700ms ease;-o-transition: all 700ms ease;transition: all 700ms ease;\"  data-hover_box_shadow=\"none\"    >[vc_row_inner equal_height=&#8221;yes&#8221; content_placement=&#8221;middle&#8221;][vc_column_inner width=&#8221;1\/4&#8243; css=&#8221;.vc_custom_1680567479389{border-bottom-width: 1px !important;background-color: #55080d !important;border-bottom-color: #ffffff !important;border-bottom-style: dotted !important;border-radius: 1px !important;}&#8221;][vc_column_text]<\/p>\n<p style=\"text-align: center;\"><span style=\"color: #ed910b;\"><strong>LECTURER<\/strong><\/span><\/p>\n<p>[\/vc_column_text][\/vc_column_inner][vc_column_inner width=&#8221;3\/4&#8243; css=&#8221;.vc_custom_1596615104945{border-bottom-width: 1px !important;border-left-width: 1px !important;border-left-color: #ffffff !important;border-left-style: dotted !important;border-bottom-color: #ffffff !important;border-bottom-style: dotted !important;}&#8221;][vc_column_text]<span style=\"color: #55080d;\"><strong>Dipl.-Ing. Martin Steiner<\/strong><\/span><\/p>\n<p><span style=\"color: #55080d;\">CEO<br \/>\nTBU Environmental Engineering Consultants<\/span><\/p>\n<p><span style=\"color: #55080d;\">Innsbruck<br \/>\nAustria<\/span>[\/vc_column_text][\/vc_column_inner][\/vc_row_inner][vc_row_inner equal_height=&#8221;yes&#8221;][vc_column_inner width=&#8221;1\/4&#8243; css=&#8221;.vc_custom_1680567485956{border-bottom-width: 1px !important;background-color: #55080d !important;border-bottom-color: #ffffff !important;border-bottom-style: dotted !important;border-radius: 1px !important;}&#8221;][vc_column_text]<\/p>\n<p style=\"text-align: center;\"><span style=\"color: #ed910b;\"><strong>PRESENTATION<\/strong><\/span><\/p>\n<p>[\/vc_column_text][\/vc_column_inner][vc_column_inner width=&#8221;3\/4&#8243; css=&#8221;.vc_custom_1596615178119{border-bottom-width: 1px !important;border-left-width: 1px !important;border-left-color: #ffffff !important;border-left-style: dotted !important;border-bottom-color: #ffffff !important;border-bottom-style: dotted !important;border-radius: 1px !important;}&#8221;][vc_column_text]<span style=\"color: #55080d;\"><strong>How to Design a Proper Waste Tariff:<br \/>\nThe 10 Golden Rules of Fee Making.<\/strong><\/span><\/p>\n<p><em><strong><span style=\"color: #55080d;\">Ako stanovi\u0165 spr\u00e1vnu v\u00fd\u0161ku poplatkov za odpady:<\/span><\/strong><\/em><br \/>\n<em><strong><span style=\"color: #55080d;\">10 zlat\u00fdch pravidiel pre tvorbu poplatkov.<\/span><\/strong><\/em>[\/vc_column_text][\/vc_column_inner][\/vc_row_inner][vc_row_inner equal_height=&#8221;yes&#8221; disable_element=&#8221;yes&#8221;][vc_column_inner width=&#8221;1\/4&#8243; css=&#8221;.vc_custom_1680567491671{border-bottom-width: 1px !important;background-color: #55080d !important;border-bottom-color: #ffffff !important;border-bottom-style: dotted !important;border-radius: 1px !important;}&#8221;][vc_column_text]<\/p>\n<p style=\"text-align: center;\"><span style=\"color: #ed910b;\"><strong>KEY WORDS<\/strong><\/span><\/p>\n<p>[\/vc_column_text][\/vc_column_inner][vc_column_inner width=&#8221;3\/4&#8243; css=&#8221;.vc_custom_1596615178119{border-bottom-width: 1px !important;border-left-width: 1px !important;border-left-color: #ffffff !important;border-left-style: dotted !important;border-bottom-color: #ffffff !important;border-bottom-style: dotted !important;border-radius: 1px !important;}&#8221;][vc_column_text]<span style=\"color: #55080d;\">Automated sorting, Robotic sorting, Artificial Intelligence, State of the art<\/span>[\/vc_column_text][\/vc_column_inner][\/vc_row_inner][vc_row_inner equal_height=&#8221;yes&#8221;][vc_column_inner width=&#8221;1\/4&#8243; css=&#8221;.vc_custom_1680567497753{border-bottom-width: 1px !important;background-color: #55080d !important;border-bottom-color: #ffffff !important;border-bottom-style: dotted !important;border-radius: 1px !important;}&#8221;][vc_column_text]<\/p>\n<p style=\"text-align: center;\"><span style=\"color: #ed910b;\"><strong>ANNOTATION<\/strong><\/span><\/p>\n<p>[\/vc_column_text][\/vc_column_inner][vc_column_inner width=&#8221;3\/4&#8243; css=&#8221;.vc_custom_1596615178119{border-bottom-width: 1px !important;border-left-width: 1px !important;border-left-color: #ffffff !important;border-left-style: dotted !important;border-bottom-color: #ffffff !important;border-bottom-style: dotted !important;border-radius: 1px !important;}&#8221;][vc_column_text]<span style=\"color: #55080d;\"><em>1. KISS Keep It Simple Stupid<\/em><br \/>\nExplaining a waste tariff should take no longer than burning a match from start to finish.<br \/>\n<\/span><\/p>\n<p><span style=\"color: #55080d;\"><em>2. The fee model should support the waste generator&#8217;s desired behaviour<\/em><br \/>\nso the User Pays principle should be reflected \u2013 but suitably.<br \/>\n<\/span><\/p>\n<p><span style=\"color: #55080d;\"><em>3. Don&#8217;t try to create ultimate fee fairness<\/em><br \/>\nas such will never be achievable.<br \/>\n<\/span><\/p>\n<p><span style=\"color: #55080d;\"><em>4. Additional cost of some fancy measurement systems is higher than individual savings.<br \/>\n<\/em><\/span><\/p>\n<p><span style=\"color: #55080d;\"><em><em>5. The task of \u201cfee collection\u201d is totally independent from the task \u201cwaste collection\u201d, but:<br \/>\n<\/em><\/em>No one other than the public authority should collect the fee<\/span><\/p>\n<p><span style=\"color: #55080d;\"><em>6. You should collect one waste management fee only.<\/em><br \/>\nSeparate collection of recyclables, biowaste etc. should not be financed by an extra fee.<br \/>\n<\/span><\/p>\n<p><span style=\"color: #55080d;\"><em>7. Don&#8217;t mix up affordability with your client&#8217;s reluctance to pay for your service.<\/em><br \/>\n<\/span><\/p>\n<p><span style=\"color: #55080d;\"><em>8. Don&#8217;t mix up your client\u00b4s willingness to pay with your own willingness to charge.<\/em><br \/>\n<\/span><\/p>\n<p><span style=\"color: #55080d;\"><em>9. Ceasing the service does not build up a pressure to pay the fee<\/em><br \/>\n(as with water supply, electricity, or telecommunication).<br \/>\n<\/span><\/p>\n<p><em><span style=\"color: #55080d;\">10. It is not an offence to collect the waste fee together with the water or electricity bill. <\/span><\/em>[\/vc_column_text][\/vc_column_inner][\/vc_row_inner][vc_row_inner equal_height=&#8221;yes&#8221;][vc_column_inner width=&#8221;1\/4&#8243; css=&#8221;.vc_custom_1680567513023{border-bottom-width: 1px !important;background-color: #55080d !important;border-bottom-color: #ffffff !important;border-bottom-style: dotted !important;border-radius: 1px !important;}&#8221;][vc_column_text]<\/p>\n<p style=\"text-align: center;\"><span style=\"color: #ed910b;\"><strong>LECTURER&#8217;S PROFILE<\/strong><\/span><\/p>\n<p>[\/vc_column_text][\/vc_column_inner][vc_column_inner width=&#8221;3\/4&#8243; css=&#8221;.vc_custom_1596615178119{border-bottom-width: 1px !important;border-left-width: 1px !important;border-left-color: #ffffff !important;border-left-style: dotted !important;border-bottom-color: #ffffff !important;border-bottom-style: dotted !important;border-radius: 1px !important;}&#8221;][vc_column_text]<span style=\"color: #55080d;\">Martin maintains a degree from the Technical University Berlin in Environmental Engineering (specialization solid waste and water resources management) and has been an independent consultant specializing in waste management for over 30 years.<\/span><\/p>\n<p><span style=\"color: #55080d;\">His work focuses on the conception, optimization as well as the technical and economic testing and integration of recycling and waste treatment plants. Another focus of his work has always been the planning and development of sustainable waste management systems &#8211; 30 years ago in Austria, Germany and northern Italy, today in Southeastern Europe and wherever the need is shifting to&#8230; (just now: in Africa).<\/span><\/p>\n<p><span style=\"color: #55080d;\">The conference in Strbske Pleso has become a fixed date in his calendar with the opportunity to bring together and meet experienced colleagues in a pleasant environment.<\/span>[\/vc_column_text][\/vc_column_inner][\/vc_row_inner][vc_row_inner equal_height=&#8221;yes&#8221; disable_element=&#8221;yes&#8221;][vc_column_inner width=&#8221;1\/4&#8243; css=&#8221;.vc_custom_1680567518420{border-bottom-width: 1px !important;background-color: #55080d !important;border-bottom-color: #ffffff !important;border-bottom-style: dotted !important;border-radius: 1px !important;}&#8221;][vc_column_text]<\/p>\n<p style=\"text-align: center;\"><span style=\"color: #ed910b;\"><strong>ORGANIZATION&#8217;S PROFILE<\/strong><\/span><\/p>\n<p>[\/vc_column_text][\/vc_column_inner][vc_column_inner width=&#8221;3\/4&#8243; css=&#8221;.vc_custom_1596615178119{border-bottom-width: 1px !important;border-left-width: 1px !important;border-left-color: #ffffff !important;border-left-style: dotted !important;border-bottom-color: #ffffff !important;border-bottom-style: dotted !important;border-radius: 1px !important;}&#8221;][\/vc_column_inner][\/vc_row_inner][vc_row_inner equal_height=&#8221;yes&#8221; disable_element=&#8221;yes&#8221;][vc_column_inner width=&#8221;1\/4&#8243; css=&#8221;.vc_custom_1680567523870{border-bottom-width: 1px !important;background-color: #55080d !important;border-bottom-color: #ffffff !important;border-bottom-style: dotted !important;border-radius: 1px !important;}&#8221;][vc_column_text]<\/p>\n<p style=\"text-align: center;\"><span style=\"color: #ed910b;\"><strong>K\u013d\u00da\u010cOV\u00c9 SLOV\u00c1<\/strong><\/span><\/p>\n<p>[\/vc_column_text][\/vc_column_inner][vc_column_inner width=&#8221;3\/4&#8243; css=&#8221;.vc_custom_1596615178119{border-bottom-width: 1px !important;border-left-width: 1px !important;border-left-color: #ffffff !important;border-left-style: dotted !important;border-bottom-color: #ffffff !important;border-bottom-style: dotted !important;border-radius: 1px !important;}&#8221;][\/vc_column_inner][\/vc_row_inner][vc_row_inner equal_height=&#8221;yes&#8221; disable_element=&#8221;yes&#8221;][vc_column_inner width=&#8221;1\/4&#8243; css=&#8221;.vc_custom_1680567529960{border-bottom-width: 1px !important;background-color: #55080d !important;border-bottom-color: #ffffff !important;border-bottom-style: dotted !important;border-radius: 1px !important;}&#8221;][vc_column_text]<\/p>\n<p style=\"text-align: center;\"><span style=\"color: #ed910b;\"><strong>ANOT\u00c1CIA<\/strong><\/span><\/p>\n<p>[\/vc_column_text][\/vc_column_inner][vc_column_inner width=&#8221;3\/4&#8243; css=&#8221;.vc_custom_1596615178119{border-bottom-width: 1px !important;border-left-width: 1px !important;border-left-color: #ffffff !important;border-left-style: dotted !important;border-bottom-color: #ffffff !important;border-bottom-style: dotted !important;border-radius: 1px !important;}&#8221;][\/vc_column_inner][\/vc_row_inner][vc_row_inner equal_height=&#8221;yes&#8221; disable_element=&#8221;yes&#8221;][vc_column_inner width=&#8221;1\/4&#8243; css=&#8221;.vc_custom_1680567536532{border-bottom-width: 1px !important;background-color: #55080d !important;border-bottom-color: #ffffff !important;border-bottom-style: dotted !important;border-radius: 1px !important;}&#8221;][vc_column_text]<\/p>\n<p style=\"text-align: center;\"><span style=\"color: #ed910b;\"><strong>PROFIL PREDN\u00c1\u0160AJ\u00daCEHO<\/strong><\/span><\/p>\n<p>[\/vc_column_text][\/vc_column_inner][vc_column_inner width=&#8221;3\/4&#8243; css=&#8221;.vc_custom_1596615178119{border-bottom-width: 1px !important;border-left-width: 1px !important;border-left-color: #ffffff !important;border-left-style: dotted !important;border-bottom-color: #ffffff !important;border-bottom-style: dotted !important;border-radius: 1px !important;}&#8221;][\/vc_column_inner][\/vc_row_inner][vc_row_inner equal_height=&#8221;yes&#8221; disable_element=&#8221;yes&#8221;][vc_column_inner width=&#8221;1\/4&#8243; css=&#8221;.vc_custom_1680567541569{background-color: #55080d !important;border-radius: 1px !important;}&#8221;][vc_column_text]<\/p>\n<p style=\"text-align: center;\"><span style=\"color: #ed910b;\"><strong>PROFIL ORGANIZ\u00c1CIE<\/strong><\/span><\/p>\n<p>[\/vc_column_text][\/vc_column_inner][vc_column_inner width=&#8221;3\/4&#8243; css=&#8221;.vc_custom_1596615533000{border-left-width: 1px !important;border-left-color: #ffffff !important;border-left-style: dotted !important;border-radius: 1px !important;}&#8221;][\/vc_column_inner][\/vc_row_inner]\t\t<\/div><\/div>[\/vc_column][\/vc_row]<\/p>\n<\/div>","protected":false},"excerpt":{"rendered":"<p>[vc_row full_width=&#8221;stretch_row&#8221; content_placement=&#8221;bottom&#8221; parallax=&#8221;content-moving&#8221; remove_padding=&#8221;no-padding-vc-row&#8221; bg_type=&#8221;grad&#8221; bg_grad=&#8221;background: -webkit-gradient(linear, left top, left bottom, color-stop(0%, #08060B), color-stop(0%, #230C06), color-stop(21%, #230C06), color-stop(51%, #613012), color-stop(100%, #F39E30));background: -moz-linear-gradient(top,#08060B 0%,#230C06 0%,#230C06 21%,#613012 51%,#F39E30 100%);background: -webkit-linear-gradient(top,#08060B 0%,#230C06 0%,#230C06 21%,#613012 51%,#F39E30 100%);background: -o-linear-gradient(top,#08060B 0%,#230C06 0%,#230C06 21%,#613012 51%,#F39E30 100%);background:&#8230;<\/p>\n","protected":false},"author":3,"featured_media":0,"parent":0,"menu_order":0,"comment_status":"closed","ping_status":"closed","template":"","meta":{"footnotes":""},"class_list":["post-4212","page","type-page","status-publish","hentry"],"yoast_head":"<!-- This site is optimized with the Yoast SEO plugin v27.4 - https:\/\/yoast.com\/product\/yoast-seo-wordpress\/ -->\n<title>EM2023-Steiner-Martin - NMC<\/title>\n<meta name=\"robots\" content=\"index, follow, max-snippet:-1, max-image-preview:large, max-video-preview:-1\" \/>\n<link rel=\"canonical\" href=\"https:\/\/nmc.sk\/en\/em2023-steiner-martin\/\" \/>\n<meta property=\"og:locale\" content=\"en_US\" \/>\n<meta property=\"og:type\" content=\"article\" \/>\n<meta property=\"og:title\" content=\"EM2023-Steiner-Martin - NMC\" \/>\n<meta property=\"og:description\" content=\"[vc_row full_width=&#8221;stretch_row&#8221; content_placement=&#8221;bottom&#8221; parallax=&#8221;content-moving&#8221; remove_padding=&#8221;no-padding-vc-row&#8221; bg_type=&#8221;grad&#8221; bg_grad=&#8221;background: -webkit-gradient(linear, left top, left bottom, color-stop(0%, #08060B), color-stop(0%, #230C06), color-stop(21%, #230C06), color-stop(51%, #613012), color-stop(100%, #F39E30));background: -moz-linear-gradient(top,#08060B 0%,#230C06 0%,#230C06 21%,#613012 51%,#F39E30 100%);background: -webkit-linear-gradient(top,#08060B 0%,#230C06 0%,#230C06 21%,#613012 51%,#F39E30 100%);background: -o-linear-gradient(top,#08060B 0%,#230C06 0%,#230C06 21%,#613012 51%,#F39E30 100%);background:...\" \/>\n<meta property=\"og:url\" content=\"https:\/\/nmc.sk\/en\/em2023-steiner-martin\/\" \/>\n<meta property=\"og:site_name\" content=\"NMC\" \/>\n<meta property=\"article:modified_time\" content=\"2023-09-05T21:57:14+00:00\" \/>\n<meta name=\"twitter:card\" content=\"summary_large_image\" \/>\n<meta name=\"twitter:label1\" content=\"Est. reading time\" \/>\n\t<meta name=\"twitter:data1\" content=\"5 minutes\" \/>\n<script type=\"application\/ld+json\" class=\"yoast-schema-graph\">{\"@context\":\"https:\\\/\\\/schema.org\",\"@graph\":[{\"@type\":\"WebPage\",\"@id\":\"https:\\\/\\\/nmc.sk\\\/en\\\/em2023-steiner-martin\\\/\",\"url\":\"https:\\\/\\\/nmc.sk\\\/en\\\/em2023-steiner-martin\\\/\",\"name\":\"EM2023-Steiner-Martin - NMC\",\"isPartOf\":{\"@id\":\"https:\\\/\\\/nmc.sk\\\/en\\\/#website\"},\"datePublished\":\"2023-04-17T14:39:48+00:00\",\"dateModified\":\"2023-09-05T21:57:14+00:00\",\"breadcrumb\":{\"@id\":\"https:\\\/\\\/nmc.sk\\\/en\\\/em2023-steiner-martin\\\/#breadcrumb\"},\"inLanguage\":\"en-US\",\"potentialAction\":[{\"@type\":\"ReadAction\",\"target\":[\"https:\\\/\\\/nmc.sk\\\/en\\\/em2023-steiner-martin\\\/\"]}]},{\"@type\":\"BreadcrumbList\",\"@id\":\"https:\\\/\\\/nmc.sk\\\/en\\\/em2023-steiner-martin\\\/#breadcrumb\",\"itemListElement\":[{\"@type\":\"ListItem\",\"position\":1,\"name\":\"Home\",\"item\":\"https:\\\/\\\/nmc.sk\\\/en\\\/\"},{\"@type\":\"ListItem\",\"position\":2,\"name\":\"EM2023-Steiner-Martin\"}]},{\"@type\":\"WebSite\",\"@id\":\"https:\\\/\\\/nmc.sk\\\/en\\\/#website\",\"url\":\"https:\\\/\\\/nmc.sk\\\/en\\\/\",\"name\":\"NMC\",\"description\":\"\",\"publisher\":{\"@id\":\"https:\\\/\\\/nmc.sk\\\/en\\\/#organization\"},\"potentialAction\":[{\"@type\":\"SearchAction\",\"target\":{\"@type\":\"EntryPoint\",\"urlTemplate\":\"https:\\\/\\\/nmc.sk\\\/en\\\/?s={search_term_string}\"},\"query-input\":{\"@type\":\"PropertyValueSpecification\",\"valueRequired\":true,\"valueName\":\"search_term_string\"}}],\"inLanguage\":\"en-US\"},{\"@type\":\"Organization\",\"@id\":\"https:\\\/\\\/nmc.sk\\\/en\\\/#organization\",\"name\":\"NMC\",\"url\":\"https:\\\/\\\/nmc.sk\\\/en\\\/\",\"logo\":{\"@type\":\"ImageObject\",\"inLanguage\":\"en-US\",\"@id\":\"https:\\\/\\\/nmc.sk\\\/en\\\/#\\\/schema\\\/logo\\\/image\\\/\",\"url\":\"\",\"contentUrl\":\"\",\"caption\":\"NMC\"},\"image\":{\"@id\":\"https:\\\/\\\/nmc.sk\\\/en\\\/#\\\/schema\\\/logo\\\/image\\\/\"}}]}<\/script>\n<!-- \/ Yoast SEO plugin. -->","yoast_head_json":{"title":"EM2023-Steiner-Martin - NMC","robots":{"index":"index","follow":"follow","max-snippet":"max-snippet:-1","max-image-preview":"max-image-preview:large","max-video-preview":"max-video-preview:-1"},"canonical":"https:\/\/nmc.sk\/en\/em2023-steiner-martin\/","og_locale":"en_US","og_type":"article","og_title":"EM2023-Steiner-Martin - NMC","og_description":"[vc_row full_width=&#8221;stretch_row&#8221; content_placement=&#8221;bottom&#8221; parallax=&#8221;content-moving&#8221; remove_padding=&#8221;no-padding-vc-row&#8221; bg_type=&#8221;grad&#8221; bg_grad=&#8221;background: -webkit-gradient(linear, left top, left bottom, color-stop(0%, #08060B), color-stop(0%, #230C06), color-stop(21%, #230C06), color-stop(51%, #613012), color-stop(100%, #F39E30));background: -moz-linear-gradient(top,#08060B 0%,#230C06 0%,#230C06 21%,#613012 51%,#F39E30 100%);background: -webkit-linear-gradient(top,#08060B 0%,#230C06 0%,#230C06 21%,#613012 51%,#F39E30 100%);background: -o-linear-gradient(top,#08060B 0%,#230C06 0%,#230C06 21%,#613012 51%,#F39E30 100%);background:...","og_url":"https:\/\/nmc.sk\/en\/em2023-steiner-martin\/","og_site_name":"NMC","article_modified_time":"2023-09-05T21:57:14+00:00","twitter_card":"summary_large_image","twitter_misc":{"Est. reading time":"5 minutes"},"schema":{"@context":"https:\/\/schema.org","@graph":[{"@type":"WebPage","@id":"https:\/\/nmc.sk\/en\/em2023-steiner-martin\/","url":"https:\/\/nmc.sk\/en\/em2023-steiner-martin\/","name":"EM2023-Steiner-Martin - NMC","isPartOf":{"@id":"https:\/\/nmc.sk\/en\/#website"},"datePublished":"2023-04-17T14:39:48+00:00","dateModified":"2023-09-05T21:57:14+00:00","breadcrumb":{"@id":"https:\/\/nmc.sk\/en\/em2023-steiner-martin\/#breadcrumb"},"inLanguage":"en-US","potentialAction":[{"@type":"ReadAction","target":["https:\/\/nmc.sk\/en\/em2023-steiner-martin\/"]}]},{"@type":"BreadcrumbList","@id":"https:\/\/nmc.sk\/en\/em2023-steiner-martin\/#breadcrumb","itemListElement":[{"@type":"ListItem","position":1,"name":"Home","item":"https:\/\/nmc.sk\/en\/"},{"@type":"ListItem","position":2,"name":"EM2023-Steiner-Martin"}]},{"@type":"WebSite","@id":"https:\/\/nmc.sk\/en\/#website","url":"https:\/\/nmc.sk\/en\/","name":"NMC","description":"","publisher":{"@id":"https:\/\/nmc.sk\/en\/#organization"},"potentialAction":[{"@type":"SearchAction","target":{"@type":"EntryPoint","urlTemplate":"https:\/\/nmc.sk\/en\/?s={search_term_string}"},"query-input":{"@type":"PropertyValueSpecification","valueRequired":true,"valueName":"search_term_string"}}],"inLanguage":"en-US"},{"@type":"Organization","@id":"https:\/\/nmc.sk\/en\/#organization","name":"NMC","url":"https:\/\/nmc.sk\/en\/","logo":{"@type":"ImageObject","inLanguage":"en-US","@id":"https:\/\/nmc.sk\/en\/#\/schema\/logo\/image\/","url":"","contentUrl":"","caption":"NMC"},"image":{"@id":"https:\/\/nmc.sk\/en\/#\/schema\/logo\/image\/"}}]}},"_links":{"self":[{"href":"https:\/\/nmc.sk\/en\/wp-json\/wp\/v2\/pages\/4212","targetHints":{"allow":["GET"]}}],"collection":[{"href":"https:\/\/nmc.sk\/en\/wp-json\/wp\/v2\/pages"}],"about":[{"href":"https:\/\/nmc.sk\/en\/wp-json\/wp\/v2\/types\/page"}],"author":[{"embeddable":true,"href":"https:\/\/nmc.sk\/en\/wp-json\/wp\/v2\/users\/3"}],"replies":[{"embeddable":true,"href":"https:\/\/nmc.sk\/en\/wp-json\/wp\/v2\/comments?post=4212"}],"version-history":[{"count":10,"href":"https:\/\/nmc.sk\/en\/wp-json\/wp\/v2\/pages\/4212\/revisions"}],"predecessor-version":[{"id":4708,"href":"https:\/\/nmc.sk\/en\/wp-json\/wp\/v2\/pages\/4212\/revisions\/4708"}],"wp:attachment":[{"href":"https:\/\/nmc.sk\/en\/wp-json\/wp\/v2\/media?parent=4212"}],"curies":[{"name":"wp","href":"https:\/\/api.w.org\/{rel}","templated":true}]}}