{"id":5300,"date":"2024-05-23T10:21:39","date_gmt":"2024-05-23T08:21:39","guid":{"rendered":"https:\/\/nmc.sk\/?page_id=5300"},"modified":"2024-05-23T10:44:14","modified_gmt":"2024-05-23T08:44:14","slug":"em2024-schreyer-christian","status":"publish","type":"page","link":"https:\/\/nmc.sk\/en\/em2024-schreyer-christian\/","title":{"rendered":"EM2024-Schreyer-Christian"},"content":{"rendered":"<div class=\"wpb-content-wrapper\"><p>[vc_row full_width=&#8221;stretch_row&#8221; content_placement=&#8221;bottom&#8221; parallax=&#8221;content-moving&#8221; remove_padding=&#8221;no-padding-vc-row&#8221; bg_type=&#8221;grad&#8221; bg_grad=&#8221;background: -webkit-gradient(linear, left top, left bottom, color-stop(0%, #08060B), color-stop(0%, #F8E45F), color-stop(43%, #D76B07), color-stop(74%, #705B3C), color-stop(100%, #107A78));background: -moz-linear-gradient(top,#08060B 0%,#F8E45F 0%,#D76B07 43%,#705B3C 74%,#107A78 100%);background: -webkit-linear-gradient(top,#08060B 0%,#F8E45F 0%,#D76B07 43%,#705B3C 74%,#107A78 100%);background: -o-linear-gradient(top,#08060B 0%,#F8E45F 0%,#D76B07 43%,#705B3C 74%,#107A78 100%);background: -ms-linear-gradient(top,#08060B 0%,#F8E45F 0%,#D76B07 43%,#705B3C 74%,#107A78 100%);background: linear-gradient(top,#08060B 0%,#F8E45F 0%,#D76B07 43%,#705B3C 74%,#107A78 100%);&#8221;][vc_column]<div class=\"ult-content-box-container \" >\t\t<div class=\"ult-content-box\" style=\"box-shadow: px px px px none;-webkit-transition: all 700ms ease;-moz-transition: all 700ms ease;-ms-transition: all 700ms ease;-o-transition: all 700ms ease;transition: all 700ms ease;\"  data-hover_box_shadow=\"none\"    >[vc_row_inner content_placement=&#8221;middle&#8221;][vc_column_inner width=&#8221;1\/4&#8243;][vc_single_image image=&#8221;3298&#8243; img_size=&#8221;full&#8221; alignment=&#8221;center&#8221; style=&#8221;vc_box_border_circle_2&#8243; border_color=&#8221;white&#8221; css_animation=&#8221;right-to-left&#8221; css=&#8221;.vc_custom_1716452983923{padding-top: 150px !important;}&#8221;][vc_empty_space height=&#8221;200&#8243;][\/vc_column_inner][vc_column_inner width=&#8221;3\/4&#8243; css=&#8221;.vc_custom_1596614331624{padding-left: 50px !important;}&#8221;][vc_empty_space height=&#8221;10&#8243;][vc_custom_heading text=&#8221;14TH INTERNATIONAL EXPERTS&#8217; CONFERENCE&#8221; font_container=&#8221;tag:h3|font_size:26|text_align:left|color:%23ffffff|line_height:1&#8243; google_fonts=&#8221;font_family:Open%20Sans%3A300%2C300italic%2Cregular%2Citalic%2C600%2C600italic%2C700%2C700italic%2C800%2C800italic&#8221;][vc_custom_heading text=&#8221;ENVIROMANAGEMENT 2024&#8243; font_container=&#8221;tag:h2|font_size:40|text_align:left|color:%23fff153|line_height:1&#8243; google_fonts=&#8221;font_family:Open%20Sans%3A300%2C300italic%2Cregular%2Citalic%2C600%2C600italic%2C700%2C700italic%2C800%2C800italic&#8221; css_animation=&#8221;none&#8221; css=&#8221;.vc_custom_1714733289370{padding-top: 20px !important;}&#8221;][vc_empty_space height=&#8221;20&#8243;][vc_custom_heading text=&#8221;MANAGING SOLID WASTE AND RESOURCES PROPERLY&#8230;&#8221; font_container=&#8221;tag:h3|font_size:38|text_align:left|color:%23ffffff|line_height:1.1&#8243; google_fonts=&#8221;font_family:Open%20Sans%3A300%2C300italic%2Cregular%2Citalic%2C600%2C600italic%2C700%2C700italic%2C800%2C800italic&#8221;][vc_empty_space height=&#8221;10&#8243;][vc_custom_heading text=&#8221;FAILING TO PLAN IS PLANNING TO FAIL&#8221; font_container=&#8221;tag:h3|font_size:28|text_align:left|color:%23fff153|line_height:1.1&#8243; google_fonts=&#8221;font_family:Open%20Sans%3A300%2C300italic%2Cregular%2Citalic%2C600%2C600italic%2C700%2C700italic%2C800%2C800italic&#8221;][vc_empty_space height=&#8221;25&#8243;][vc_custom_heading text=&#8221;SEPTEMBER 30 &#8211; OCTOBER 1, 2024<br \/>\nHOTEL PATRIA ****, \u0160TRBSK\u00c9 PLESO, HIGH TATRAS<br \/>\nSLOVAKIA&#8221; font_container=&#8221;tag:h4|font_size:20|text_align:left|color:%23ffffff|line_height:1.5&#8243; google_fonts=&#8221;font_family:Open%20Sans%3A300%2C300italic%2Cregular%2Citalic%2C600%2C600italic%2C700%2C700italic%2C800%2C800italic&#8221;][vc_empty_space height=&#8221;80&#8243;][\/vc_column_inner][\/vc_row_inner]\t\t<\/div><\/div>[\/vc_column][\/vc_row][vc_row full_width=&#8221;stretch_row&#8221; equal_height=&#8221;yes&#8221; content_placement=&#8221;top&#8221; remove_padding=&#8221;no-padding-vc-row&#8221; bg_type=&#8221;grad&#8221; css=&#8221;.vc_custom_1714733913776{padding-top: 50px !important;padding-bottom: 50px !important;}&#8221; bg_grad=&#8221;background: -webkit-gradient(linear, left top, left bottom, color-stop(0%, #107A78), color-stop(58%, #164B55));background: -moz-linear-gradient(top,#107A78 0%,#164B55 58%);background: -webkit-linear-gradient(top,#107A78 0%,#164B55 58%);background: -o-linear-gradient(top,#107A78 0%,#164B55 58%);background: -ms-linear-gradient(top,#107A78 0%,#164B55 58%);background: linear-gradient(top,#107A78 0%,#164B55 58%);&#8221;][vc_column color_style=&#8221;light&#8221;]<div class=\"ult-content-box-container \" >\t\t<div class=\"ult-content-box\" style=\"box-shadow: px px px px none;-webkit-transition: all 700ms ease;-moz-transition: all 700ms ease;-ms-transition: all 700ms ease;-o-transition: all 700ms ease;transition: all 700ms ease;\"  data-hover_box_shadow=\"none\"    >[vc_row_inner equal_height=&#8221;yes&#8221; content_placement=&#8221;middle&#8221;][vc_column_inner width=&#8221;1\/4&#8243; css=&#8221;.vc_custom_1714734284630{border-bottom-width: 1px !important;background-color: #f8e45f !important;border-bottom-color: #164a55 !important;border-bottom-style: dotted !important;border-radius: 1px !important;}&#8221;][vc_custom_heading text=&#8221;LECTURER&#8221; font_container=&#8221;tag:h3|text_align:center|color:%23164a55&#8243; google_fonts=&#8221;font_family:Open%20Sans%3A300%2C300italic%2Cregular%2Citalic%2C600%2C600italic%2C700%2C700italic%2C800%2C800italic&#8221; css_animation=&#8221;fadeIn&#8221;][\/vc_column_inner][vc_column_inner width=&#8221;3\/4&#8243; css=&#8221;.vc_custom_1596615104945{border-bottom-width: 1px !important;border-left-width: 1px !important;border-left-color: #ffffff !important;border-left-style: dotted !important;border-bottom-color: #ffffff !important;border-bottom-style: dotted !important;}&#8221;][vc_column_text]<span style=\"color: #f8e45f;\"><strong>Dr. Christian Schreyer<\/strong><\/span><\/p>\n<p>CEO<br \/>\nUmbrella Organization of Styrian Waste Management Associations<\/p>\n<p>Seiersberg-Pirka<br \/>\nAustria[\/vc_column_text][\/vc_column_inner][\/vc_row_inner][vc_row_inner equal_height=&#8221;yes&#8221;][vc_column_inner width=&#8221;1\/4&#8243; css=&#8221;.vc_custom_1714734289797{border-bottom-width: 1px !important;background-color: #f8e45f !important;border-bottom-color: #164a55 !important;border-bottom-style: dotted !important;border-radius: 1px !important;}&#8221;][vc_custom_heading text=&#8221;PRESENTATION&#8221; font_container=&#8221;tag:h3|text_align:center|color:%23164a55&#8243; google_fonts=&#8221;font_family:Open%20Sans%3A300%2C300italic%2Cregular%2Citalic%2C600%2C600italic%2C700%2C700italic%2C800%2C800italic&#8221; css_animation=&#8221;fadeIn&#8221;][\/vc_column_inner][vc_column_inner width=&#8221;3\/4&#8243; css=&#8221;.vc_custom_1596615178119{border-bottom-width: 1px !important;border-left-width: 1px !important;border-left-color: #ffffff !important;border-left-style: dotted !important;border-bottom-color: #ffffff !important;border-bottom-style: dotted !important;border-radius: 1px !important;}&#8221;][vc_column_text]<strong>Poor Planning Today \u2013 Creating Tomorrow&#8217;s Mistakes.<br \/>\n<\/strong><strong>A look back at 30 years operation of communal drop-off centers.<br \/>\n<\/strong><\/p>\n<p><em><strong>Dne\u0161n\u00e9 chyby v pl\u00e1novan\u00ed a z nich plyn\u00face probl\u00e9my v bud\u00facnosti.<\/strong><\/em><br \/>\n<em><strong>Poh\u013ead na posledn\u00fdch 30 rokov fungovania komun\u00e1lnych zbern\u00fdch dvorov.<\/strong><\/em>[\/vc_column_text][\/vc_column_inner][\/vc_row_inner][vc_row_inner equal_height=&#8221;yes&#8221; disable_element=&#8221;yes&#8221;][vc_column_inner width=&#8221;1\/4&#8243; css=&#8221;.vc_custom_1714734333934{border-bottom-width: 1px !important;background-color: #f8e45f !important;border-bottom-color: #164a55 !important;border-bottom-style: dotted !important;border-radius: 1px !important;}&#8221;][vc_custom_heading text=&#8221;KEY WORDS&#8221; font_container=&#8221;tag:h3|text_align:center|color:%23164a55&#8243; google_fonts=&#8221;font_family:Open%20Sans%3A300%2C300italic%2Cregular%2Citalic%2C600%2C600italic%2C700%2C700italic%2C800%2C800italic&#8221; css_animation=&#8221;fadeIn&#8221;][\/vc_column_inner][vc_column_inner width=&#8221;3\/4&#8243; css=&#8221;.vc_custom_1596615178119{border-bottom-width: 1px !important;border-left-width: 1px !important;border-left-color: #ffffff !important;border-left-style: dotted !important;border-bottom-color: #ffffff !important;border-bottom-style: dotted !important;border-radius: 1px !important;}&#8221;][vc_column_text][\/vc_column_text][\/vc_column_inner][\/vc_row_inner][vc_row_inner equal_height=&#8221;yes&#8221;][vc_column_inner width=&#8221;1\/4&#8243; css=&#8221;.vc_custom_1714734300764{border-bottom-width: 1px !important;background-color: #f8e45f !important;border-bottom-color: #164a55 !important;border-bottom-style: dotted !important;border-radius: 1px !important;}&#8221;][vc_custom_heading text=&#8221;ANNOTATION&#8221; font_container=&#8221;tag:h3|text_align:center|color:%23164a55&#8243; google_fonts=&#8221;font_family:Open%20Sans%3A300%2C300italic%2Cregular%2Citalic%2C600%2C600italic%2C700%2C700italic%2C800%2C800italic&#8221; css_animation=&#8221;fadeIn&#8221;][\/vc_column_inner][vc_column_inner width=&#8221;3\/4&#8243; css=&#8221;.vc_custom_1596615178119{border-bottom-width: 1px !important;border-left-width: 1px !important;border-left-color: #ffffff !important;border-left-style: dotted !important;border-bottom-color: #ffffff !important;border-bottom-style: dotted !important;border-radius: 1px !important;}&#8221;][vc_column_text]In several regions of Austria, the construction of waste collection centers began very early on between 1990 and 1995.<\/p>\n<p>At that time, it was important for the population to be able to find all important services in their own living environment. People still did their shopping in the village, which meant that all waste disposal options should be available in the village itself. By 2005, Styria, with a population of 1.2 million, already had 430 waste collection centers, a result of the administration&#8217;s funding policy, which had a great interest in an infrastructure that was as dense and comprehensive as possible.<\/p>\n<p>However, some waste collection centers were too small and had very low utilization rates. Technical and legal requirements were difficult to meet and the fixed costs were too high in relation to the volumes of waste collected. Some waste collection centers were only open 12 times a year because the personnel costs were very high. The quantities of waste delivered were low, the number of fractions was low and much waste was poorly separated and only collected in mixed form. As a result, the potential for recyclable waste was not optimally utilized. The implementation of safety requirements was also expensive and therefore the installation of waste collection centers had to be established on a supra-regional level. Municipalities were encouraged to cooperate, resulting in the creation of new resource parks, in which a variety of 80 different waste fractions are now collected, recyclables reach freightable quantities and can thus be marketed profitably.<\/p>\n<p>The current concept is that waste collection centers should be set up for at least 10,000 inhabitants. By implementing a high level of collection diversity, revenues from recyclables increase, collected amounts increase, fixed costs fall and it pays to employ well-trained staff. Professionally managed resource parks are now accessible at least three days a week. Citizen-friendly service and a high level of acceptance among the population guarantee ecologically and economically better structures.[\/vc_column_text][\/vc_column_inner][\/vc_row_inner][vc_row_inner equal_height=&#8221;yes&#8221;][vc_column_inner width=&#8221;1\/4&#8243; css=&#8221;.vc_custom_1714734305703{border-bottom-width: 1px !important;background-color: #f8e45f !important;border-bottom-color: #164a55 !important;border-bottom-style: dotted !important;border-radius: 1px !important;}&#8221;][vc_custom_heading text=&#8221;LECTURER&#8217;S PROFILE&#8221; font_container=&#8221;tag:h3|text_align:center|color:%23164a55&#8243; google_fonts=&#8221;font_family:Open%20Sans%3A300%2C300italic%2Cregular%2Citalic%2C600%2C600italic%2C700%2C700italic%2C800%2C800italic&#8221; css_animation=&#8221;fadeIn&#8221;][\/vc_column_inner][vc_column_inner width=&#8221;3\/4&#8243; css=&#8221;.vc_custom_1596615178119{border-bottom-width: 1px !important;border-left-width: 1px !important;border-left-color: #ffffff !important;border-left-style: dotted !important;border-bottom-color: #ffffff !important;border-bottom-style: dotted !important;border-radius: 1px !important;}&#8221;][vc_column_text]<strong>Dr. Christian Schreyer<\/strong>, Manager of the Umbrella Organization of Styrian Waste Management Associations. Since 1992 working in public waste management. Main areas of responsibility: Organization systems in public waste management, waste fees, PAYT, Public recycling yards, collection systems, public tendering, public relations.[\/vc_column_text][\/vc_column_inner][\/vc_row_inner][vc_row_inner equal_height=&#8221;yes&#8221;][vc_column_inner width=&#8221;1\/4&#8243; css=&#8221;.vc_custom_1716293450651{border-bottom-width: 1px !important;background-color: #f8e45f !important;border-bottom-color: #164a55 !important;border-bottom-style: dotted !important;border-radius: 1px !important;}&#8221;][vc_custom_heading text=&#8221;ORGANIZATION&#8217;S PROFILE&#8221; font_container=&#8221;tag:h3|text_align:center|color:%23164a55&#8243; google_fonts=&#8221;font_family:Open%20Sans%3A300%2C300italic%2Cregular%2Citalic%2C600%2C600italic%2C700%2C700italic%2C800%2C800italic&#8221; css_animation=&#8221;fadeIn&#8221;][\/vc_column_inner][vc_column_inner width=&#8221;3\/4&#8243; css=&#8221;.vc_custom_1716293466427{border-bottom-width: 1px !important;border-left-width: 1px !important;border-left-color: #ffffff !important;border-left-style: dotted !important;border-bottom-color: #ffffff !important;border-bottom-style: dotted !important;border-radius: 1px !important;}&#8221;][vc_column_text]<strong>Umbrella Organization of Styrian Waste Management Associations<\/strong>: Stakeholder for 17 Waste Management Associations, Contact point to private waste management groups, legislation, Head for organization of public relation in Styria.[\/vc_column_text][\/vc_column_inner][\/vc_row_inner][vc_row_inner equal_height=&#8221;yes&#8221; disable_element=&#8221;yes&#8221;][vc_column_inner width=&#8221;1\/4&#8243; css=&#8221;.vc_custom_1680567523870{border-bottom-width: 1px !important;background-color: #55080d !important;border-bottom-color: #ffffff !important;border-bottom-style: dotted !important;border-radius: 1px !important;}&#8221;][vc_column_text]<\/p>\n<p style=\"text-align: center;\"><span style=\"color: #ed910b;\"><strong>K\u013d\u00da\u010cOV\u00c9 SLOV\u00c1<\/strong><\/span><\/p>\n<p>[\/vc_column_text][\/vc_column_inner][vc_column_inner width=&#8221;3\/4&#8243; css=&#8221;.vc_custom_1596615178119{border-bottom-width: 1px !important;border-left-width: 1px !important;border-left-color: #ffffff !important;border-left-style: dotted !important;border-bottom-color: #ffffff !important;border-bottom-style: dotted !important;border-radius: 1px !important;}&#8221;][\/vc_column_inner][\/vc_row_inner][vc_row_inner equal_height=&#8221;yes&#8221; disable_element=&#8221;yes&#8221;][vc_column_inner width=&#8221;1\/4&#8243; css=&#8221;.vc_custom_1680567529960{border-bottom-width: 1px !important;background-color: #55080d !important;border-bottom-color: #ffffff !important;border-bottom-style: dotted !important;border-radius: 1px !important;}&#8221;][vc_column_text]<\/p>\n<p style=\"text-align: center;\"><span style=\"color: #ed910b;\"><strong>ANOT\u00c1CIA<\/strong><\/span><\/p>\n<p>[\/vc_column_text][\/vc_column_inner][vc_column_inner width=&#8221;3\/4&#8243; css=&#8221;.vc_custom_1596615178119{border-bottom-width: 1px !important;border-left-width: 1px !important;border-left-color: #ffffff !important;border-left-style: dotted !important;border-bottom-color: #ffffff !important;border-bottom-style: dotted !important;border-radius: 1px !important;}&#8221;][\/vc_column_inner][\/vc_row_inner][vc_row_inner equal_height=&#8221;yes&#8221; disable_element=&#8221;yes&#8221;][vc_column_inner width=&#8221;1\/4&#8243; css=&#8221;.vc_custom_1680567536532{border-bottom-width: 1px !important;background-color: #55080d !important;border-bottom-color: #ffffff !important;border-bottom-style: dotted !important;border-radius: 1px !important;}&#8221;][vc_column_text]<\/p>\n<p style=\"text-align: center;\"><span style=\"color: #ed910b;\"><strong>PROFIL PREDN\u00c1\u0160AJ\u00daCEHO<\/strong><\/span><\/p>\n<p>[\/vc_column_text][\/vc_column_inner][vc_column_inner width=&#8221;3\/4&#8243; css=&#8221;.vc_custom_1596615178119{border-bottom-width: 1px !important;border-left-width: 1px !important;border-left-color: #ffffff !important;border-left-style: dotted !important;border-bottom-color: #ffffff !important;border-bottom-style: dotted !important;border-radius: 1px !important;}&#8221;][\/vc_column_inner][\/vc_row_inner][vc_row_inner equal_height=&#8221;yes&#8221; disable_element=&#8221;yes&#8221;][vc_column_inner width=&#8221;1\/4&#8243; css=&#8221;.vc_custom_1680567541569{background-color: #55080d !important;border-radius: 1px !important;}&#8221;][vc_column_text]<\/p>\n<p style=\"text-align: center;\"><span style=\"color: #ed910b;\"><strong>PROFIL ORGANIZ\u00c1CIE<\/strong><\/span><\/p>\n<p>[\/vc_column_text][\/vc_column_inner][vc_column_inner width=&#8221;3\/4&#8243; css=&#8221;.vc_custom_1596615533000{border-left-width: 1px !important;border-left-color: #ffffff !important;border-left-style: dotted !important;border-radius: 1px !important;}&#8221;][\/vc_column_inner][\/vc_row_inner]\t\t<\/div><\/div>[\/vc_column][\/vc_row]<\/p>\n<\/div>","protected":false},"excerpt":{"rendered":"<p>[vc_row full_width=&#8221;stretch_row&#8221; content_placement=&#8221;bottom&#8221; parallax=&#8221;content-moving&#8221; remove_padding=&#8221;no-padding-vc-row&#8221; bg_type=&#8221;grad&#8221; bg_grad=&#8221;background: -webkit-gradient(linear, left top, left bottom, color-stop(0%, #08060B), color-stop(0%, #F8E45F), color-stop(43%, #D76B07), color-stop(74%, #705B3C), color-stop(100%, #107A78));background: -moz-linear-gradient(top,#08060B 0%,#F8E45F 0%,#D76B07 43%,#705B3C 74%,#107A78 100%);background: -webkit-linear-gradient(top,#08060B 0%,#F8E45F 0%,#D76B07 43%,#705B3C 74%,#107A78 100%);background: -o-linear-gradient(top,#08060B 0%,#F8E45F 0%,#D76B07 43%,#705B3C 74%,#107A78 100%);background:&#8230;<\/p>\n","protected":false},"author":3,"featured_media":0,"parent":0,"menu_order":0,"comment_status":"closed","ping_status":"closed","template":"","meta":{"footnotes":""},"class_list":["post-5300","page","type-page","status-publish","hentry"],"yoast_head":"<!-- This site is optimized with the Yoast SEO plugin v27.4 - https:\/\/yoast.com\/product\/yoast-seo-wordpress\/ -->\n<title>EM2024-Schreyer-Christian - NMC<\/title>\n<meta name=\"robots\" content=\"index, follow, max-snippet:-1, max-image-preview:large, max-video-preview:-1\" \/>\n<link rel=\"canonical\" href=\"https:\/\/nmc.sk\/en\/em2024-schreyer-christian\/\" \/>\n<meta property=\"og:locale\" content=\"en_US\" \/>\n<meta property=\"og:type\" content=\"article\" \/>\n<meta property=\"og:title\" content=\"EM2024-Schreyer-Christian - NMC\" \/>\n<meta property=\"og:description\" content=\"[vc_row full_width=&#8221;stretch_row&#8221; content_placement=&#8221;bottom&#8221; parallax=&#8221;content-moving&#8221; remove_padding=&#8221;no-padding-vc-row&#8221; bg_type=&#8221;grad&#8221; bg_grad=&#8221;background: -webkit-gradient(linear, left top, left bottom, color-stop(0%, #08060B), color-stop(0%, #F8E45F), color-stop(43%, #D76B07), color-stop(74%, #705B3C), color-stop(100%, #107A78));background: -moz-linear-gradient(top,#08060B 0%,#F8E45F 0%,#D76B07 43%,#705B3C 74%,#107A78 100%);background: -webkit-linear-gradient(top,#08060B 0%,#F8E45F 0%,#D76B07 43%,#705B3C 74%,#107A78 100%);background: -o-linear-gradient(top,#08060B 0%,#F8E45F 0%,#D76B07 43%,#705B3C 74%,#107A78 100%);background:...\" \/>\n<meta property=\"og:url\" content=\"https:\/\/nmc.sk\/en\/em2024-schreyer-christian\/\" \/>\n<meta property=\"og:site_name\" content=\"NMC\" \/>\n<meta property=\"article:modified_time\" content=\"2024-05-23T08:44:14+00:00\" \/>\n<meta name=\"twitter:card\" content=\"summary_large_image\" \/>\n<meta name=\"twitter:label1\" content=\"Est. reading time\" \/>\n\t<meta name=\"twitter:data1\" content=\"6 minutes\" \/>\n<script type=\"application\/ld+json\" class=\"yoast-schema-graph\">{\"@context\":\"https:\\\/\\\/schema.org\",\"@graph\":[{\"@type\":\"WebPage\",\"@id\":\"https:\\\/\\\/nmc.sk\\\/en\\\/em2024-schreyer-christian\\\/\",\"url\":\"https:\\\/\\\/nmc.sk\\\/en\\\/em2024-schreyer-christian\\\/\",\"name\":\"EM2024-Schreyer-Christian - NMC\",\"isPartOf\":{\"@id\":\"https:\\\/\\\/nmc.sk\\\/en\\\/#website\"},\"datePublished\":\"2024-05-23T08:21:39+00:00\",\"dateModified\":\"2024-05-23T08:44:14+00:00\",\"breadcrumb\":{\"@id\":\"https:\\\/\\\/nmc.sk\\\/en\\\/em2024-schreyer-christian\\\/#breadcrumb\"},\"inLanguage\":\"en-US\",\"potentialAction\":[{\"@type\":\"ReadAction\",\"target\":[\"https:\\\/\\\/nmc.sk\\\/en\\\/em2024-schreyer-christian\\\/\"]}]},{\"@type\":\"BreadcrumbList\",\"@id\":\"https:\\\/\\\/nmc.sk\\\/en\\\/em2024-schreyer-christian\\\/#breadcrumb\",\"itemListElement\":[{\"@type\":\"ListItem\",\"position\":1,\"name\":\"Home\",\"item\":\"https:\\\/\\\/nmc.sk\\\/en\\\/\"},{\"@type\":\"ListItem\",\"position\":2,\"name\":\"EM2024-Schreyer-Christian\"}]},{\"@type\":\"WebSite\",\"@id\":\"https:\\\/\\\/nmc.sk\\\/en\\\/#website\",\"url\":\"https:\\\/\\\/nmc.sk\\\/en\\\/\",\"name\":\"NMC\",\"description\":\"\",\"publisher\":{\"@id\":\"https:\\\/\\\/nmc.sk\\\/en\\\/#organization\"},\"potentialAction\":[{\"@type\":\"SearchAction\",\"target\":{\"@type\":\"EntryPoint\",\"urlTemplate\":\"https:\\\/\\\/nmc.sk\\\/en\\\/?s={search_term_string}\"},\"query-input\":{\"@type\":\"PropertyValueSpecification\",\"valueRequired\":true,\"valueName\":\"search_term_string\"}}],\"inLanguage\":\"en-US\"},{\"@type\":\"Organization\",\"@id\":\"https:\\\/\\\/nmc.sk\\\/en\\\/#organization\",\"name\":\"NMC\",\"url\":\"https:\\\/\\\/nmc.sk\\\/en\\\/\",\"logo\":{\"@type\":\"ImageObject\",\"inLanguage\":\"en-US\",\"@id\":\"https:\\\/\\\/nmc.sk\\\/en\\\/#\\\/schema\\\/logo\\\/image\\\/\",\"url\":\"\",\"contentUrl\":\"\",\"caption\":\"NMC\"},\"image\":{\"@id\":\"https:\\\/\\\/nmc.sk\\\/en\\\/#\\\/schema\\\/logo\\\/image\\\/\"}}]}<\/script>\n<!-- \/ Yoast SEO plugin. -->","yoast_head_json":{"title":"EM2024-Schreyer-Christian - NMC","robots":{"index":"index","follow":"follow","max-snippet":"max-snippet:-1","max-image-preview":"max-image-preview:large","max-video-preview":"max-video-preview:-1"},"canonical":"https:\/\/nmc.sk\/en\/em2024-schreyer-christian\/","og_locale":"en_US","og_type":"article","og_title":"EM2024-Schreyer-Christian - NMC","og_description":"[vc_row full_width=&#8221;stretch_row&#8221; content_placement=&#8221;bottom&#8221; parallax=&#8221;content-moving&#8221; remove_padding=&#8221;no-padding-vc-row&#8221; bg_type=&#8221;grad&#8221; bg_grad=&#8221;background: -webkit-gradient(linear, left top, left bottom, color-stop(0%, #08060B), color-stop(0%, #F8E45F), color-stop(43%, #D76B07), color-stop(74%, #705B3C), color-stop(100%, #107A78));background: -moz-linear-gradient(top,#08060B 0%,#F8E45F 0%,#D76B07 43%,#705B3C 74%,#107A78 100%);background: -webkit-linear-gradient(top,#08060B 0%,#F8E45F 0%,#D76B07 43%,#705B3C 74%,#107A78 100%);background: -o-linear-gradient(top,#08060B 0%,#F8E45F 0%,#D76B07 43%,#705B3C 74%,#107A78 100%);background:...","og_url":"https:\/\/nmc.sk\/en\/em2024-schreyer-christian\/","og_site_name":"NMC","article_modified_time":"2024-05-23T08:44:14+00:00","twitter_card":"summary_large_image","twitter_misc":{"Est. reading time":"6 minutes"},"schema":{"@context":"https:\/\/schema.org","@graph":[{"@type":"WebPage","@id":"https:\/\/nmc.sk\/en\/em2024-schreyer-christian\/","url":"https:\/\/nmc.sk\/en\/em2024-schreyer-christian\/","name":"EM2024-Schreyer-Christian - NMC","isPartOf":{"@id":"https:\/\/nmc.sk\/en\/#website"},"datePublished":"2024-05-23T08:21:39+00:00","dateModified":"2024-05-23T08:44:14+00:00","breadcrumb":{"@id":"https:\/\/nmc.sk\/en\/em2024-schreyer-christian\/#breadcrumb"},"inLanguage":"en-US","potentialAction":[{"@type":"ReadAction","target":["https:\/\/nmc.sk\/en\/em2024-schreyer-christian\/"]}]},{"@type":"BreadcrumbList","@id":"https:\/\/nmc.sk\/en\/em2024-schreyer-christian\/#breadcrumb","itemListElement":[{"@type":"ListItem","position":1,"name":"Home","item":"https:\/\/nmc.sk\/en\/"},{"@type":"ListItem","position":2,"name":"EM2024-Schreyer-Christian"}]},{"@type":"WebSite","@id":"https:\/\/nmc.sk\/en\/#website","url":"https:\/\/nmc.sk\/en\/","name":"NMC","description":"","publisher":{"@id":"https:\/\/nmc.sk\/en\/#organization"},"potentialAction":[{"@type":"SearchAction","target":{"@type":"EntryPoint","urlTemplate":"https:\/\/nmc.sk\/en\/?s={search_term_string}"},"query-input":{"@type":"PropertyValueSpecification","valueRequired":true,"valueName":"search_term_string"}}],"inLanguage":"en-US"},{"@type":"Organization","@id":"https:\/\/nmc.sk\/en\/#organization","name":"NMC","url":"https:\/\/nmc.sk\/en\/","logo":{"@type":"ImageObject","inLanguage":"en-US","@id":"https:\/\/nmc.sk\/en\/#\/schema\/logo\/image\/","url":"","contentUrl":"","caption":"NMC"},"image":{"@id":"https:\/\/nmc.sk\/en\/#\/schema\/logo\/image\/"}}]}},"_links":{"self":[{"href":"https:\/\/nmc.sk\/en\/wp-json\/wp\/v2\/pages\/5300","targetHints":{"allow":["GET"]}}],"collection":[{"href":"https:\/\/nmc.sk\/en\/wp-json\/wp\/v2\/pages"}],"about":[{"href":"https:\/\/nmc.sk\/en\/wp-json\/wp\/v2\/types\/page"}],"author":[{"embeddable":true,"href":"https:\/\/nmc.sk\/en\/wp-json\/wp\/v2\/users\/3"}],"replies":[{"embeddable":true,"href":"https:\/\/nmc.sk\/en\/wp-json\/wp\/v2\/comments?post=5300"}],"version-history":[{"count":2,"href":"https:\/\/nmc.sk\/en\/wp-json\/wp\/v2\/pages\/5300\/revisions"}],"predecessor-version":[{"id":5302,"href":"https:\/\/nmc.sk\/en\/wp-json\/wp\/v2\/pages\/5300\/revisions\/5302"}],"wp:attachment":[{"href":"https:\/\/nmc.sk\/en\/wp-json\/wp\/v2\/media?parent=5300"}],"curies":[{"name":"wp","href":"https:\/\/api.w.org\/{rel}","templated":true}]}}